{"id":697235,"date":"2025-08-27T14:38:48","date_gmt":"2025-08-27T11:38:48","guid":{"rendered":"https:\/\/roveyayinevi.com.tr\/index.php\/urun\/sipa\/"},"modified":"2026-04-08T02:09:21","modified_gmt":"2026-04-07T23:09:21","slug":"sipa","status":"publish","type":"product","link":"https:\/\/roveyayinevi.com.tr\/index.php\/urun\/sipa\/","title":{"rendered":"S\u0131pa"},"content":{"rendered":"<p>S\u0131pa , Muzaffer \u0130zg\u00fc\u2019n\u00fcn g\u00fclmece kitaplar\u0131n\u0131n 28\u2019incisi&#8230; K\u00fc\u00e7\u00fck ya\u015flarda yetimhaneye b\u0131rak\u0131lm\u0131\u015f, anne-baba sevgisinden uzak, \u00e7evresi ve toplum taraf\u0131ndan pi\u00e7 damgas\u0131n\u0131 yemi\u015f birinin; ad\u0131n\u0131 bile S\u0131pa olarak kabullenmesini anlat\u0131yor. \u0130zg\u00fc, bu roman\u0131nda, her zamanki gibi hem g\u00fcld\u00fcr\u00fcyor, hem de toplumsal bir yaraya ne\u015fter vuruyor. Okuyun g\u00f6receksiniz. <\/p>\n","protected":false},"excerpt":{"rendered":"<p>S\u0131pa , Muzaffer \u0130zg\u00fc\u2019n\u00fcn g\u00fclmece kitaplar\u0131n\u0131n 28\u2019incisi&#8230; K\u00fc\u00e7\u00fck ya\u015flarda yetimhaneye b\u0131rak\u0131lm\u0131\u015f, anne-baba sevgisinden uzak, \u00e7evresi ve toplum taraf\u0131ndan pi\u00e7 damgas\u0131n\u0131 yemi\u015f birinin; ad\u0131n\u0131 bile S\u0131pa olarak<span class=\"excerpt-hellip\"> [\u2026]<\/span><\/p>\n","protected":false},"featured_media":0,"template":"","meta":{"_monsterinsights_skip_tracking":false,"_monsterinsights_sitenote_active":false,"_monsterinsights_sitenote_note":"","_monsterinsights_sitenote_category":0},"product_brand":[],"product_cat":[12477,12364],"product_tag":[],"class_list":{"0":"post-697235","1":"product","2":"type-product","3":"status-publish","5":"product_cat-eglence-mizah","6":"product_cat-genel-konular","7":"pa_tur-kitap","8":"pa_yayinevi-bilgi-yayinevi","9":"pa_yazar-muzaffer-izgu","11":"first","12":"instock","13":"sale","14":"shipping-taxable","15":"purchasable","16":"product-type-simple"},"_links":{"self":[{"href":"https:\/\/roveyayinevi.com.tr\/index.php\/wp-json\/wp\/v2\/product\/697235","targetHints":{"allow":["GET"]}}],"collection":[{"href":"https:\/\/roveyayinevi.com.tr\/index.php\/wp-json\/wp\/v2\/product"}],"about":[{"href":"https:\/\/roveyayinevi.com.tr\/index.php\/wp-json\/wp\/v2\/types\/product"}],"wp:attachment":[{"href":"https:\/\/roveyayinevi.com.tr\/index.php\/wp-json\/wp\/v2\/media?parent=697235"}],"wp:term":[{"taxonomy":"product_brand","embeddable":true,"href":"https:\/\/roveyayinevi.com.tr\/index.php\/wp-json\/wp\/v2\/product_brand?post=697235"},{"taxonomy":"product_cat","embeddable":true,"href":"https:\/\/roveyayinevi.com.tr\/index.php\/wp-json\/wp\/v2\/product_cat?post=697235"},{"taxonomy":"product_tag","embeddable":true,"href":"https:\/\/roveyayinevi.com.tr\/index.php\/wp-json\/wp\/v2\/product_tag?post=697235"}],"curies":[{"name":"wp","href":"https:\/\/api.w.org\/{rel}","templated":true}]}}