{"id":697231,"date":"2025-08-27T14:38:47","date_gmt":"2025-08-27T11:38:47","guid":{"rendered":"https:\/\/roveyayinevi.com.tr\/index.php\/urun\/caglayangilin-anilari-kader-bizi-una-degil-une-itti\/"},"modified":"2026-04-16T02:06:55","modified_gmt":"2026-04-15T23:06:55","slug":"caglayangilin-anilari-kader-bizi-una-degil-une-itti","status":"publish","type":"product","link":"https:\/\/roveyayinevi.com.tr\/index.php\/urun\/caglayangilin-anilari-kader-bizi-una-degil-une-itti\/","title":{"rendered":"\u00c7a\u011flayangil\u2019in An\u0131lar\u0131 Kader Bizi Una De\u011fil, \u00dcne \u0130tti"},"content":{"rendered":"<p>\u00c7a\u011flayangil\u2019in an\u0131lar\u0131, Atat\u00fcrk\u2019ten \u0130n\u00f6n\u00fc\u2019ye, Demirel\u2019den Celal Bayar\u2019a, Menderes\u2019ten \u00d6zal\u2019a uzan\u0131yor; d\u00fcnya y\u00f6netimini \u00fcstlenmi\u015f t\u00fcm \u00fclkelerin \u00e7a\u011fda\u015f\u0131 \u00fcnl\u00fclerine veriyor. <\/p>\n","protected":false},"excerpt":{"rendered":"<p>\u00c7a\u011flayangil\u2019in an\u0131lar\u0131, Atat\u00fcrk\u2019ten \u0130n\u00f6n\u00fc\u2019ye, Demirel\u2019den Celal Bayar\u2019a, Menderes\u2019ten \u00d6zal\u2019a uzan\u0131yor; d\u00fcnya y\u00f6netimini \u00fcstlenmi\u015f t\u00fcm \u00fclkelerin \u00e7a\u011fda\u015f\u0131 \u00fcnl\u00fclerine veriyor.<\/p>\n","protected":false},"featured_media":0,"template":"","meta":{"_monsterinsights_skip_tracking":false,"_monsterinsights_sitenote_active":false,"_monsterinsights_sitenote_note":"","_monsterinsights_sitenote_category":0},"product_brand":[],"product_cat":[12312,12304],"product_tag":[],"class_list":{"0":"post-697231","1":"product","2":"type-product","3":"status-publish","5":"product_cat-diger","6":"product_cat-tarih","7":"pa_tur-kitap","8":"pa_yayinevi-bilgi-yayinevi","9":"pa_yazar-tanju-cilizoglu","11":"first","12":"instock","13":"sale","14":"shipping-taxable","15":"purchasable","16":"product-type-simple"},"_links":{"self":[{"href":"https:\/\/roveyayinevi.com.tr\/index.php\/wp-json\/wp\/v2\/product\/697231","targetHints":{"allow":["GET"]}}],"collection":[{"href":"https:\/\/roveyayinevi.com.tr\/index.php\/wp-json\/wp\/v2\/product"}],"about":[{"href":"https:\/\/roveyayinevi.com.tr\/index.php\/wp-json\/wp\/v2\/types\/product"}],"wp:attachment":[{"href":"https:\/\/roveyayinevi.com.tr\/index.php\/wp-json\/wp\/v2\/media?parent=697231"}],"wp:term":[{"taxonomy":"product_brand","embeddable":true,"href":"https:\/\/roveyayinevi.com.tr\/index.php\/wp-json\/wp\/v2\/product_brand?post=697231"},{"taxonomy":"product_cat","embeddable":true,"href":"https:\/\/roveyayinevi.com.tr\/index.php\/wp-json\/wp\/v2\/product_cat?post=697231"},{"taxonomy":"product_tag","embeddable":true,"href":"https:\/\/roveyayinevi.com.tr\/index.php\/wp-json\/wp\/v2\/product_tag?post=697231"}],"curies":[{"name":"wp","href":"https:\/\/api.w.org\/{rel}","templated":true}]}}