{"id":697230,"date":"2025-08-27T14:38:47","date_gmt":"2025-08-27T11:38:47","guid":{"rendered":"https:\/\/roveyayinevi.com.tr\/index.php\/urun\/milli-kahraman-matador-mahmut\/"},"modified":"2026-04-16T02:06:55","modified_gmt":"2026-04-15T23:06:55","slug":"milli-kahraman-matador-mahmut","status":"publish","type":"product","link":"https:\/\/roveyayinevi.com.tr\/index.php\/urun\/milli-kahraman-matador-mahmut\/","title":{"rendered":"Milli Kahraman Matador Mahmut"},"content":{"rendered":"<p>Kitaplar\u0131yla milyonlarca okura ula\u015fan, ad\u0131 edebiyat ve sinema \u00f6d\u00fclleriyle an\u0131lan ve \u00fclkemizin en \u00e7ok okunan yazar\u0131 Muzaffer \u0130zg\u00fc, \u00f6yk\u00fcde g\u00fclmeyi her zaman canl\u0131 tutmay\u0131 ba\u015far\u0131yor. Toplumsal\u0131n bireye yans\u0131yan, \u00e7o\u011fu zaman olumsuz izd\u00fc\u015f\u00fcmlerini edebiyata bilin\u00e7li ve usta kalemiyle aktar\u0131yor. <\/p>\n","protected":false},"excerpt":{"rendered":"<p>Kitaplar\u0131yla milyonlarca okura ula\u015fan, ad\u0131 edebiyat ve sinema \u00f6d\u00fclleriyle an\u0131lan ve \u00fclkemizin en \u00e7ok okunan yazar\u0131 Muzaffer \u0130zg\u00fc, \u00f6yk\u00fcde g\u00fclmeyi her zaman canl\u0131 tutmay\u0131 ba\u015far\u0131yor. Toplumsal\u0131n<span class=\"excerpt-hellip\"> [\u2026]<\/span><\/p>\n","protected":false},"featured_media":0,"template":"","meta":{"_monsterinsights_skip_tracking":false,"_monsterinsights_sitenote_active":false,"_monsterinsights_sitenote_note":"","_monsterinsights_sitenote_category":0},"product_brand":[],"product_cat":[12477,12364],"product_tag":[],"class_list":{"0":"post-697230","1":"product","2":"type-product","3":"status-publish","5":"product_cat-eglence-mizah","6":"product_cat-genel-konular","7":"pa_tur-kitap","8":"pa_yayinevi-bilgi-yayinevi","9":"pa_yazar-muzaffer-izgu","11":"first","12":"instock","13":"sale","14":"shipping-taxable","15":"purchasable","16":"product-type-simple"},"_links":{"self":[{"href":"https:\/\/roveyayinevi.com.tr\/index.php\/wp-json\/wp\/v2\/product\/697230","targetHints":{"allow":["GET"]}}],"collection":[{"href":"https:\/\/roveyayinevi.com.tr\/index.php\/wp-json\/wp\/v2\/product"}],"about":[{"href":"https:\/\/roveyayinevi.com.tr\/index.php\/wp-json\/wp\/v2\/types\/product"}],"wp:attachment":[{"href":"https:\/\/roveyayinevi.com.tr\/index.php\/wp-json\/wp\/v2\/media?parent=697230"}],"wp:term":[{"taxonomy":"product_brand","embeddable":true,"href":"https:\/\/roveyayinevi.com.tr\/index.php\/wp-json\/wp\/v2\/product_brand?post=697230"},{"taxonomy":"product_cat","embeddable":true,"href":"https:\/\/roveyayinevi.com.tr\/index.php\/wp-json\/wp\/v2\/product_cat?post=697230"},{"taxonomy":"product_tag","embeddable":true,"href":"https:\/\/roveyayinevi.com.tr\/index.php\/wp-json\/wp\/v2\/product_tag?post=697230"}],"curies":[{"name":"wp","href":"https:\/\/api.w.org\/{rel}","templated":true}]}}