{"id":697218,"date":"2025-08-27T14:38:43","date_gmt":"2025-08-27T11:38:43","guid":{"rendered":"https:\/\/roveyayinevi.com.tr\/index.php\/urun\/dolunay-dedektifleri-mumya-dukkani\/"},"modified":"2026-04-16T02:06:54","modified_gmt":"2026-04-15T23:06:54","slug":"dolunay-dedektifleri-mumya-dukkani","status":"publish","type":"product","link":"https:\/\/roveyayinevi.com.tr\/index.php\/urun\/dolunay-dedektifleri-mumya-dukkani\/","title":{"rendered":"Dolunay Dedektifleri &#8211; Mumya D\u00fckkan\u0131"},"content":{"rendered":"<p>Onlar, be\u015f kafadar arkada\u015f. Heyecanl\u0131, enerjik, ak\u0131ll\u0131 ve merakl\u0131. Dolunay onlar\u0131n ya\u015fam\u0131na, ola\u011fan\u00fcst\u00fc bir ser\u00fcvenle girdi. Birbiri pe\u015fis\u0131ra \u00f6yle gizemli olaylar\u0131 \u00e7\u00f6zd\u00fcler ki \u015fimdi d\u00fcnyan\u0131n \u00fcnl\u00fc dedektifleri \u015fa\u015fk\u0131nl\u0131k i\u00e7inde onlar\u0131 izliyor. \u0130lk iki kitab\u0131 ile \u00e7ocuklar\u0131 gizemli maceralara s\u00fcr\u00fckleyen dedektiflik dizisinin \u00fc\u00e7\u00fcnc\u00fc kitab\u0131. Birce, Ece, O\u011fuz, Bilgecan ve Ada yeni bir maceraya do\u011fru yola \u00e7\u0131k\u0131yorlar. Bu kez gizemli ve b\u00fcy\u00fcleyici bir kent olan Mardin&#8217;de, hi\u00e7 tan\u0131mad\u0131klar\u0131 Bedo Day\u0131&#8217;y\u0131 ar\u0131yorlar yine pek \u00e7ok yan\u0131ts\u0131z soruyu yan\u0131tlamaya \u00e7al\u0131\u015farak. Peki, tarihin saklad\u0131\u011f\u0131 b\u00fct\u00fcn s\u0131rlar \u00e7\u00f6z\u00fclmeli mi ger\u00e7ekten?<\/p>\n","protected":false},"excerpt":{"rendered":"<p>Onlar, be\u015f kafadar arkada\u015f. Heyecanl\u0131, enerjik, ak\u0131ll\u0131 ve merakl\u0131. Dolunay onlar\u0131n ya\u015fam\u0131na, ola\u011fan\u00fcst\u00fc bir ser\u00fcvenle girdi. Birbiri pe\u015fis\u0131ra \u00f6yle gizemli olaylar\u0131 \u00e7\u00f6zd\u00fcler ki \u015fimdi d\u00fcnyan\u0131n \u00fcnl\u00fc<span class=\"excerpt-hellip\"> [\u2026]<\/span><\/p>\n","protected":false},"featured_media":0,"template":"","meta":{"_monsterinsights_skip_tracking":false,"_monsterinsights_sitenote_active":false,"_monsterinsights_sitenote_note":"","_monsterinsights_sitenote_category":0},"product_brand":[],"product_cat":[12274,12284],"product_tag":[],"class_list":{"0":"post-697218","1":"product","2":"type-product","3":"status-publish","5":"product_cat-cocuk-ve-genclik-kitaplari","6":"product_cat-hikayeler","7":"pa_cilt-ciltsiz","8":"pa_tur-kitap","9":"pa_yayinevi-bilgi-yayinevi-cocuk","10":"pa_yazar-mavisel-yener","12":"first","13":"instock","14":"sale","15":"shipping-taxable","16":"purchasable","17":"product-type-simple"},"_links":{"self":[{"href":"https:\/\/roveyayinevi.com.tr\/index.php\/wp-json\/wp\/v2\/product\/697218","targetHints":{"allow":["GET"]}}],"collection":[{"href":"https:\/\/roveyayinevi.com.tr\/index.php\/wp-json\/wp\/v2\/product"}],"about":[{"href":"https:\/\/roveyayinevi.com.tr\/index.php\/wp-json\/wp\/v2\/types\/product"}],"wp:attachment":[{"href":"https:\/\/roveyayinevi.com.tr\/index.php\/wp-json\/wp\/v2\/media?parent=697218"}],"wp:term":[{"taxonomy":"product_brand","embeddable":true,"href":"https:\/\/roveyayinevi.com.tr\/index.php\/wp-json\/wp\/v2\/product_brand?post=697218"},{"taxonomy":"product_cat","embeddable":true,"href":"https:\/\/roveyayinevi.com.tr\/index.php\/wp-json\/wp\/v2\/product_cat?post=697218"},{"taxonomy":"product_tag","embeddable":true,"href":"https:\/\/roveyayinevi.com.tr\/index.php\/wp-json\/wp\/v2\/product_tag?post=697218"}],"curies":[{"name":"wp","href":"https:\/\/api.w.org\/{rel}","templated":true}]}}