{"id":697210,"date":"2025-08-27T14:38:41","date_gmt":"2025-08-27T11:38:41","guid":{"rendered":"https:\/\/roveyayinevi.com.tr\/index.php\/urun\/pembe-koskten-masallar\/"},"modified":"2026-04-16T02:06:54","modified_gmt":"2026-04-15T23:06:54","slug":"pembe-koskten-masallar","status":"publish","type":"product","link":"https:\/\/roveyayinevi.com.tr\/index.php\/urun\/pembe-koskten-masallar\/","title":{"rendered":"Pembe K\u00f6\u015fk\u2019ten Masallar"},"content":{"rendered":"<p>\u00c7ocuklu\u011fu masallardakine benzeyen bir evde ge\u00e7ti: Y\u00fcksek tavanlar, g\u0131c\u0131rdayan ah\u015fap kap\u0131lar, a\u011f\u0131r kadife perdeler, renkli \u0131\u015f\u0131lt\u0131lar sa\u00e7an kristal avizeler, kocaman g\u00fcm\u00fc\u015f \u015famdanlar, aynal\u0131 b\u00fcfeler, uzun mermer koridorlar&#8230; Evi dolduran ki\u015filer de masal kahramanlar\u0131n\u0131 aratm\u0131yorlard\u0131: Meydan sava\u015flar\u0131 kazanm\u0131\u015f komutanlar, devlet kurmu\u015f b\u00fcy\u00fckler, uluslararas\u0131 antla\u015fmalara imza atm\u0131\u015f diplomatlar, balolarda uzun tuvaletleri ile danslar eden g\u00fczel han\u0131mlar&#8230; \u0130smet \u0130n\u00f6n\u00fc\u2019n\u00fcn torunu olan ve Pembe K\u00f6\u015fk\u2019te b\u00fcy\u00fcyen G\u00fcls\u00fcn Bilgehan bu g\u00fczel insanlar\u0131n ger\u00e7ek hik\u00e2yelerini ve onlardan dinledi\u011fi masallar\u0131 \u00e7ocuklar i\u00e7in kaleme ald\u0131. Ders ya da \u00f6\u011f\u00fct vermek i\u00e7in de\u011fil, sadece \u00e7ocuklar\u0131 ola\u011fan\u00fcst\u00fc yolculuklara \u00e7\u0131karmay\u0131 hedefleyen masallar&#8230; Pembe K\u00f6\u015fk&#8217;\u00fcn i\u00e7inde ya\u015fanan hayat\u0131n s\u0131cak ger\u00e7ekleriyle ejderhalar\u0131n, peri k\u0131zlar\u0131n\u0131n, u\u00e7an hal\u0131lar\u0131n, konu\u015fan hayvanlar\u0131n bulundu\u011fu masal evreninin i\u00e7 i\u00e7e ge\u00e7ti\u011fi, sonunda \u0130n\u00f6n\u00fc Vakf\u0131 Ar\u015fivi\u2019nden se\u00e7ilmi\u015f foto\u011fraflar\u0131n da yer ald\u0131\u011f\u0131 \u00f6zel bir kitap. Bu kitab\u0131 okurken bir yandan Pembe K\u00f6\u015fk&#8217;\u00fcn havas\u0131n\u0131 solurken bir yandan o y\u0131llarda anlat\u0131lan, hat\u0131ras\u0131 olan masallar\u0131n d\u00fcnyas\u0131n\u0131 ya\u015fayacaks\u0131n\u0131z.<\/p>\n","protected":false},"excerpt":{"rendered":"<p>\u00c7ocuklu\u011fu masallardakine benzeyen bir evde ge\u00e7ti: Y\u00fcksek tavanlar, g\u0131c\u0131rdayan ah\u015fap kap\u0131lar, a\u011f\u0131r kadife perdeler, renkli \u0131\u015f\u0131lt\u0131lar sa\u00e7an kristal avizeler, kocaman g\u00fcm\u00fc\u015f \u015famdanlar, aynal\u0131 b\u00fcfeler, uzun mermer<span class=\"excerpt-hellip\"> [\u2026]<\/span><\/p>\n","protected":false},"featured_media":0,"template":"","meta":{"_monsterinsights_skip_tracking":false,"_monsterinsights_sitenote_active":false,"_monsterinsights_sitenote_note":"","_monsterinsights_sitenote_category":0},"product_brand":[],"product_cat":[12274,15842],"product_tag":[],"class_list":{"0":"post-697210","1":"product","2":"type-product","3":"status-publish","5":"product_cat-cocuk-ve-genclik-kitaplari","6":"product_cat-egitici-kitaplar","7":"pa_cilt-ciltsiz","8":"pa_tur-kitap","9":"pa_yayinevi-bilgi-yayinevi","10":"pa_yazar-gulsun-bilgehan","12":"first","13":"instock","14":"sale","15":"shipping-taxable","16":"purchasable","17":"product-type-simple"},"_links":{"self":[{"href":"https:\/\/roveyayinevi.com.tr\/index.php\/wp-json\/wp\/v2\/product\/697210","targetHints":{"allow":["GET"]}}],"collection":[{"href":"https:\/\/roveyayinevi.com.tr\/index.php\/wp-json\/wp\/v2\/product"}],"about":[{"href":"https:\/\/roveyayinevi.com.tr\/index.php\/wp-json\/wp\/v2\/types\/product"}],"wp:attachment":[{"href":"https:\/\/roveyayinevi.com.tr\/index.php\/wp-json\/wp\/v2\/media?parent=697210"}],"wp:term":[{"taxonomy":"product_brand","embeddable":true,"href":"https:\/\/roveyayinevi.com.tr\/index.php\/wp-json\/wp\/v2\/product_brand?post=697210"},{"taxonomy":"product_cat","embeddable":true,"href":"https:\/\/roveyayinevi.com.tr\/index.php\/wp-json\/wp\/v2\/product_cat?post=697210"},{"taxonomy":"product_tag","embeddable":true,"href":"https:\/\/roveyayinevi.com.tr\/index.php\/wp-json\/wp\/v2\/product_tag?post=697210"}],"curies":[{"name":"wp","href":"https:\/\/api.w.org\/{rel}","templated":true}]}}