{"id":697208,"date":"2025-08-27T14:38:41","date_gmt":"2025-08-27T11:38:41","guid":{"rendered":"https:\/\/roveyayinevi.com.tr\/index.php\/urun\/halikarnas-balikcisi-sonsuzluk-sessiz-buyur-butun-eserleri-13\/"},"modified":"2026-04-16T02:06:54","modified_gmt":"2026-04-15T23:06:54","slug":"halikarnas-balikcisi-sonsuzluk-sessiz-buyur-butun-eserleri-13","status":"publish","type":"product","link":"https:\/\/roveyayinevi.com.tr\/index.php\/urun\/halikarnas-balikcisi-sonsuzluk-sessiz-buyur-butun-eserleri-13\/","title":{"rendered":"Halikarnas Bal\u0131k\u00e7\u0131s\u0131 &#8211; Sonsuzluk Sessiz B\u00fcy\u00fcr B\u00fct\u00fcn Eserleri 13"},"content":{"rendered":"<p>Sonsuzluk Sessiz B\u00fcy\u00fcr de, Anadolu tarihinin, \u00e7o\u011fu ki\u015finin bilmedi\u011fi ilgin\u00e7 ve gizemli ger\u00e7eklerini, bir anlat\u0131n\u0131n, bir s\u00f6yle\u015finin \u00e7ok \u00f6tesinde, ad\u0131m ad\u0131m projekt\u00f6rle tarayan Bal\u0131k\u00e7\u0131, okura tarihsel bir yolculu\u011fun heyecanl\u0131 ser\u00fcvenlerini tatt\u0131r\u0131yor. Antik ya\u015fam bi\u00e7imleri, eski \u015f\u00f6lenler, dinsel t\u00f6renler, t\u0131pk\u0131 bir film gibi bilin\u00e7te canlan\u0131rken, sanattan politikaya, garip inan\u00e7lardan sava\u015flara de\u011fin uzanan yo\u011fun ve h\u0131zl\u0131 Anadolu destanlar\u0131, tarihi y\u00f6nlendiren birincil nitelikleriyli adeta yeniden olu\u015fagelmektedir. Kitapta ayr\u0131ca, Bal\u0131k\u00e7\u0131&#8217;n\u0131n B\u00fcy\u00fck Kukuriko adl\u0131 ilgin\u00e7 ve de\u011fi\u015fik bir denemesi de yer almaktad\u0131r. Bu yap\u0131s\u0131yla, g\u00fcc\u00fc ve \u00f6nemi alabildi\u011fine peki\u015fmi\u015f bir yap\u0131tt\u0131r SONSUZLUK SESS\u0130Z B\u00dcY\u00dcR. <\/p>\n","protected":false},"excerpt":{"rendered":"<p>Sonsuzluk Sessiz B\u00fcy\u00fcr de, Anadolu tarihinin, \u00e7o\u011fu ki\u015finin bilmedi\u011fi ilgin\u00e7 ve gizemli ger\u00e7eklerini, bir anlat\u0131n\u0131n, bir s\u00f6yle\u015finin \u00e7ok \u00f6tesinde, ad\u0131m ad\u0131m projekt\u00f6rle tarayan Bal\u0131k\u00e7\u0131, okura tarihsel<span class=\"excerpt-hellip\"> [\u2026]<\/span><\/p>\n","protected":false},"featured_media":0,"template":"","meta":{"_monsterinsights_skip_tracking":false,"_monsterinsights_sitenote_active":false,"_monsterinsights_sitenote_note":"","_monsterinsights_sitenote_category":0},"product_brand":[],"product_cat":[12291,12711],"product_tag":[],"class_list":{"0":"post-697208","1":"product","2":"type-product","3":"status-publish","5":"product_cat-edebiyat","6":"product_cat-roman-oyku","7":"pa_cilt-ciltsiz","8":"pa_tur-kitap","9":"pa_yayinevi-bilgi-yayinevi","10":"pa_yazar-cevat-sakir-kabaagacli-halikarnas-balikcisi","12":"first","13":"instock","14":"sale","15":"shipping-taxable","16":"purchasable","17":"product-type-simple"},"_links":{"self":[{"href":"https:\/\/roveyayinevi.com.tr\/index.php\/wp-json\/wp\/v2\/product\/697208","targetHints":{"allow":["GET"]}}],"collection":[{"href":"https:\/\/roveyayinevi.com.tr\/index.php\/wp-json\/wp\/v2\/product"}],"about":[{"href":"https:\/\/roveyayinevi.com.tr\/index.php\/wp-json\/wp\/v2\/types\/product"}],"wp:attachment":[{"href":"https:\/\/roveyayinevi.com.tr\/index.php\/wp-json\/wp\/v2\/media?parent=697208"}],"wp:term":[{"taxonomy":"product_brand","embeddable":true,"href":"https:\/\/roveyayinevi.com.tr\/index.php\/wp-json\/wp\/v2\/product_brand?post=697208"},{"taxonomy":"product_cat","embeddable":true,"href":"https:\/\/roveyayinevi.com.tr\/index.php\/wp-json\/wp\/v2\/product_cat?post=697208"},{"taxonomy":"product_tag","embeddable":true,"href":"https:\/\/roveyayinevi.com.tr\/index.php\/wp-json\/wp\/v2\/product_tag?post=697208"}],"curies":[{"name":"wp","href":"https:\/\/api.w.org\/{rel}","templated":true}]}}