{"id":697201,"date":"2025-08-27T14:38:39","date_gmt":"2025-08-27T11:38:39","guid":{"rendered":"https:\/\/roveyayinevi.com.tr\/index.php\/urun\/ruzgarin-on-iki-kosesi\/"},"modified":"2026-04-16T02:06:54","modified_gmt":"2026-04-15T23:06:54","slug":"ruzgarin-on-iki-kosesi","status":"publish","type":"product","link":"https:\/\/roveyayinevi.com.tr\/index.php\/urun\/ruzgarin-on-iki-kosesi\/","title":{"rendered":"R\u00fczgar\u0131n On \u0130ki K\u00f6\u015fesi"},"content":{"rendered":"<p>R\u00fczgar\u0131n Oniki K\u00f6\u015fesi nde \u00f6yk\u00fclerini biraraya getiriyor Ursula K. Le Guin. Rastgele bir se\u00e7imle de\u011fil. Bug\u00fcnden geriye do\u011fru bakarak, yazarl\u0131k kariyerinde \u00f6nemli buldu\u011fu ilk d\u00f6nem \u00f6yk\u00fclerinden yapt\u0131\u011f\u0131 bir se\u00e7ki. Ressamlar\u0131n retrospektif dedikleri t\u00fcre giren bir koleksiyon. Gecikmi\u015f ama g\u00f6z\u00fc pek bir \u015fekilde yay\u0131n d\u00fcnyas\u0131na a\u00e7\u0131ld\u0131ktan sonraki on y\u0131ll\u0131k d\u00f6nem i\u00e7inde yazd\u0131\u011f\u0131 k\u0131sa \u00f6yk\u00fcleri ile ilgili kabaca da olsa kronolojik bir et\u00fct. Sanat\u00e7\u0131n\u0131n geli\u015fim s\u00fcrecini izleme olana\u011f\u0131n\u0131n da kitab\u0131n faydalar\u0131 aras\u0131nda yer alabilmesi i\u00e7in \u00f6yk\u00fcler bu koleksiyonda a\u015fa\u011f\u0131 yukar\u0131 yaz\u0131ld\u0131klar\u0131 tarih s\u0131ras\u0131na g\u00f6re dizilmi\u015fler. \ufffcTan\u0131t\u0131m Metni<\/p>\n","protected":false},"excerpt":{"rendered":"<p>R\u00fczgar\u0131n Oniki K\u00f6\u015fesi nde \u00f6yk\u00fclerini biraraya getiriyor Ursula K. Le Guin. Rastgele bir se\u00e7imle de\u011fil. Bug\u00fcnden geriye do\u011fru bakarak, yazarl\u0131k kariyerinde \u00f6nemli buldu\u011fu ilk d\u00f6nem \u00f6yk\u00fclerinden<span class=\"excerpt-hellip\"> [\u2026]<\/span><\/p>\n","protected":false},"featured_media":0,"template":"","meta":{"_monsterinsights_skip_tracking":false,"_monsterinsights_sitenote_active":false,"_monsterinsights_sitenote_note":"","_monsterinsights_sitenote_category":0},"product_brand":[],"product_cat":[12291,14777],"product_tag":[],"class_list":{"0":"post-697201","1":"product","2":"type-product","3":"status-publish","5":"product_cat-edebiyat","6":"product_cat-fantastik","7":"pa_cilt-ciltsiz","8":"pa_tur-kitap","9":"pa_yayinevi-ayrinti-yayinlari","10":"pa_yazar-ursula-k-le-guin","12":"first","13":"instock","14":"sale","15":"shipping-taxable","16":"purchasable","17":"product-type-simple"},"_links":{"self":[{"href":"https:\/\/roveyayinevi.com.tr\/index.php\/wp-json\/wp\/v2\/product\/697201","targetHints":{"allow":["GET"]}}],"collection":[{"href":"https:\/\/roveyayinevi.com.tr\/index.php\/wp-json\/wp\/v2\/product"}],"about":[{"href":"https:\/\/roveyayinevi.com.tr\/index.php\/wp-json\/wp\/v2\/types\/product"}],"wp:attachment":[{"href":"https:\/\/roveyayinevi.com.tr\/index.php\/wp-json\/wp\/v2\/media?parent=697201"}],"wp:term":[{"taxonomy":"product_brand","embeddable":true,"href":"https:\/\/roveyayinevi.com.tr\/index.php\/wp-json\/wp\/v2\/product_brand?post=697201"},{"taxonomy":"product_cat","embeddable":true,"href":"https:\/\/roveyayinevi.com.tr\/index.php\/wp-json\/wp\/v2\/product_cat?post=697201"},{"taxonomy":"product_tag","embeddable":true,"href":"https:\/\/roveyayinevi.com.tr\/index.php\/wp-json\/wp\/v2\/product_tag?post=697201"}],"curies":[{"name":"wp","href":"https:\/\/api.w.org\/{rel}","templated":true}]}}