{"id":697200,"date":"2025-08-27T14:38:38","date_gmt":"2025-08-27T11:38:38","guid":{"rendered":"https:\/\/roveyayinevi.com.tr\/index.php\/urun\/ruzgargulu\/"},"modified":"2026-04-16T02:06:54","modified_gmt":"2026-04-15T23:06:54","slug":"ruzgargulu","status":"publish","type":"product","link":"https:\/\/roveyayinevi.com.tr\/index.php\/urun\/ruzgargulu\/","title":{"rendered":"R\u00fczgarg\u00fcl\u00fc"},"content":{"rendered":"<p>R\u00fczg\u00e2rg\u00fcl\u00fc, Le Guin\u2019in ola\u011fan\u00fcst\u00fc zengin d\u00fcnyas\u0131ndan farkl\u0131 lezzetler sunuyor. Baz\u0131lar\u0131 son derece e\u011flenceli, kat\u0131ks\u0131z fanteziler; baz\u0131lar\u0131 da altan alta ahlaki ve siyasi sorunlar\u0131 tart\u0131\u015fan anti-\u00fctopyalar\u2026 Kolektif delilik, birey olmak, yaln\u0131zl\u0131k, bir arada ya\u015famak, \u00f6zg\u00fcrl\u00fck, yarat\u0131c\u0131l\u0131k, sevgisizlik, sorumluluk, umut gibi devasa konulara de\u011finiliyor bu \u00f6yk\u00fclerde. \u00d6\u011freticilik taslamadan, m\u00fctevaz\u0131 ama yetkin bir \u00fcslupla\u2026 M\u00fcthi\u015f bir hayal g\u00fcc\u00fc, \u00f6zenli bir dil, usta i\u015fi bir kurgu ve net bir siyasal bilin\u00e7 bir araya geliyor \u00f6yk\u00fclerin hepsinde.   G\u00fcl\u00fcn G\u00fcnl\u00fc\u011f\u00fc\u2019n\u00fc sevdiyseniz, R\u00fczg\u00e2rg\u00fcl\u00fc\u2019ne bay\u0131lacaks\u0131n\u0131z. \u00c7\u00fcnk\u00fc bu kitap, G\u00fcl\u00fcn G\u00fcnl\u00fc\u011f\u00fc dahil orada derlenen \u00f6yk\u00fcleri i\u00e7ermekle kalm\u0131yor; eklenen yeni \u00f6yk\u00fclerle, bazen birle\u015fen, bazen birbirinden tamamen farkl\u0131 y\u00f6nlere giden, bazen de hi\u00e7 kesi\u015fmeyen duygulara g\u00fc\u00e7l\u00fc imgelerle belli bir y\u00f6n \u00e7izilmeye \u00e7al\u0131\u015f\u0131l\u0131yor. Ama bu y\u00f6nler \u015fa\u015f\u0131rt\u0131c\u0131. Duygular\u0131n nereye gidece\u011fi ise ku\u015fkulu. Daha do\u011frusu, as\u0131l soru \u015fu: Duygularla savrulup giderken insan ger\u00e7ekten y\u00f6n\u00fcn\u00fc bulabilir mi? <\/p>\n","protected":false},"excerpt":{"rendered":"<p>R\u00fczg\u00e2rg\u00fcl\u00fc, Le Guin\u2019in ola\u011fan\u00fcst\u00fc zengin d\u00fcnyas\u0131ndan farkl\u0131 lezzetler sunuyor. Baz\u0131lar\u0131 son derece e\u011flenceli, kat\u0131ks\u0131z fanteziler; baz\u0131lar\u0131 da altan alta ahlaki ve siyasi sorunlar\u0131 tart\u0131\u015fan anti-\u00fctopyalar\u2026 Kolektif<span class=\"excerpt-hellip\"> [\u2026]<\/span><\/p>\n","protected":false},"featured_media":0,"template":"","meta":{"_monsterinsights_skip_tracking":false,"_monsterinsights_sitenote_active":false,"_monsterinsights_sitenote_note":"","_monsterinsights_sitenote_category":0},"product_brand":[],"product_cat":[12540,12291],"product_tag":[],"class_list":{"0":"post-697200","1":"product","2":"type-product","3":"status-publish","5":"product_cat-bilim-kurgu","6":"product_cat-edebiyat","7":"pa_cilt-ciltsiz","8":"pa_tur-kitap","9":"pa_yayinevi-ayrinti-yayinlari","10":"pa_yazar-ursula-k-le-guin","12":"first","13":"instock","14":"sale","15":"shipping-taxable","16":"purchasable","17":"product-type-simple"},"_links":{"self":[{"href":"https:\/\/roveyayinevi.com.tr\/index.php\/wp-json\/wp\/v2\/product\/697200","targetHints":{"allow":["GET"]}}],"collection":[{"href":"https:\/\/roveyayinevi.com.tr\/index.php\/wp-json\/wp\/v2\/product"}],"about":[{"href":"https:\/\/roveyayinevi.com.tr\/index.php\/wp-json\/wp\/v2\/types\/product"}],"wp:attachment":[{"href":"https:\/\/roveyayinevi.com.tr\/index.php\/wp-json\/wp\/v2\/media?parent=697200"}],"wp:term":[{"taxonomy":"product_brand","embeddable":true,"href":"https:\/\/roveyayinevi.com.tr\/index.php\/wp-json\/wp\/v2\/product_brand?post=697200"},{"taxonomy":"product_cat","embeddable":true,"href":"https:\/\/roveyayinevi.com.tr\/index.php\/wp-json\/wp\/v2\/product_cat?post=697200"},{"taxonomy":"product_tag","embeddable":true,"href":"https:\/\/roveyayinevi.com.tr\/index.php\/wp-json\/wp\/v2\/product_tag?post=697200"}],"curies":[{"name":"wp","href":"https:\/\/api.w.org\/{rel}","templated":true}]}}