{"id":697193,"date":"2025-08-27T14:38:37","date_gmt":"2025-08-27T11:38:37","guid":{"rendered":"https:\/\/roveyayinevi.com.tr\/index.php\/urun\/okul-oncesinde-deger-egitimi\/"},"modified":"2026-04-16T02:06:54","modified_gmt":"2026-04-15T23:06:54","slug":"okul-oncesinde-deger-egitimi","status":"publish","type":"product","link":"https:\/\/roveyayinevi.com.tr\/index.php\/urun\/okul-oncesinde-deger-egitimi\/","title":{"rendered":"Okul \u00d6ncesinde De\u011fer E\u011fitimi"},"content":{"rendered":"<p>Bu kitab\u0131, \u00e7ocuklarda etik (ahlaki) de\u011ferleri geli\u015ftirmek isteyen \u00f6\u011fretmenlere ve anne-babalara yard\u0131mc\u0131 olma d\u00fc\u015f\u00fcncesiyle haz\u0131rlad\u0131k. \u00a7  Do\u011fru se\u00e7im yapabilme \u00a7  D\u00fcr\u00fcstl\u00fck \u00a7  Sevgi \u00a7  Sayg\u0131 \u00a7  Cesaret \u00a7  \u0130yilik \u00a7  Sorumluluk \u00a7  Adalet (Hak\u00e7a davranmak) \u00a7  Arkada\u015fl\u0131k \u00a7  Bar\u0131\u015f\u0131kl\u0131k (Huzur) \u00c7ocuklar\u0131n, \u201cetik kurallar\u201d da diyebilece\u011fimiz bu de\u011ferleri deneme-yan\u0131lma y\u00f6ntemiyle \u00f6\u011frenmeleri yerine erken ya\u015fta benimsemelerini ama\u00e7layan bu \u00e7al\u0131\u015fmada, de\u011ferler, \u00fcniteler halinde ele al\u0131narak oyunlarla, etkinliklerle, masal, \u00f6yk\u00fc, \u015fiir, \u015fark\u0131 ve drama senaryolar\u0131yla desteklenmi\u015ftir. <\/p>\n","protected":false},"excerpt":{"rendered":"<p>Bu kitab\u0131, \u00e7ocuklarda etik (ahlaki) de\u011ferleri geli\u015ftirmek isteyen \u00f6\u011fretmenlere ve anne-babalara yard\u0131mc\u0131 olma d\u00fc\u015f\u00fcncesiyle haz\u0131rlad\u0131k. \u00a7 Do\u011fru se\u00e7im yapabilme \u00a7 D\u00fcr\u00fcstl\u00fck \u00a7 Sevgi \u00a7 Sayg\u0131 \u00a7<span class=\"excerpt-hellip\"> [\u2026]<\/span><\/p>\n","protected":false},"featured_media":0,"template":"","meta":{"_monsterinsights_skip_tracking":false,"_monsterinsights_sitenote_active":false,"_monsterinsights_sitenote_note":"","_monsterinsights_sitenote_category":0},"product_brand":[],"product_cat":[12831,12324],"product_tag":[],"class_list":{"0":"post-697193","1":"product","2":"type-product","3":"status-publish","5":"product_cat-aile-ve-cocuk","6":"product_cat-sosyoloji","7":"pa_cilt-ciltsiz","8":"pa_tur-kitap","9":"pa_yayinevi-bilgi-yayinevi","10":"pa_yazar-gulcin-alpoge","12":"first","13":"instock","14":"sale","15":"shipping-taxable","16":"purchasable","17":"product-type-simple"},"_links":{"self":[{"href":"https:\/\/roveyayinevi.com.tr\/index.php\/wp-json\/wp\/v2\/product\/697193","targetHints":{"allow":["GET"]}}],"collection":[{"href":"https:\/\/roveyayinevi.com.tr\/index.php\/wp-json\/wp\/v2\/product"}],"about":[{"href":"https:\/\/roveyayinevi.com.tr\/index.php\/wp-json\/wp\/v2\/types\/product"}],"wp:attachment":[{"href":"https:\/\/roveyayinevi.com.tr\/index.php\/wp-json\/wp\/v2\/media?parent=697193"}],"wp:term":[{"taxonomy":"product_brand","embeddable":true,"href":"https:\/\/roveyayinevi.com.tr\/index.php\/wp-json\/wp\/v2\/product_brand?post=697193"},{"taxonomy":"product_cat","embeddable":true,"href":"https:\/\/roveyayinevi.com.tr\/index.php\/wp-json\/wp\/v2\/product_cat?post=697193"},{"taxonomy":"product_tag","embeddable":true,"href":"https:\/\/roveyayinevi.com.tr\/index.php\/wp-json\/wp\/v2\/product_tag?post=697193"}],"curies":[{"name":"wp","href":"https:\/\/api.w.org\/{rel}","templated":true}]}}