{"id":697191,"date":"2025-08-27T14:38:36","date_gmt":"2025-08-27T11:38:36","guid":{"rendered":"https:\/\/roveyayinevi.com.tr\/index.php\/urun\/oliver-twist-6\/"},"modified":"2026-04-16T02:06:54","modified_gmt":"2026-04-15T23:06:54","slug":"oliver-twist-6","status":"publish","type":"product","link":"https:\/\/roveyayinevi.com.tr\/index.php\/urun\/oliver-twist-6\/","title":{"rendered":"Oliver Twist"},"content":{"rendered":"<p>Bir\u00e7ok kez sinemaya da uyarlanm\u0131\u015f olan Charles Dickens&#8217;\u0131n \u00fcnl\u00fc roman\u0131 Oliver Twist, sokakta bulunmu\u015f bir \u00e7ocu\u011fun yoksullu\u011fa, k\u00f6t\u00fcl\u00fc\u011fe ve su\u00e7a kar\u015f\u0131 verdi\u011fi m\u00fccadeleyi konu almaktad\u0131r. <\/p>\n","protected":false},"excerpt":{"rendered":"<p>Bir\u00e7ok kez sinemaya da uyarlanm\u0131\u015f olan Charles Dickens&#8217;\u0131n \u00fcnl\u00fc roman\u0131 Oliver Twist, sokakta bulunmu\u015f bir \u00e7ocu\u011fun yoksullu\u011fa, k\u00f6t\u00fcl\u00fc\u011fe ve su\u00e7a kar\u015f\u0131 verdi\u011fi m\u00fccadeleyi konu almaktad\u0131r.<\/p>\n","protected":false},"featured_media":0,"template":"","meta":{"_monsterinsights_skip_tracking":false,"_monsterinsights_sitenote_active":false,"_monsterinsights_sitenote_note":"","_monsterinsights_sitenote_category":0},"product_brand":[],"product_cat":[12275,12274],"product_tag":[],"class_list":{"0":"post-697191","1":"product","2":"type-product","3":"status-publish","5":"product_cat-6-12-yas-kitaplari","6":"product_cat-cocuk-ve-genclik-kitaplari","7":"pa_cilt-ciltsiz","8":"pa_tur-kitap","9":"pa_yayinevi-bilgi-yayinevi-cocuk","10":"pa_yazar-charles-dickens","12":"first","13":"instock","14":"sale","15":"shipping-taxable","16":"purchasable","17":"product-type-simple"},"_links":{"self":[{"href":"https:\/\/roveyayinevi.com.tr\/index.php\/wp-json\/wp\/v2\/product\/697191","targetHints":{"allow":["GET"]}}],"collection":[{"href":"https:\/\/roveyayinevi.com.tr\/index.php\/wp-json\/wp\/v2\/product"}],"about":[{"href":"https:\/\/roveyayinevi.com.tr\/index.php\/wp-json\/wp\/v2\/types\/product"}],"wp:attachment":[{"href":"https:\/\/roveyayinevi.com.tr\/index.php\/wp-json\/wp\/v2\/media?parent=697191"}],"wp:term":[{"taxonomy":"product_brand","embeddable":true,"href":"https:\/\/roveyayinevi.com.tr\/index.php\/wp-json\/wp\/v2\/product_brand?post=697191"},{"taxonomy":"product_cat","embeddable":true,"href":"https:\/\/roveyayinevi.com.tr\/index.php\/wp-json\/wp\/v2\/product_cat?post=697191"},{"taxonomy":"product_tag","embeddable":true,"href":"https:\/\/roveyayinevi.com.tr\/index.php\/wp-json\/wp\/v2\/product_tag?post=697191"}],"curies":[{"name":"wp","href":"https:\/\/api.w.org\/{rel}","templated":true}]}}