{"id":697187,"date":"2025-08-27T14:38:35","date_gmt":"2025-08-27T11:38:35","guid":{"rendered":"https:\/\/roveyayinevi.com.tr\/index.php\/urun\/malta-surgunleri\/"},"modified":"2026-04-16T02:06:54","modified_gmt":"2026-04-15T23:06:54","slug":"malta-surgunleri","status":"publish","type":"product","link":"https:\/\/roveyayinevi.com.tr\/index.php\/urun\/malta-surgunleri\/","title":{"rendered":"Malta S\u00fcrg\u00fcnleri"},"content":{"rendered":"<p>K\u00f6kl\u00fc bir imparatorlu\u011fun \u00e7\u00f6k\u00fc\u015f\u00fc, yeni bir T\u00fcrk devletinin do\u011fum sanc\u0131lar\u0131, yerle\u015fmi\u015f de\u011fer yarg\u0131lar\u0131n\u0131n alt\u00fcst olu\u015fu, siyasi entrikalar\u0131n ve diplomatik manevralar\u0131n envai \u00e7e\u015fidi, yabanc\u0131 i\u015fgaller, yerli ihanetler, al\u00e7akl\u0131klar, kahramanl\u0131klar, masum vatan evlatlar\u0131n\u0131n ipe \u00e7ekilmesi, kara listeler, insan av\u0131, bask\u0131lar, zul\u00fcmler ve s\u00fcrg\u00fcnler&#8230; Kaderin cilvesiyle veya tarihin ak\u0131\u015f\u0131yla hem eski bir imparatorlu\u011fun hem de yeni h\u00fck\u00fcmetin hemen hemen b\u00fct\u00fcn kalbur\u00fcst\u00fc kadrosu bir s\u00fcrg\u00fcn adas\u0131nda toptan birarada g\u00f6r\u00fcl\u00fcr. Neden s\u00fcr\u00fcld\u00fcklerini, s\u00fcrg\u00fcndeki ya\u015famlar\u0131n\u0131n i\u00e7y\u00fcz\u00fcn\u00fc, kurtulmak i\u00e7in bireysel \u00e7abalar\u0131n\u0131 b\u00fct\u00fcn ayr\u0131nt\u0131lar\u0131yla ele alan MALTA S\u00dcRG\u00dcNLER\u0130, de\u011ferli ara\u015ft\u0131rmac\u0131 Bil\u00e2l N. \u015eim\u015fir&#8217;in \u0130ngiliz ar\u015fivlerindeki belgelere dayanarak kaleme ald\u0131\u011f\u0131 ilgin\u00e7 bir ara\u015ft\u0131rmad\u0131r. Ve bu ara\u015ft\u0131rma yaln\u0131zca Kurtulu\u015f Sava\u015f\u0131m\u0131z\u0131n karanl\u0131kta kalm\u0131\u015f kimi y\u00f6nlerini ayd\u0131nlatmakla kalmamakta; bundan 90 y\u0131l \u00f6nce T\u00fcrklerin Ermeni meselesinde nas\u0131l akland\u0131\u011f\u0131n\u0131 da kan\u0131tlar\u0131yla a\u00e7\u0131klamaktad\u0131r. <\/p>\n","protected":false},"excerpt":{"rendered":"<p>K\u00f6kl\u00fc bir imparatorlu\u011fun \u00e7\u00f6k\u00fc\u015f\u00fc, yeni bir T\u00fcrk devletinin do\u011fum sanc\u0131lar\u0131, yerle\u015fmi\u015f de\u011fer yarg\u0131lar\u0131n\u0131n alt\u00fcst olu\u015fu, siyasi entrikalar\u0131n ve diplomatik manevralar\u0131n envai \u00e7e\u015fidi, yabanc\u0131 i\u015fgaller, yerli ihanetler,<span class=\"excerpt-hellip\"> [\u2026]<\/span><\/p>\n","protected":false},"featured_media":0,"template":"","meta":{"_monsterinsights_skip_tracking":false,"_monsterinsights_sitenote_active":false,"_monsterinsights_sitenote_note":"","_monsterinsights_sitenote_category":0},"product_brand":[],"product_cat":[12370,12304],"product_tag":[],"class_list":{"0":"post-697187","1":"product","2":"type-product","3":"status-publish","5":"product_cat-arastirma-inceleme","6":"product_cat-tarih","7":"pa_cilt-ciltsiz","8":"pa_tur-kitap","9":"pa_yayinevi-bilgi-yayinevi","10":"pa_yazar-bilal-n-simsir","12":"first","13":"instock","14":"sale","15":"shipping-taxable","16":"purchasable","17":"product-type-simple"},"_links":{"self":[{"href":"https:\/\/roveyayinevi.com.tr\/index.php\/wp-json\/wp\/v2\/product\/697187","targetHints":{"allow":["GET"]}}],"collection":[{"href":"https:\/\/roveyayinevi.com.tr\/index.php\/wp-json\/wp\/v2\/product"}],"about":[{"href":"https:\/\/roveyayinevi.com.tr\/index.php\/wp-json\/wp\/v2\/types\/product"}],"wp:attachment":[{"href":"https:\/\/roveyayinevi.com.tr\/index.php\/wp-json\/wp\/v2\/media?parent=697187"}],"wp:term":[{"taxonomy":"product_brand","embeddable":true,"href":"https:\/\/roveyayinevi.com.tr\/index.php\/wp-json\/wp\/v2\/product_brand?post=697187"},{"taxonomy":"product_cat","embeddable":true,"href":"https:\/\/roveyayinevi.com.tr\/index.php\/wp-json\/wp\/v2\/product_cat?post=697187"},{"taxonomy":"product_tag","embeddable":true,"href":"https:\/\/roveyayinevi.com.tr\/index.php\/wp-json\/wp\/v2\/product_tag?post=697187"}],"curies":[{"name":"wp","href":"https:\/\/api.w.org\/{rel}","templated":true}]}}