{"id":697185,"date":"2025-08-27T14:38:34","date_gmt":"2025-08-27T11:38:34","guid":{"rendered":"https:\/\/roveyayinevi.com.tr\/index.php\/urun\/oyun-ve-senaryo-yazma-teknigi-tiyatro-radyo-televizyon-sinema\/"},"modified":"2026-04-16T02:06:54","modified_gmt":"2026-04-15T23:06:54","slug":"oyun-ve-senaryo-yazma-teknigi-tiyatro-radyo-televizyon-sinema","status":"publish","type":"product","link":"https:\/\/roveyayinevi.com.tr\/index.php\/urun\/oyun-ve-senaryo-yazma-teknigi-tiyatro-radyo-televizyon-sinema\/","title":{"rendered":"Oyun ve Senaryo Yazma Tekni\u011fi Tiyatro, Radyo, Televizyon, Sinema"},"content":{"rendered":"<p>Oyun ve Senaryo Yazma Tekni\u011fi , Turgut \u00d6zakman\u2019\u0131n, 51 y\u0131ll\u0131k yazarl\u0131k, 36 y\u0131ll\u0131k \u00f6\u011fretmenlik birikiminin \u00fcr\u00fcn\u00fc olan bir kitap; yaln\u0131z \u00f6\u011frencilerin ve dramaturglar\u0131n de\u011fil, oyun ve senaryo yazmak isteyen herkesin yararlanabilece\u011fi \u00f6zg\u00fcn bir \u00e7al\u0131\u015fma. Kitapta, bir\u00e7ok \u00f6rnekle desteklenmi\u015f olarak, konu bulmakla ilgili b\u00fct\u00fcn y\u00f6ntemler, karakter yaratman\u0131n yollar\u0131, drama sanat\u0131n\u0131n ba\u015fl\u0131ca teknik ve estetik sorunlar\u0131 ve \u00e7\u00f6z\u00fcmleri, pratik bir anlat\u0131mla a\u00e7\u0131klanmaktad\u0131r. Tiyatro oyunu ve senaryo yazma teknikleri hakk\u0131nda hayli eser var. Oyun ve Senaryo Yazma Tekni\u011fi ise, b\u00fct\u00fcn dramatik yazarl\u0131k dallar\u0131n\u0131 (tiyatro ve radyo oyunu ile televizyon ve film senaryosunu) kapsayan, ortak ve farkl\u0131 temel \u00f6zellikleri ve teknikleri birarada anlatan ilk \u00e7al\u0131\u015fmad\u0131r. \ufffc<\/p>\n","protected":false},"excerpt":{"rendered":"<p>Oyun ve Senaryo Yazma Tekni\u011fi , Turgut \u00d6zakman\u2019\u0131n, 51 y\u0131ll\u0131k yazarl\u0131k, 36 y\u0131ll\u0131k \u00f6\u011fretmenlik birikiminin \u00fcr\u00fcn\u00fc olan bir kitap; yaln\u0131z \u00f6\u011frencilerin ve dramaturglar\u0131n de\u011fil, oyun ve<span class=\"excerpt-hellip\"> [\u2026]<\/span><\/p>\n","protected":false},"featured_media":0,"template":"","meta":{"_monsterinsights_skip_tracking":false,"_monsterinsights_sitenote_active":false,"_monsterinsights_sitenote_note":"","_monsterinsights_sitenote_category":0},"product_brand":[],"product_cat":[12291,12332],"product_tag":[],"class_list":{"0":"post-697185","1":"product","2":"type-product","3":"status-publish","5":"product_cat-edebiyat","6":"product_cat-senaryo","7":"pa_cilt-ciltsiz","8":"pa_tur-kitap","9":"pa_yayinevi-bilgi-yayinevi","10":"pa_yazar-turgut-ozakman","12":"first","13":"instock","14":"sale","15":"shipping-taxable","16":"purchasable","17":"product-type-simple"},"_links":{"self":[{"href":"https:\/\/roveyayinevi.com.tr\/index.php\/wp-json\/wp\/v2\/product\/697185","targetHints":{"allow":["GET"]}}],"collection":[{"href":"https:\/\/roveyayinevi.com.tr\/index.php\/wp-json\/wp\/v2\/product"}],"about":[{"href":"https:\/\/roveyayinevi.com.tr\/index.php\/wp-json\/wp\/v2\/types\/product"}],"wp:attachment":[{"href":"https:\/\/roveyayinevi.com.tr\/index.php\/wp-json\/wp\/v2\/media?parent=697185"}],"wp:term":[{"taxonomy":"product_brand","embeddable":true,"href":"https:\/\/roveyayinevi.com.tr\/index.php\/wp-json\/wp\/v2\/product_brand?post=697185"},{"taxonomy":"product_cat","embeddable":true,"href":"https:\/\/roveyayinevi.com.tr\/index.php\/wp-json\/wp\/v2\/product_cat?post=697185"},{"taxonomy":"product_tag","embeddable":true,"href":"https:\/\/roveyayinevi.com.tr\/index.php\/wp-json\/wp\/v2\/product_tag?post=697185"}],"curies":[{"name":"wp","href":"https:\/\/api.w.org\/{rel}","templated":true}]}}