{"id":697181,"date":"2025-08-27T14:38:33","date_gmt":"2025-08-27T11:38:33","guid":{"rendered":"https:\/\/roveyayinevi.com.tr\/index.php\/urun\/mesneviden-secmeler-3\/"},"modified":"2026-04-16T02:06:53","modified_gmt":"2026-04-15T23:06:53","slug":"mesneviden-secmeler-3","status":"publish","type":"product","link":"https:\/\/roveyayinevi.com.tr\/index.php\/urun\/mesneviden-secmeler-3\/","title":{"rendered":"Mesnevi\u2019den Se\u00e7meler"},"content":{"rendered":"<p>G\u00fcn\u00fcm\u00fcz \u00e7a\u011fda\u015f e\u011fitim anlay\u0131\u015f\u0131nda benimsenen hikayelerle ders anlatma, materyal kullanma, e\u015fyay\u0131 ve olaylar\u0131   \u00e7ok boyutlu g\u00f6rme ve okuma   gibi y\u00f6ntemler Mevlana\u2019n\u0131n Mesnevi\u2019sinde kulland\u0131\u011f\u0131 y\u00f6ntemlerdir. <\/p>\n","protected":false},"excerpt":{"rendered":"<p>G\u00fcn\u00fcm\u00fcz \u00e7a\u011fda\u015f e\u011fitim anlay\u0131\u015f\u0131nda benimsenen hikayelerle ders anlatma, materyal kullanma, e\u015fyay\u0131 ve olaylar\u0131 \u00e7ok boyutlu g\u00f6rme ve okuma gibi y\u00f6ntemler Mevlana\u2019n\u0131n Mesnevi\u2019sinde kulland\u0131\u011f\u0131 y\u00f6ntemlerdir.<\/p>\n","protected":false},"featured_media":0,"template":"","meta":{"_monsterinsights_skip_tracking":false,"_monsterinsights_sitenote_active":false,"_monsterinsights_sitenote_note":"","_monsterinsights_sitenote_category":0},"product_brand":[],"product_cat":[12274,18802],"product_tag":[],"class_list":{"0":"post-697181","1":"product","2":"type-product","3":"status-publish","5":"product_cat-cocuk-ve-genclik-kitaplari","6":"product_cat-din-egitimi","7":"pa_tur-kitap","8":"pa_yayinevi-bilge-kultur-sanat","9":"pa_yazar-mevlana-celaleddin-rumi","11":"first","12":"instock","13":"sale","14":"shipping-taxable","15":"purchasable","16":"product-type-simple"},"_links":{"self":[{"href":"https:\/\/roveyayinevi.com.tr\/index.php\/wp-json\/wp\/v2\/product\/697181","targetHints":{"allow":["GET"]}}],"collection":[{"href":"https:\/\/roveyayinevi.com.tr\/index.php\/wp-json\/wp\/v2\/product"}],"about":[{"href":"https:\/\/roveyayinevi.com.tr\/index.php\/wp-json\/wp\/v2\/types\/product"}],"wp:attachment":[{"href":"https:\/\/roveyayinevi.com.tr\/index.php\/wp-json\/wp\/v2\/media?parent=697181"}],"wp:term":[{"taxonomy":"product_brand","embeddable":true,"href":"https:\/\/roveyayinevi.com.tr\/index.php\/wp-json\/wp\/v2\/product_brand?post=697181"},{"taxonomy":"product_cat","embeddable":true,"href":"https:\/\/roveyayinevi.com.tr\/index.php\/wp-json\/wp\/v2\/product_cat?post=697181"},{"taxonomy":"product_tag","embeddable":true,"href":"https:\/\/roveyayinevi.com.tr\/index.php\/wp-json\/wp\/v2\/product_tag?post=697181"}],"curies":[{"name":"wp","href":"https:\/\/api.w.org\/{rel}","templated":true}]}}