{"id":697180,"date":"2025-08-27T14:38:33","date_gmt":"2025-08-27T11:38:33","guid":{"rendered":"https:\/\/roveyayinevi.com.tr\/index.php\/urun\/mesneviden-secme-hikayeler\/"},"modified":"2026-04-16T02:06:53","modified_gmt":"2026-04-15T23:06:53","slug":"mesneviden-secme-hikayeler","status":"publish","type":"product","link":"https:\/\/roveyayinevi.com.tr\/index.php\/urun\/mesneviden-secme-hikayeler\/","title":{"rendered":"Mesnevi\u2019den Se\u00e7me Hikayeler"},"content":{"rendered":"<p>As\u0131rlar \u00f6ncesinden g\u00fcn\u00fcm\u00fcze gelen bir \u00e7a\u011fr\u0131d\u0131r Mesnevi. Sevgiye, ho\u015fg\u00f6r\u00fcye, birli\u011fe, Hakk\u2019a \u00e7a\u011fr\u0131. Yediden yetmi\u015fe, fakirden zengine, inan\u00e7s\u0131zdan m\u00fcmine, herkese \u00e7a\u011fr\u0131. Bu \u00e7a\u011fr\u0131 her as\u0131rda yerine ula\u015fm\u0131\u015f, g\u00f6n\u00fclleri ayd\u0131nlatm\u0131\u015ft\u0131r. Bu \u00e7a\u011fr\u0131n\u0131n t\u00fcm g\u00f6n\u00fcllere ula\u015fmas\u0131 dile\u011fimizdir. <\/p>\n","protected":false},"excerpt":{"rendered":"<p>As\u0131rlar \u00f6ncesinden g\u00fcn\u00fcm\u00fcze gelen bir \u00e7a\u011fr\u0131d\u0131r Mesnevi. Sevgiye, ho\u015fg\u00f6r\u00fcye, birli\u011fe, Hakk\u2019a \u00e7a\u011fr\u0131. Yediden yetmi\u015fe, fakirden zengine, inan\u00e7s\u0131zdan m\u00fcmine, herkese \u00e7a\u011fr\u0131. Bu \u00e7a\u011fr\u0131 her as\u0131rda yerine ula\u015fm\u0131\u015f,<span class=\"excerpt-hellip\"> [\u2026]<\/span><\/p>\n","protected":false},"featured_media":0,"template":"","meta":{"_monsterinsights_skip_tracking":false,"_monsterinsights_sitenote_active":false,"_monsterinsights_sitenote_note":"","_monsterinsights_sitenote_category":0},"product_brand":[],"product_cat":[12274,18802],"product_tag":[],"class_list":{"0":"post-697180","1":"product","2":"type-product","3":"status-publish","5":"product_cat-cocuk-ve-genclik-kitaplari","6":"product_cat-din-egitimi","7":"pa_cilt-ciltsiz","8":"pa_tur-kitap","9":"pa_yayinevi-bilge-kultur-sanat","10":"pa_yazar-mevlana-celaleddin-rumi","12":"first","13":"instock","14":"sale","15":"shipping-taxable","16":"purchasable","17":"product-type-simple"},"_links":{"self":[{"href":"https:\/\/roveyayinevi.com.tr\/index.php\/wp-json\/wp\/v2\/product\/697180","targetHints":{"allow":["GET"]}}],"collection":[{"href":"https:\/\/roveyayinevi.com.tr\/index.php\/wp-json\/wp\/v2\/product"}],"about":[{"href":"https:\/\/roveyayinevi.com.tr\/index.php\/wp-json\/wp\/v2\/types\/product"}],"wp:attachment":[{"href":"https:\/\/roveyayinevi.com.tr\/index.php\/wp-json\/wp\/v2\/media?parent=697180"}],"wp:term":[{"taxonomy":"product_brand","embeddable":true,"href":"https:\/\/roveyayinevi.com.tr\/index.php\/wp-json\/wp\/v2\/product_brand?post=697180"},{"taxonomy":"product_cat","embeddable":true,"href":"https:\/\/roveyayinevi.com.tr\/index.php\/wp-json\/wp\/v2\/product_cat?post=697180"},{"taxonomy":"product_tag","embeddable":true,"href":"https:\/\/roveyayinevi.com.tr\/index.php\/wp-json\/wp\/v2\/product_tag?post=697180"}],"curies":[{"name":"wp","href":"https:\/\/api.w.org\/{rel}","templated":true}]}}