{"id":697178,"date":"2025-08-27T14:38:33","date_gmt":"2025-08-27T11:38:33","guid":{"rendered":"https:\/\/roveyayinevi.com.tr\/index.php\/urun\/seni-icime-gomdum\/"},"modified":"2026-04-16T02:06:53","modified_gmt":"2026-04-15T23:06:53","slug":"seni-icime-gomdum","status":"publish","type":"product","link":"https:\/\/roveyayinevi.com.tr\/index.php\/urun\/seni-icime-gomdum\/","title":{"rendered":"Seni \u0130\u00e7ime G\u00f6md\u00fcm"},"content":{"rendered":"<p>Baz\u0131 kitaplar\u0131n \u00f6zel tiryakileri olur. Seni \u0130\u00e7ime G\u00f6md\u00fcm , bu t\u00fcr kitaplardan. Roman\u0131n k\u0131r\u0131k d\u00f6k\u00fck bir \u0130ngilizceyle konu\u015fan ba\u015fki\u015fisi Kabrero, K\u0131z\u0131lderili kar\u0131s\u0131n\u0131n cesedini da\u011flardan indirdikten sonra \u015f\u00f6yle d\u00fc\u015f\u00fcn\u00fcyor: Eline t\u00fcfe\u011fini al\u0131p, fi\u015feklikleri g\u00f6\u011fs\u00fcne \u00e7aprazlamas\u0131na as\u0131p at\u0131n\u0131 \u00fcstlerine s\u00fcrse, kasaban\u0131n sokaklar\u0131nda \u00f6l\u00fcm sa\u00e7arak \u00f6n\u00fcne geleni ya\u011fmalayarak, yak\u0131p y\u0131karak dola\u015fsa, kasabay\u0131 yerle bir etse bile, g\u00f6zlerinden okunan bu sevginin \u00fcrk\u00fctt\u00fc\u011f\u00fc kadar \u00fcrk\u00fctmezdi onlar\u0131. <\/p>\n","protected":false},"excerpt":{"rendered":"<p>Baz\u0131 kitaplar\u0131n \u00f6zel tiryakileri olur. Seni \u0130\u00e7ime G\u00f6md\u00fcm , bu t\u00fcr kitaplardan. Roman\u0131n k\u0131r\u0131k d\u00f6k\u00fck bir \u0130ngilizceyle konu\u015fan ba\u015fki\u015fisi Kabrero, K\u0131z\u0131lderili kar\u0131s\u0131n\u0131n cesedini da\u011flardan indirdikten sonra<span class=\"excerpt-hellip\"> [\u2026]<\/span><\/p>\n","protected":false},"featured_media":0,"template":"","meta":{"_monsterinsights_skip_tracking":false,"_monsterinsights_sitenote_active":false,"_monsterinsights_sitenote_note":"","_monsterinsights_sitenote_category":0},"product_brand":[],"product_cat":[12891,12291],"product_tag":[],"class_list":{"0":"post-697178","1":"product","2":"type-product","3":"status-publish","5":"product_cat-amerikan-edebiyati","6":"product_cat-edebiyat","7":"pa_cilt-ciltsiz","8":"pa_tur-kitap","9":"pa_yayinevi-ayrinti-yayinlari","10":"pa_yazar-andrew-jolly","12":"first","13":"instock","14":"sale","15":"shipping-taxable","16":"purchasable","17":"product-type-simple"},"_links":{"self":[{"href":"https:\/\/roveyayinevi.com.tr\/index.php\/wp-json\/wp\/v2\/product\/697178","targetHints":{"allow":["GET"]}}],"collection":[{"href":"https:\/\/roveyayinevi.com.tr\/index.php\/wp-json\/wp\/v2\/product"}],"about":[{"href":"https:\/\/roveyayinevi.com.tr\/index.php\/wp-json\/wp\/v2\/types\/product"}],"wp:attachment":[{"href":"https:\/\/roveyayinevi.com.tr\/index.php\/wp-json\/wp\/v2\/media?parent=697178"}],"wp:term":[{"taxonomy":"product_brand","embeddable":true,"href":"https:\/\/roveyayinevi.com.tr\/index.php\/wp-json\/wp\/v2\/product_brand?post=697178"},{"taxonomy":"product_cat","embeddable":true,"href":"https:\/\/roveyayinevi.com.tr\/index.php\/wp-json\/wp\/v2\/product_cat?post=697178"},{"taxonomy":"product_tag","embeddable":true,"href":"https:\/\/roveyayinevi.com.tr\/index.php\/wp-json\/wp\/v2\/product_tag?post=697178"}],"curies":[{"name":"wp","href":"https:\/\/api.w.org\/{rel}","templated":true}]}}