{"id":697176,"date":"2025-08-27T14:38:32","date_gmt":"2025-08-27T11:38:32","guid":{"rendered":"https:\/\/roveyayinevi.com.tr\/index.php\/urun\/mustafa-kemal-ataturk\/"},"modified":"2026-04-16T02:06:53","modified_gmt":"2026-04-15T23:06:53","slug":"mustafa-kemal-ataturk","status":"publish","type":"product","link":"https:\/\/roveyayinevi.com.tr\/index.php\/urun\/mustafa-kemal-ataturk\/","title":{"rendered":"Mustafa Kemal Atat\u00fcrk"},"content":{"rendered":"<p>Mustafa Kemal Atat\u00fcrk&#8217;e ve d\u00f6nemine ili\u015fkin olarak yurti\u00e7inde-d\u0131\u015f\u0131nda yap\u0131lan ara\u015ft\u0131rma ve yay\u0131nlar\u0131n k\u00fc\u00e7\u00fcmsenemeyecek bir say\u0131y\u0131 buldu\u011fu yads\u0131namaz. Ancak bu yay\u0131nlarda genellikle T\u00fcrk Kurtulu\u015f Sava\u015f\u0131 ile Cumhuriyet&#8217;in ilk 15 y\u0131l\u0131n\u0131 i\u00e7eren olaylar ve ger\u00e7ekle\u015ftirilen devrim ele al\u0131nmaktad\u0131r. Bu nedenle onun \u00f6zel ya\u015fam\u0131 ve ki\u015fili\u011fi yeterince ayd\u0131nlat\u0131lmamakta, s\u00f6ylenceler s\u00fcr\u00fcp gitmektedir. \u201cMustafa Kemal Atat\u00fcrk\u201d, i\u015fte bu bo\u015flu\u011fu doldurmak amac\u0131yla, 40 y\u0131l\u0131 a\u015fk\u0131n s\u00fcredir tarih ara\u015ft\u0131rmalar\u0131 yapan Prof. Dr. \u015eerafettin Turan&#8217;\u0131n yo\u011fun eme\u011fi sonucu ortaya \u00e7\u0131kt\u0131. Yap\u0131t ayn\u0131 zamanda, Turan&#8217;\u0131n daha \u00f6nce haz\u0131rlad\u0131\u011f\u0131 \u201c\u0130smet \u0130n\u00f6n\u00fc\u201d kitab\u0131yla birlikte, ulusal tarihimizin iki \u00f6nemli ki\u015fili\u011fi ile ilgili benzersiz bir ara\u015ft\u0131rma b\u00fct\u00fcn\u00fc olu\u015fturuyor. \u201cDo\u011fumunda Mustafa ad\u0131 verilen bir \u00e7ocu\u011fun, Gazi Mustafa Kemal Atat\u00fcrk&#8217;e y\u00fckseli\u015finin \u00f6yk\u00fcs\u00fc\u201d diyebilece\u011fimiz eserde Atat\u00fcrk&#8217;\u00fcn kimli\u011fi, ya\u015fam\u0131n\u0131n ayr\u0131nt\u0131lar\u0131, d\u00fc\u015f\u00fcnceleri ve sava\u015f\u0131mlar\u0131, onun kendi not defterlerinden, mektuplar\u0131ndan, an\u0131lar\u0131ndan aktar\u0131l\u0131yor. Yine de anlat\u0131mlar\u0131 do\u011frulamak, a\u00e7\u0131k kalan yerleri ve y\u00f6nleri ayd\u0131nlatmak, kimi ayr\u0131nt\u0131lar\u0131 da tamamlayabilmek i\u00e7in ilgili t\u00fcm kaynaklara ba\u015fvurularak haz\u0131rlanan kitap, bu \u00f6zelli\u011fiyle \u00f6nemli bir bo\u015flu\u011fu dolduracak nitelikte. <\/p>\n","protected":false},"excerpt":{"rendered":"<p>Mustafa Kemal Atat\u00fcrk&#8217;e ve d\u00f6nemine ili\u015fkin olarak yurti\u00e7inde-d\u0131\u015f\u0131nda yap\u0131lan ara\u015ft\u0131rma ve yay\u0131nlar\u0131n k\u00fc\u00e7\u00fcmsenemeyecek bir say\u0131y\u0131 buldu\u011fu yads\u0131namaz. Ancak bu yay\u0131nlarda genellikle T\u00fcrk Kurtulu\u015f Sava\u015f\u0131 ile Cumhuriyet&#8217;in<span class=\"excerpt-hellip\"> [\u2026]<\/span><\/p>\n","protected":false},"featured_media":0,"template":"","meta":{"_monsterinsights_skip_tracking":false,"_monsterinsights_sitenote_active":false,"_monsterinsights_sitenote_note":"","_monsterinsights_sitenote_category":0},"product_brand":[],"product_cat":[18094,12718,12719],"product_tag":[],"class_list":{"0":"post-697176","1":"product","2":"type-product","3":"status-publish","5":"product_cat-biyografi-otobiyografi-islam","6":"product_cat-din","7":"product_cat-islam","8":"pa_cilt-ciltsiz","9":"pa_tur-kitap","10":"pa_yayinevi-bilgi-yayinevi","11":"pa_yazar-serafettin-turan","13":"first","14":"instock","15":"sale","16":"shipping-taxable","17":"purchasable","18":"product-type-simple"},"_links":{"self":[{"href":"https:\/\/roveyayinevi.com.tr\/index.php\/wp-json\/wp\/v2\/product\/697176","targetHints":{"allow":["GET"]}}],"collection":[{"href":"https:\/\/roveyayinevi.com.tr\/index.php\/wp-json\/wp\/v2\/product"}],"about":[{"href":"https:\/\/roveyayinevi.com.tr\/index.php\/wp-json\/wp\/v2\/types\/product"}],"wp:attachment":[{"href":"https:\/\/roveyayinevi.com.tr\/index.php\/wp-json\/wp\/v2\/media?parent=697176"}],"wp:term":[{"taxonomy":"product_brand","embeddable":true,"href":"https:\/\/roveyayinevi.com.tr\/index.php\/wp-json\/wp\/v2\/product_brand?post=697176"},{"taxonomy":"product_cat","embeddable":true,"href":"https:\/\/roveyayinevi.com.tr\/index.php\/wp-json\/wp\/v2\/product_cat?post=697176"},{"taxonomy":"product_tag","embeddable":true,"href":"https:\/\/roveyayinevi.com.tr\/index.php\/wp-json\/wp\/v2\/product_tag?post=697176"}],"curies":[{"name":"wp","href":"https:\/\/api.w.org\/{rel}","templated":true}]}}