{"id":697175,"date":"2025-08-27T14:38:32","date_gmt":"2025-08-27T11:38:32","guid":{"rendered":"https:\/\/roveyayinevi.com.tr\/index.php\/urun\/musfikti-gece\/"},"modified":"2026-04-16T02:06:53","modified_gmt":"2026-04-15T23:06:53","slug":"musfikti-gece","status":"publish","type":"product","link":"https:\/\/roveyayinevi.com.tr\/index.php\/urun\/musfikti-gece\/","title":{"rendered":"M\u00fc\u015ffikti Gece"},"content":{"rendered":"<p>Zaten seninleyim! Gece m\u00fc\u015ffik&#8230;. &#8230;Ama hi\u00e7 ayd\u0131nl\u0131k yok burada, ye\u015fil g\u00f6lgeler ve dolamba\u00e7l\u0131 yosun tutmu\u015f yollar aras\u0131ndan esen meltemlerle g\u00f6ky\u00fcz\u00fcnden s\u0131zan \u0131\u015f\u0131k d\u0131\u015f\u0131nda. Gen\u00e7 aktris Rosemary Hoyt annesiyle birlikte tatil i\u00e7in geldi\u011fi Frans\u0131z Rivieras\u0131\u2019nda g\u00f6z kama\u015ft\u0131r\u0131c\u0131 Dick ve Nicole Diver \u00e7iftiyle tan\u0131\u015f\u0131r ve ikisine de ilk g\u00f6r\u00fc\u015fte \u00e2\u015f\u0131k olur; Diver\u2019lar \u015f\u0131kl\u0131klar\u0131, zarafetleri ve zenginlikleriyle Rosemary\u2019nin ayaklar\u0131n\u0131 yerden keser. Ne var ki her ikisinin de g\u00f6z al\u0131c\u0131 g\u00fczelliklerinin arkas\u0131nda ak\u0131l almaz s\u0131rlar gizlidir. <\/p>\n","protected":false},"excerpt":{"rendered":"<p>Zaten seninleyim! Gece m\u00fc\u015ffik&#8230;. &#8230;Ama hi\u00e7 ayd\u0131nl\u0131k yok burada, ye\u015fil g\u00f6lgeler ve dolamba\u00e7l\u0131 yosun tutmu\u015f yollar aras\u0131ndan esen meltemlerle g\u00f6ky\u00fcz\u00fcnden s\u0131zan \u0131\u015f\u0131k d\u0131\u015f\u0131nda. Gen\u00e7 aktris Rosemary<span class=\"excerpt-hellip\"> [\u2026]<\/span><\/p>\n","protected":false},"featured_media":0,"template":"","meta":{"_monsterinsights_skip_tracking":false,"_monsterinsights_sitenote_active":false,"_monsterinsights_sitenote_note":"","_monsterinsights_sitenote_category":0},"product_brand":[],"product_cat":[12291,12711],"product_tag":[],"class_list":{"0":"post-697175","1":"product","2":"type-product","3":"status-publish","5":"product_cat-edebiyat","6":"product_cat-roman-oyku","7":"pa_cilt-ciltsiz","8":"pa_tur-kitap","9":"pa_yayinevi-bilge-kultur-sanat","10":"pa_yazar-francis-scott-key-fitzgerald","12":"first","13":"instock","14":"sale","15":"shipping-taxable","16":"purchasable","17":"product-type-simple"},"_links":{"self":[{"href":"https:\/\/roveyayinevi.com.tr\/index.php\/wp-json\/wp\/v2\/product\/697175","targetHints":{"allow":["GET"]}}],"collection":[{"href":"https:\/\/roveyayinevi.com.tr\/index.php\/wp-json\/wp\/v2\/product"}],"about":[{"href":"https:\/\/roveyayinevi.com.tr\/index.php\/wp-json\/wp\/v2\/types\/product"}],"wp:attachment":[{"href":"https:\/\/roveyayinevi.com.tr\/index.php\/wp-json\/wp\/v2\/media?parent=697175"}],"wp:term":[{"taxonomy":"product_brand","embeddable":true,"href":"https:\/\/roveyayinevi.com.tr\/index.php\/wp-json\/wp\/v2\/product_brand?post=697175"},{"taxonomy":"product_cat","embeddable":true,"href":"https:\/\/roveyayinevi.com.tr\/index.php\/wp-json\/wp\/v2\/product_cat?post=697175"},{"taxonomy":"product_tag","embeddable":true,"href":"https:\/\/roveyayinevi.com.tr\/index.php\/wp-json\/wp\/v2\/product_tag?post=697175"}],"curies":[{"name":"wp","href":"https:\/\/api.w.org\/{rel}","templated":true}]}}