{"id":697174,"date":"2025-08-27T14:38:32","date_gmt":"2025-08-27T11:38:32","guid":{"rendered":"https:\/\/roveyayinevi.com.tr\/index.php\/urun\/muhaverat-i-hikemiyye\/"},"modified":"2026-04-16T02:06:53","modified_gmt":"2026-04-15T23:06:53","slug":"muhaverat-i-hikemiyye","status":"publish","type":"product","link":"https:\/\/roveyayinevi.com.tr\/index.php\/urun\/muhaverat-i-hikemiyye\/","title":{"rendered":"Muhaverat-\u0131 Hikemiyye"},"content":{"rendered":"<p>M\u00fcnif Efendi imzas\u0131yla hicr\u00ee 1276 (1859) y\u0131l\u0131nda yay\u0131mlanan Muh\u00e2ver\u00e2t-\u0131 Hikemiyye, Bat\u0131 dillerinden T\u00fcrk\u00e7eye \u00e7evrilen ilk edeb\u00ee ve felsef\u00ee eser unvan\u0131n\u0131 ta\u015f\u0131maktad\u0131r. Ayd\u0131nlanma \u00c7a\u011f\u0131\u2019n\u0131n \u00f6nc\u00fc Frans\u0131z yazar ve d\u00fc\u015f\u00fcn\u00fcrleri; F\u00e9nelon, Fontenelle ve Voltaire\u2019den se\u00e7ilmi\u015f on bir diyalo\u011fun terc\u00fcmesinden olu\u015fmu\u015ftur. Eserde, iki diyalog F\u00e9nelon\u2019a, bir diyalog Fontenelle\u2019e, di\u011fer diyaloglar ise Voltaire\u2019e aittir. <\/p>\n","protected":false},"excerpt":{"rendered":"<p>M\u00fcnif Efendi imzas\u0131yla hicr\u00ee 1276 (1859) y\u0131l\u0131nda yay\u0131mlanan Muh\u00e2ver\u00e2t-\u0131 Hikemiyye, Bat\u0131 dillerinden T\u00fcrk\u00e7eye \u00e7evrilen ilk edeb\u00ee ve felsef\u00ee eser unvan\u0131n\u0131 ta\u015f\u0131maktad\u0131r. Ayd\u0131nlanma \u00c7a\u011f\u0131\u2019n\u0131n \u00f6nc\u00fc Frans\u0131z yazar<span class=\"excerpt-hellip\"> [\u2026]<\/span><\/p>\n","protected":false},"featured_media":0,"template":"","meta":{"_monsterinsights_skip_tracking":false,"_monsterinsights_sitenote_active":false,"_monsterinsights_sitenote_note":"","_monsterinsights_sitenote_category":0},"product_brand":[],"product_cat":[12370,12304],"product_tag":[],"class_list":{"0":"post-697174","1":"product","2":"type-product","3":"status-publish","5":"product_cat-arastirma-inceleme","6":"product_cat-tarih","7":"pa_tur-kitap","8":"pa_yayinevi-bilge-kultur-sanat","9":"pa_yazar-ali-budak","11":"first","12":"instock","13":"sale","14":"shipping-taxable","15":"purchasable","16":"product-type-simple"},"_links":{"self":[{"href":"https:\/\/roveyayinevi.com.tr\/index.php\/wp-json\/wp\/v2\/product\/697174","targetHints":{"allow":["GET"]}}],"collection":[{"href":"https:\/\/roveyayinevi.com.tr\/index.php\/wp-json\/wp\/v2\/product"}],"about":[{"href":"https:\/\/roveyayinevi.com.tr\/index.php\/wp-json\/wp\/v2\/types\/product"}],"wp:attachment":[{"href":"https:\/\/roveyayinevi.com.tr\/index.php\/wp-json\/wp\/v2\/media?parent=697174"}],"wp:term":[{"taxonomy":"product_brand","embeddable":true,"href":"https:\/\/roveyayinevi.com.tr\/index.php\/wp-json\/wp\/v2\/product_brand?post=697174"},{"taxonomy":"product_cat","embeddable":true,"href":"https:\/\/roveyayinevi.com.tr\/index.php\/wp-json\/wp\/v2\/product_cat?post=697174"},{"taxonomy":"product_tag","embeddable":true,"href":"https:\/\/roveyayinevi.com.tr\/index.php\/wp-json\/wp\/v2\/product_tag?post=697174"}],"curies":[{"name":"wp","href":"https:\/\/api.w.org\/{rel}","templated":true}]}}