{"id":697171,"date":"2025-08-27T14:38:31","date_gmt":"2025-08-27T11:38:31","guid":{"rendered":"https:\/\/roveyayinevi.com.tr\/index.php\/urun\/kucuk-dunya\/"},"modified":"2026-04-16T02:06:53","modified_gmt":"2026-04-15T23:06:53","slug":"kucuk-dunya","status":"publish","type":"product","link":"https:\/\/roveyayinevi.com.tr\/index.php\/urun\/kucuk-dunya\/","title":{"rendered":"K\u00fc\u00e7\u00fck D\u00fcnya"},"content":{"rendered":"<p>Bin dokuz y\u00fcz ellilerde, y\u00fcksek tahsilli bir \u0130stanbullu k\u0131z\u0131n, evlenip \u015eanl\u0131urfa\u2019ya gitmesini; orada Urfa\u2019n\u0131n mistik havas\u0131yla, kad\u0131n\u0131n e\u015finin arkada\u015flar\u0131ndan biriyle asla kelimeye d\u00f6k\u00fclmeyen, su y\u00fcz\u00fcne \u00e7\u0131kmayan b\u00fcy\u00fck a\u015fk\u0131n\u0131 anlat\u0131r. <\/p>\n","protected":false},"excerpt":{"rendered":"<p>Bin dokuz y\u00fcz ellilerde, y\u00fcksek tahsilli bir \u0130stanbullu k\u0131z\u0131n, evlenip \u015eanl\u0131urfa\u2019ya gitmesini; orada Urfa\u2019n\u0131n mistik havas\u0131yla, kad\u0131n\u0131n e\u015finin arkada\u015flar\u0131ndan biriyle asla kelimeye d\u00f6k\u00fclmeyen, su y\u00fcz\u00fcne \u00e7\u0131kmayan<span class=\"excerpt-hellip\"> [\u2026]<\/span><\/p>\n","protected":false},"featured_media":0,"template":"","meta":{"_monsterinsights_skip_tracking":false,"_monsterinsights_sitenote_active":false,"_monsterinsights_sitenote_note":"","_monsterinsights_sitenote_category":0},"product_brand":[],"product_cat":[12291,12711],"product_tag":[],"class_list":{"0":"post-697171","1":"product","2":"type-product","3":"status-publish","5":"product_cat-edebiyat","6":"product_cat-roman-oyku","7":"pa_cilt-ciltsiz","8":"pa_tur-kitap","9":"pa_yayinevi-bilge-kultur-sanat","10":"pa_yazar-emine-isinsu","12":"first","13":"instock","14":"sale","15":"shipping-taxable","16":"purchasable","17":"product-type-simple"},"_links":{"self":[{"href":"https:\/\/roveyayinevi.com.tr\/index.php\/wp-json\/wp\/v2\/product\/697171","targetHints":{"allow":["GET"]}}],"collection":[{"href":"https:\/\/roveyayinevi.com.tr\/index.php\/wp-json\/wp\/v2\/product"}],"about":[{"href":"https:\/\/roveyayinevi.com.tr\/index.php\/wp-json\/wp\/v2\/types\/product"}],"wp:attachment":[{"href":"https:\/\/roveyayinevi.com.tr\/index.php\/wp-json\/wp\/v2\/media?parent=697171"}],"wp:term":[{"taxonomy":"product_brand","embeddable":true,"href":"https:\/\/roveyayinevi.com.tr\/index.php\/wp-json\/wp\/v2\/product_brand?post=697171"},{"taxonomy":"product_cat","embeddable":true,"href":"https:\/\/roveyayinevi.com.tr\/index.php\/wp-json\/wp\/v2\/product_cat?post=697171"},{"taxonomy":"product_tag","embeddable":true,"href":"https:\/\/roveyayinevi.com.tr\/index.php\/wp-json\/wp\/v2\/product_tag?post=697171"}],"curies":[{"name":"wp","href":"https:\/\/api.w.org\/{rel}","templated":true}]}}