{"id":697169,"date":"2025-08-27T14:38:30","date_gmt":"2025-08-27T11:38:30","guid":{"rendered":"https:\/\/roveyayinevi.com.tr\/index.php\/urun\/monte-kristo-2\/"},"modified":"2026-04-16T02:06:53","modified_gmt":"2026-04-15T23:06:53","slug":"monte-kristo-2","status":"publish","type":"product","link":"https:\/\/roveyayinevi.com.tr\/index.php\/urun\/monte-kristo-2\/","title":{"rendered":"Monte Kristo"},"content":{"rendered":"<p>Edmond Dantes pek \u00e7ok insan\u0131n imrenerek bakt\u0131\u011f\u0131 harika bir hayata sahiptir. Gemi kaptan\u0131 olmak \u00fczeredir. G\u00fczel bir gen\u00e7 k\u0131zla ni\u015fanl\u0131d\u0131r. Ancak \u00e7evresi k\u0131skan\u00e7l\u0131klarla doludur. Mutlulu\u011funun bozulmas\u0131 an meselesidir. \u0130hanete u\u011frayarak haks\u0131z yere hapse at\u0131lan Dantes hayat\u0131n\u0131 cehenneme \u00e7eviren \u00fc\u00e7 adamdan intikam alaca\u011f\u0131na s\u00f6z verir.<\/p>\n","protected":false},"excerpt":{"rendered":"<p>Edmond Dantes pek \u00e7ok insan\u0131n imrenerek bakt\u0131\u011f\u0131 harika bir hayata sahiptir. Gemi kaptan\u0131 olmak \u00fczeredir. G\u00fczel bir gen\u00e7 k\u0131zla ni\u015fanl\u0131d\u0131r. Ancak \u00e7evresi k\u0131skan\u00e7l\u0131klarla doludur. Mutlulu\u011funun bozulmas\u0131<span class=\"excerpt-hellip\"> [\u2026]<\/span><\/p>\n","protected":false},"featured_media":0,"template":"","meta":{"_monsterinsights_skip_tracking":false,"_monsterinsights_sitenote_active":false,"_monsterinsights_sitenote_note":"","_monsterinsights_sitenote_category":0},"product_brand":[],"product_cat":[12274,12467],"product_tag":[],"class_list":{"0":"post-697169","1":"product","2":"type-product","3":"status-publish","5":"product_cat-cocuk-ve-genclik-kitaplari","6":"product_cat-dunya-klasikleri","7":"pa_cilt-ciltsiz","8":"pa_tur-kitap","9":"pa_yayinevi-bilgi-yayinevi-cocuk","10":"pa_yazar-alexandre-dumas","12":"first","13":"instock","14":"sale","15":"shipping-taxable","16":"purchasable","17":"product-type-simple"},"_links":{"self":[{"href":"https:\/\/roveyayinevi.com.tr\/index.php\/wp-json\/wp\/v2\/product\/697169","targetHints":{"allow":["GET"]}}],"collection":[{"href":"https:\/\/roveyayinevi.com.tr\/index.php\/wp-json\/wp\/v2\/product"}],"about":[{"href":"https:\/\/roveyayinevi.com.tr\/index.php\/wp-json\/wp\/v2\/types\/product"}],"wp:attachment":[{"href":"https:\/\/roveyayinevi.com.tr\/index.php\/wp-json\/wp\/v2\/media?parent=697169"}],"wp:term":[{"taxonomy":"product_brand","embeddable":true,"href":"https:\/\/roveyayinevi.com.tr\/index.php\/wp-json\/wp\/v2\/product_brand?post=697169"},{"taxonomy":"product_cat","embeddable":true,"href":"https:\/\/roveyayinevi.com.tr\/index.php\/wp-json\/wp\/v2\/product_cat?post=697169"},{"taxonomy":"product_tag","embeddable":true,"href":"https:\/\/roveyayinevi.com.tr\/index.php\/wp-json\/wp\/v2\/product_tag?post=697169"}],"curies":[{"name":"wp","href":"https:\/\/api.w.org\/{rel}","templated":true}]}}