{"id":697166,"date":"2025-08-27T14:38:29","date_gmt":"2025-08-27T11:38:29","guid":{"rendered":"https:\/\/roveyayinevi.com.tr\/index.php\/urun\/mavi-surgun-butun-eserleri3\/"},"modified":"2026-04-16T02:06:53","modified_gmt":"2026-04-15T23:06:53","slug":"mavi-surgun-butun-eserleri3","status":"publish","type":"product","link":"https:\/\/roveyayinevi.com.tr\/index.php\/urun\/mavi-surgun-butun-eserleri3\/","title":{"rendered":"Mavi S\u00fcrg\u00fcn B\u00fct\u00fcn Eserleri:3"},"content":{"rendered":"<p>Karakolda ona, &#8220;\u0130stiklal Mahkemesine gideceksin&#8221; denir. Ni\u00e7in \u0130stiklal Mahkemesine gitti\u011fini bilmez. \u0130ki jandarma ile, kelep\u00e7eli olarak \u0130stiklal Mahkemesine s\u00fcr\u00fcklenir. Mahkemenin buldu\u011fu bir su\u00e7 vard\u0131r. Sonunda cezas\u0131n\u0131n idam olaca\u011f\u0131 anla\u015f\u0131l\u0131r. Sab\u0131rl\u0131k ve tarlaku\u015fu eller, g\u00f6\u011f\u00fcste kavu\u015fturulmu\u015f, idam\u0131 bekler, S\u00fcrg\u00fcn edileceksin denilir. S\u00fcrg\u00fcn yeri Bodrum bir muammad\u0131r, bir karanl\u0131kt\u0131r. Ama i\u015fte apans\u0131z karanl\u0131k kalmaz. Bu &#8216;Mavi S\u00fcrg\u00fcn&#8217; yaz\u0131s\u0131, bu i\u015fin nas\u0131l oldu\u011funu anlatacakt\u0131r. <\/p>\n","protected":false},"excerpt":{"rendered":"<p>Karakolda ona, &#8220;\u0130stiklal Mahkemesine gideceksin&#8221; denir. Ni\u00e7in \u0130stiklal Mahkemesine gitti\u011fini bilmez. \u0130ki jandarma ile, kelep\u00e7eli olarak \u0130stiklal Mahkemesine s\u00fcr\u00fcklenir. Mahkemenin buldu\u011fu bir su\u00e7 vard\u0131r. Sonunda cezas\u0131n\u0131n<span class=\"excerpt-hellip\"> [\u2026]<\/span><\/p>\n","protected":false},"featured_media":0,"template":"","meta":{"_monsterinsights_skip_tracking":false,"_monsterinsights_sitenote_active":false,"_monsterinsights_sitenote_note":"","_monsterinsights_sitenote_category":0},"product_brand":[],"product_cat":[12782,12291],"product_tag":[],"class_list":{"0":"post-697166","1":"product","2":"type-product","3":"status-publish","5":"product_cat-alman-edebiyati","6":"product_cat-edebiyat","7":"pa_cilt-ciltsiz","8":"pa_tur-kitap","9":"pa_yayinevi-bilgi-yayinevi","10":"pa_yazar-cevat-sakir-kabaagacli-halikarnas-balikcisi","12":"first","13":"instock","14":"sale","15":"shipping-taxable","16":"purchasable","17":"product-type-simple"},"_links":{"self":[{"href":"https:\/\/roveyayinevi.com.tr\/index.php\/wp-json\/wp\/v2\/product\/697166","targetHints":{"allow":["GET"]}}],"collection":[{"href":"https:\/\/roveyayinevi.com.tr\/index.php\/wp-json\/wp\/v2\/product"}],"about":[{"href":"https:\/\/roveyayinevi.com.tr\/index.php\/wp-json\/wp\/v2\/types\/product"}],"wp:attachment":[{"href":"https:\/\/roveyayinevi.com.tr\/index.php\/wp-json\/wp\/v2\/media?parent=697166"}],"wp:term":[{"taxonomy":"product_brand","embeddable":true,"href":"https:\/\/roveyayinevi.com.tr\/index.php\/wp-json\/wp\/v2\/product_brand?post=697166"},{"taxonomy":"product_cat","embeddable":true,"href":"https:\/\/roveyayinevi.com.tr\/index.php\/wp-json\/wp\/v2\/product_cat?post=697166"},{"taxonomy":"product_tag","embeddable":true,"href":"https:\/\/roveyayinevi.com.tr\/index.php\/wp-json\/wp\/v2\/product_tag?post=697166"}],"curies":[{"name":"wp","href":"https:\/\/api.w.org\/{rel}","templated":true}]}}