{"id":697157,"date":"2025-08-27T14:38:27","date_gmt":"2025-08-27T11:38:27","guid":{"rendered":"https:\/\/roveyayinevi.com.tr\/index.php\/urun\/yunus-emre-hayati-ve-sanati\/"},"modified":"2026-04-16T02:06:53","modified_gmt":"2026-04-15T23:06:53","slug":"yunus-emre-hayati-ve-sanati","status":"publish","type":"product","link":"https:\/\/roveyayinevi.com.tr\/index.php\/urun\/yunus-emre-hayati-ve-sanati\/","title":{"rendered":"Yunus Emre Hayat\u0131 ve Sanat\u0131"},"content":{"rendered":"<p>Yunus Emre, Anadolu\u2019da ya\u015fam\u0131\u015f ilk yerli \u015fairimizdir. O, T\u00fcrk edebiyat\u0131nda kendine has bir tarz ortaya koyarak kendisinden sonra gelen bir\u00e7ok tekke \u015fairini etkilemi\u015ftir. \u015eiirlerini \u00e2\u015f\u0131kane bir eda ve g\u00f6n\u00fcl dili ile s\u00f6yleyen Yunus bu d\u00fcnyaya g\u00f6n\u00fcller yapmaya gelmi\u015ftir. <\/p>\n","protected":false},"excerpt":{"rendered":"<p>Yunus Emre, Anadolu\u2019da ya\u015fam\u0131\u015f ilk yerli \u015fairimizdir. O, T\u00fcrk edebiyat\u0131nda kendine has bir tarz ortaya koyarak kendisinden sonra gelen bir\u00e7ok tekke \u015fairini etkilemi\u015ftir. \u015eiirlerini \u00e2\u015f\u0131kane bir<span class=\"excerpt-hellip\"> [\u2026]<\/span><\/p>\n","protected":false},"featured_media":0,"template":"","meta":{"_monsterinsights_skip_tracking":false,"_monsterinsights_sitenote_active":false,"_monsterinsights_sitenote_note":"","_monsterinsights_sitenote_category":0},"product_brand":[],"product_cat":[14009,12291],"product_tag":[],"class_list":{"0":"post-697157","1":"product","2":"type-product","3":"status-publish","5":"product_cat-biyografi-otobiyografi-edebiyat","6":"product_cat-edebiyat","7":"pa_tur-kitap","8":"pa_yayinevi-bilge-kultur-sanat","9":"pa_yazar-azmi-bilgin","11":"first","12":"instock","13":"sale","14":"shipping-taxable","15":"purchasable","16":"product-type-simple"},"_links":{"self":[{"href":"https:\/\/roveyayinevi.com.tr\/index.php\/wp-json\/wp\/v2\/product\/697157","targetHints":{"allow":["GET"]}}],"collection":[{"href":"https:\/\/roveyayinevi.com.tr\/index.php\/wp-json\/wp\/v2\/product"}],"about":[{"href":"https:\/\/roveyayinevi.com.tr\/index.php\/wp-json\/wp\/v2\/types\/product"}],"wp:attachment":[{"href":"https:\/\/roveyayinevi.com.tr\/index.php\/wp-json\/wp\/v2\/media?parent=697157"}],"wp:term":[{"taxonomy":"product_brand","embeddable":true,"href":"https:\/\/roveyayinevi.com.tr\/index.php\/wp-json\/wp\/v2\/product_brand?post=697157"},{"taxonomy":"product_cat","embeddable":true,"href":"https:\/\/roveyayinevi.com.tr\/index.php\/wp-json\/wp\/v2\/product_cat?post=697157"},{"taxonomy":"product_tag","embeddable":true,"href":"https:\/\/roveyayinevi.com.tr\/index.php\/wp-json\/wp\/v2\/product_tag?post=697157"}],"curies":[{"name":"wp","href":"https:\/\/api.w.org\/{rel}","templated":true}]}}