{"id":697148,"date":"2025-08-27T14:38:25","date_gmt":"2025-08-27T11:38:25","guid":{"rendered":"https:\/\/roveyayinevi.com.tr\/index.php\/urun\/cikolata-zamani\/"},"modified":"2026-04-16T02:06:53","modified_gmt":"2026-04-15T23:06:53","slug":"cikolata-zamani","status":"publish","type":"product","link":"https:\/\/roveyayinevi.com.tr\/index.php\/urun\/cikolata-zamani\/","title":{"rendered":"\u00c7ikolata Zaman\u0131"},"content":{"rendered":"<p>Yaln\u0131zca \u00e7ocuklar\u0131 \u00e7ok iyi tan\u0131makla kalmay\u0131p, bir \u00fcyesi oldu\u011fu yeti\u015fkin d\u00fcnyas\u0131na \u00e7ocuk g\u00f6z\u00fcyle bakabilmeyi de ba\u015faran Mavisel Yener mavi b\u0131y\u0131kl\u0131, mor partili, ye\u015fil t\u00fcyl\u00fc bir kedi d\u00fc\u015fleyebilen herkese sunuyor \u00c7ikolata Zaman\u0131&#8217;n\u0131.<\/p>\n","protected":false},"excerpt":{"rendered":"<p>Yaln\u0131zca \u00e7ocuklar\u0131 \u00e7ok iyi tan\u0131makla kalmay\u0131p, bir \u00fcyesi oldu\u011fu yeti\u015fkin d\u00fcnyas\u0131na \u00e7ocuk g\u00f6z\u00fcyle bakabilmeyi de ba\u015faran Mavisel Yener mavi b\u0131y\u0131kl\u0131, mor partili, ye\u015fil t\u00fcyl\u00fc bir kedi<span class=\"excerpt-hellip\"> [\u2026]<\/span><\/p>\n","protected":false},"featured_media":0,"template":"","meta":{"_monsterinsights_skip_tracking":false,"_monsterinsights_sitenote_active":false,"_monsterinsights_sitenote_note":"","_monsterinsights_sitenote_category":0},"product_brand":[],"product_cat":[12274,12284],"product_tag":[],"class_list":{"0":"post-697148","1":"product","2":"type-product","3":"status-publish","5":"product_cat-cocuk-ve-genclik-kitaplari","6":"product_cat-hikayeler","7":"pa_cilt-ciltsiz","8":"pa_tur-kitap","9":"pa_yayinevi-bilgi-yayinevi-cocuk","10":"pa_yazar-mavisel-yener","12":"first","13":"instock","14":"sale","15":"shipping-taxable","16":"purchasable","17":"product-type-simple"},"_links":{"self":[{"href":"https:\/\/roveyayinevi.com.tr\/index.php\/wp-json\/wp\/v2\/product\/697148","targetHints":{"allow":["GET"]}}],"collection":[{"href":"https:\/\/roveyayinevi.com.tr\/index.php\/wp-json\/wp\/v2\/product"}],"about":[{"href":"https:\/\/roveyayinevi.com.tr\/index.php\/wp-json\/wp\/v2\/types\/product"}],"wp:attachment":[{"href":"https:\/\/roveyayinevi.com.tr\/index.php\/wp-json\/wp\/v2\/media?parent=697148"}],"wp:term":[{"taxonomy":"product_brand","embeddable":true,"href":"https:\/\/roveyayinevi.com.tr\/index.php\/wp-json\/wp\/v2\/product_brand?post=697148"},{"taxonomy":"product_cat","embeddable":true,"href":"https:\/\/roveyayinevi.com.tr\/index.php\/wp-json\/wp\/v2\/product_cat?post=697148"},{"taxonomy":"product_tag","embeddable":true,"href":"https:\/\/roveyayinevi.com.tr\/index.php\/wp-json\/wp\/v2\/product_tag?post=697148"}],"curies":[{"name":"wp","href":"https:\/\/api.w.org\/{rel}","templated":true}]}}