{"id":697145,"date":"2025-08-27T14:38:24","date_gmt":"2025-08-27T11:38:24","guid":{"rendered":"https:\/\/roveyayinevi.com.tr\/index.php\/urun\/dolunay-dedektifleri-oluler-ormani\/"},"modified":"2026-04-16T02:06:53","modified_gmt":"2026-04-15T23:06:53","slug":"dolunay-dedektifleri-oluler-ormani","status":"publish","type":"product","link":"https:\/\/roveyayinevi.com.tr\/index.php\/urun\/dolunay-dedektifleri-oluler-ormani\/","title":{"rendered":"Dolunay Dedektifleri &#8211; \u00d6l\u00fcler Orman\u0131"},"content":{"rendered":"<p>Onlar, be\u015f kafadar arkada\u015f. Heyecanl\u0131, enerjik, ak\u0131ll\u0131 ve merakl\u0131. Dolunay onlar\u0131n ya\u015fam\u0131na, ola\u011fan\u00fcst\u00fc bir ser\u00fcvenle girdi. Birbiri pe\u015fis\u0131ra \u00f6yle gizemli olaylar\u0131 \u00e7\u00f6zd\u00fcler ki \u015fimdi d\u00fcnyan\u0131n \u00fcnl\u00fc dedektifleri \u015fa\u015fk\u0131nl\u0131k i\u00e7inde onlar\u0131 izliyor. \u0130lk d\u00f6rt kitab\u0131 ile \u00e7ocuklar\u0131 inan\u0131lmaz ser\u00fcvenlere s\u00fcr\u00fckleyen dedektiflik dizisinin be\u015finci kitab\u0131nda macera devam ediyor. <\/p>\n","protected":false},"excerpt":{"rendered":"<p>Onlar, be\u015f kafadar arkada\u015f. Heyecanl\u0131, enerjik, ak\u0131ll\u0131 ve merakl\u0131. Dolunay onlar\u0131n ya\u015fam\u0131na, ola\u011fan\u00fcst\u00fc bir ser\u00fcvenle girdi. Birbiri pe\u015fis\u0131ra \u00f6yle gizemli olaylar\u0131 \u00e7\u00f6zd\u00fcler ki \u015fimdi d\u00fcnyan\u0131n \u00fcnl\u00fc<span class=\"excerpt-hellip\"> [\u2026]<\/span><\/p>\n","protected":false},"featured_media":0,"template":"","meta":{"_monsterinsights_skip_tracking":false,"_monsterinsights_sitenote_active":false,"_monsterinsights_sitenote_note":"","_monsterinsights_sitenote_category":0},"product_brand":[],"product_cat":[12274,12284],"product_tag":[],"class_list":{"0":"post-697145","1":"product","2":"type-product","3":"status-publish","5":"product_cat-cocuk-ve-genclik-kitaplari","6":"product_cat-hikayeler","7":"pa_cilt-ciltsiz","8":"pa_tur-kitap","9":"pa_yayinevi-bilgi-yayinevi-cocuk","10":"pa_yazar-mavisel-yener","12":"first","13":"instock","14":"sale","15":"shipping-taxable","16":"purchasable","17":"product-type-simple"},"_links":{"self":[{"href":"https:\/\/roveyayinevi.com.tr\/index.php\/wp-json\/wp\/v2\/product\/697145","targetHints":{"allow":["GET"]}}],"collection":[{"href":"https:\/\/roveyayinevi.com.tr\/index.php\/wp-json\/wp\/v2\/product"}],"about":[{"href":"https:\/\/roveyayinevi.com.tr\/index.php\/wp-json\/wp\/v2\/types\/product"}],"wp:attachment":[{"href":"https:\/\/roveyayinevi.com.tr\/index.php\/wp-json\/wp\/v2\/media?parent=697145"}],"wp:term":[{"taxonomy":"product_brand","embeddable":true,"href":"https:\/\/roveyayinevi.com.tr\/index.php\/wp-json\/wp\/v2\/product_brand?post=697145"},{"taxonomy":"product_cat","embeddable":true,"href":"https:\/\/roveyayinevi.com.tr\/index.php\/wp-json\/wp\/v2\/product_cat?post=697145"},{"taxonomy":"product_tag","embeddable":true,"href":"https:\/\/roveyayinevi.com.tr\/index.php\/wp-json\/wp\/v2\/product_tag?post=697145"}],"curies":[{"name":"wp","href":"https:\/\/api.w.org\/{rel}","templated":true}]}}