{"id":697144,"date":"2025-08-27T14:38:23","date_gmt":"2025-08-27T11:38:23","guid":{"rendered":"https:\/\/roveyayinevi.com.tr\/index.php\/urun\/dil-su-buyulu-duzen\/"},"modified":"2026-04-16T02:06:53","modified_gmt":"2026-04-15T23:06:53","slug":"dil-su-buyulu-duzen","status":"publish","type":"product","link":"https:\/\/roveyayinevi.com.tr\/index.php\/urun\/dil-su-buyulu-duzen\/","title":{"rendered":"Dil, \u015eu B\u00fcy\u00fcl\u00fc D\u00fczen"},"content":{"rendered":"<p>\u015eu konu\u015ftu\u011fumuz dil, yery\u00fcz\u00fcnde \u00e7e\u015fitli toplumlar\u0131n yararland\u0131\u011f\u0131 diller, neresinden bakarsan\u0131z bak\u0131n, b\u00fcy\u00fcl\u00fc, ola\u011fan\u00fcst\u00fc \u015fa\u015f\u0131lacak bir d\u00fczenin varl\u0131\u011f\u0131n\u0131 ortaya koymaktad\u0131r; insana \u00f6zg\u00fc, onun ola\u011fan\u00fcst\u00fc yarad\u0131l\u0131\u015f\u0131na ba\u011fl\u0131 bir d\u00fczenin&#8230; Bu kitap bir yandan dilbilim konular\u0131n\u0131 herkese seslenecek bi\u00e7imde ele almaya, bir yandan da dilbilim, filoloji \u00f6\u011frencilerine, bu alanlarda \u00e7al\u0131\u015fanlara ve dile ilgi duyan, dile merakl\u0131 kimselere yararl\u0131 olmaya y\u00f6nelmi\u015ftir. Bu nedenle, her konudaki b\u00fct\u00fcn yay\u0131nlar\u0131n de\u011fil, baz\u0131 ana kaynaklar\u0131n g\u00f6sterilmesi yoluna gidilmi\u015f, okurun, \u00e7o\u011funlu\u011fu yabanc\u0131 bir y\u0131\u011f\u0131n ak\u0131m ve ara\u015ft\u0131rmac\u0131 ad\u0131yla kar\u015f\u0131 kar\u015f\u0131ya kalmadan ba\u015fl\u0131ca \u00e7al\u0131\u015fma konular\u0131na ve ana kavramlara ula\u015fmas\u0131 ye\u011flenmi\u015ftir. &#8220;Dil, \u015eu B\u00fcy\u00fcl\u00fc D\u00fczen&#8230;&#8221; okurlara, bug\u00fcne kadar dilin ortaya \u00e7\u0131kan y\u00f6nlerinden \u00f6nemli bir b\u00f6l\u00fcm\u00fcn\u00fc sunmaktad\u0131r.<\/p>\n","protected":false},"excerpt":{"rendered":"<p>\u015eu konu\u015ftu\u011fumuz dil, yery\u00fcz\u00fcnde \u00e7e\u015fitli toplumlar\u0131n yararland\u0131\u011f\u0131 diller, neresinden bakarsan\u0131z bak\u0131n, b\u00fcy\u00fcl\u00fc, ola\u011fan\u00fcst\u00fc \u015fa\u015f\u0131lacak bir d\u00fczenin varl\u0131\u011f\u0131n\u0131 ortaya koymaktad\u0131r; insana \u00f6zg\u00fc, onun ola\u011fan\u00fcst\u00fc yarad\u0131l\u0131\u015f\u0131na ba\u011fl\u0131 bir<span class=\"excerpt-hellip\"> [\u2026]<\/span><\/p>\n","protected":false},"featured_media":0,"template":"","meta":{"_monsterinsights_skip_tracking":false,"_monsterinsights_sitenote_active":false,"_monsterinsights_sitenote_note":"","_monsterinsights_sitenote_category":0},"product_brand":[],"product_cat":[12365,12364],"product_tag":[],"class_list":{"0":"post-697144","1":"product","2":"type-product","3":"status-publish","5":"product_cat-diger-genel-konular","6":"product_cat-genel-konular","7":"pa_cilt-ciltsiz","8":"pa_tur-kitap","9":"pa_yayinevi-bilgi-yayinevi","10":"pa_yazar-dogan-aksan","12":"first","13":"instock","14":"sale","15":"shipping-taxable","16":"purchasable","17":"product-type-simple"},"_links":{"self":[{"href":"https:\/\/roveyayinevi.com.tr\/index.php\/wp-json\/wp\/v2\/product\/697144","targetHints":{"allow":["GET"]}}],"collection":[{"href":"https:\/\/roveyayinevi.com.tr\/index.php\/wp-json\/wp\/v2\/product"}],"about":[{"href":"https:\/\/roveyayinevi.com.tr\/index.php\/wp-json\/wp\/v2\/types\/product"}],"wp:attachment":[{"href":"https:\/\/roveyayinevi.com.tr\/index.php\/wp-json\/wp\/v2\/media?parent=697144"}],"wp:term":[{"taxonomy":"product_brand","embeddable":true,"href":"https:\/\/roveyayinevi.com.tr\/index.php\/wp-json\/wp\/v2\/product_brand?post=697144"},{"taxonomy":"product_cat","embeddable":true,"href":"https:\/\/roveyayinevi.com.tr\/index.php\/wp-json\/wp\/v2\/product_cat?post=697144"},{"taxonomy":"product_tag","embeddable":true,"href":"https:\/\/roveyayinevi.com.tr\/index.php\/wp-json\/wp\/v2\/product_tag?post=697144"}],"curies":[{"name":"wp","href":"https:\/\/api.w.org\/{rel}","templated":true}]}}