{"id":697138,"date":"2025-08-27T14:38:22","date_gmt":"2025-08-27T11:38:22","guid":{"rendered":"https:\/\/roveyayinevi.com.tr\/index.php\/urun\/degirmenimden-mektuplar-6\/"},"modified":"2026-04-16T02:06:52","modified_gmt":"2026-04-15T23:06:52","slug":"degirmenimden-mektuplar-6","status":"publish","type":"product","link":"https:\/\/roveyayinevi.com.tr\/index.php\/urun\/degirmenimden-mektuplar-6\/","title":{"rendered":"De\u011firmenimden Mektuplar"},"content":{"rendered":"<p>Alt\u0131n Beyinli Adam, Bay Seguin\u2019in Ke\u00e7isi, Arlesli K\u0131z, Papa\u2019n\u0131n Kat\u0131r\u0131&#8230; Bu muhte\u015fem \u00f6yk\u00fclerin hepsi de d\u00fcnyaca \u00fcnl\u00fc. G\u00fcney Fransa\u2019n\u0131n ho\u015f mizac\u0131n\u0131 ve \u015fairane yap\u0131s\u0131n\u0131 yans\u0131tan bu hik\u00e2yeler k\u00f6t\u00fcl\u00fc\u011f\u00fcn, iyili\u011fin, duygular\u0131n ve ya\u015fam sevincinin e\u015fsiz bir karmas\u0131. Daudet do\u011faya, canl\u0131lara ve yard\u0131ma muhta\u00e7lara sempati duyuyor, onlar\u0131n \u015fark\u0131lar\u0131na ortak oluyor. Her kelime, her sat\u0131r yaln\u0131zca d\u00e2hiyane bir yarat\u0131c\u0131l\u0131kla kurgulanmam\u0131\u015f; ayn\u0131 zamanda sanki ya\u015fanm\u0131\u015f ve y\u00fcrekten hissedilmi\u015f. Her hik\u00e2ye ba\u015fl\u0131 ba\u015f\u0131na bir \u015faheser. \ufffc<\/p>\n","protected":false},"excerpt":{"rendered":"<p>Alt\u0131n Beyinli Adam, Bay Seguin\u2019in Ke\u00e7isi, Arlesli K\u0131z, Papa\u2019n\u0131n Kat\u0131r\u0131&#8230; Bu muhte\u015fem \u00f6yk\u00fclerin hepsi de d\u00fcnyaca \u00fcnl\u00fc. G\u00fcney Fransa\u2019n\u0131n ho\u015f mizac\u0131n\u0131 ve \u015fairane yap\u0131s\u0131n\u0131 yans\u0131tan bu<span class=\"excerpt-hellip\"> [\u2026]<\/span><\/p>\n","protected":false},"featured_media":0,"template":"","meta":{"_monsterinsights_skip_tracking":false,"_monsterinsights_sitenote_active":false,"_monsterinsights_sitenote_note":"","_monsterinsights_sitenote_category":0},"product_brand":[],"product_cat":[12274,12284],"product_tag":[],"class_list":{"0":"post-697138","1":"product","2":"type-product","3":"status-publish","5":"product_cat-cocuk-ve-genclik-kitaplari","6":"product_cat-hikayeler","7":"pa_cilt-ciltsiz","8":"pa_tur-kitap","9":"pa_yayinevi-bilgi-yayinevi-cocuk","10":"pa_yazar-alphonse-daudet","12":"first","13":"instock","14":"sale","15":"shipping-taxable","16":"purchasable","17":"product-type-simple"},"_links":{"self":[{"href":"https:\/\/roveyayinevi.com.tr\/index.php\/wp-json\/wp\/v2\/product\/697138","targetHints":{"allow":["GET"]}}],"collection":[{"href":"https:\/\/roveyayinevi.com.tr\/index.php\/wp-json\/wp\/v2\/product"}],"about":[{"href":"https:\/\/roveyayinevi.com.tr\/index.php\/wp-json\/wp\/v2\/types\/product"}],"wp:attachment":[{"href":"https:\/\/roveyayinevi.com.tr\/index.php\/wp-json\/wp\/v2\/media?parent=697138"}],"wp:term":[{"taxonomy":"product_brand","embeddable":true,"href":"https:\/\/roveyayinevi.com.tr\/index.php\/wp-json\/wp\/v2\/product_brand?post=697138"},{"taxonomy":"product_cat","embeddable":true,"href":"https:\/\/roveyayinevi.com.tr\/index.php\/wp-json\/wp\/v2\/product_cat?post=697138"},{"taxonomy":"product_tag","embeddable":true,"href":"https:\/\/roveyayinevi.com.tr\/index.php\/wp-json\/wp\/v2\/product_tag?post=697138"}],"curies":[{"name":"wp","href":"https:\/\/api.w.org\/{rel}","templated":true}]}}