{"id":697137,"date":"2025-08-27T14:38:21","date_gmt":"2025-08-27T11:38:21","guid":{"rendered":"https:\/\/roveyayinevi.com.tr\/index.php\/urun\/cocuk-oyunlari\/"},"modified":"2026-04-16T02:06:52","modified_gmt":"2026-04-15T23:06:52","slug":"cocuk-oyunlari","status":"publish","type":"product","link":"https:\/\/roveyayinevi.com.tr\/index.php\/urun\/cocuk-oyunlari\/","title":{"rendered":"\u00c7ocuk Oyunlar\u0131"},"content":{"rendered":"<p>Erdo\u011fan Tokmak\u00e7\u0131o\u011flu bu kitab\u0131 internet \u00e7a\u011f\u0131nda sanal oyunlara dal\u0131p gitmi\u015f \u00e7ocuklar\u0131m\u0131z\u0131n eski  \u00e7ocuk oyunlar\u0131n\u0131  unutmamalar\u0131 i\u00e7in anaokullar\u0131, ilk\u00f6\u011fretim s\u0131n\u0131flar\u0131, t\u00fcm \u00f6\u011fretmenler ve anne-babalar i\u00e7in haz\u0131rlad\u0131. <\/p>\n","protected":false},"excerpt":{"rendered":"<p>Erdo\u011fan Tokmak\u00e7\u0131o\u011flu bu kitab\u0131 internet \u00e7a\u011f\u0131nda sanal oyunlara dal\u0131p gitmi\u015f \u00e7ocuklar\u0131m\u0131z\u0131n eski \u00e7ocuk oyunlar\u0131n\u0131 unutmamalar\u0131 i\u00e7in anaokullar\u0131, ilk\u00f6\u011fretim s\u0131n\u0131flar\u0131, t\u00fcm \u00f6\u011fretmenler ve anne-babalar i\u00e7in haz\u0131rlad\u0131.<\/p>\n","protected":false},"featured_media":0,"template":"","meta":{"_monsterinsights_skip_tracking":false,"_monsterinsights_sitenote_active":false,"_monsterinsights_sitenote_note":"","_monsterinsights_sitenote_category":0},"product_brand":[],"product_cat":[12274,12649],"product_tag":[],"class_list":{"0":"post-697137","1":"product","2":"type-product","3":"status-publish","5":"product_cat-cocuk-ve-genclik-kitaplari","6":"product_cat-hobi-muzik","7":"pa_tur-kitap","8":"pa_yayinevi-bilgi-yayinevi-cocuk","9":"pa_yazar-erdogan-tokmakcioglu","11":"first","12":"instock","13":"sale","14":"shipping-taxable","15":"purchasable","16":"product-type-simple"},"_links":{"self":[{"href":"https:\/\/roveyayinevi.com.tr\/index.php\/wp-json\/wp\/v2\/product\/697137","targetHints":{"allow":["GET"]}}],"collection":[{"href":"https:\/\/roveyayinevi.com.tr\/index.php\/wp-json\/wp\/v2\/product"}],"about":[{"href":"https:\/\/roveyayinevi.com.tr\/index.php\/wp-json\/wp\/v2\/types\/product"}],"wp:attachment":[{"href":"https:\/\/roveyayinevi.com.tr\/index.php\/wp-json\/wp\/v2\/media?parent=697137"}],"wp:term":[{"taxonomy":"product_brand","embeddable":true,"href":"https:\/\/roveyayinevi.com.tr\/index.php\/wp-json\/wp\/v2\/product_brand?post=697137"},{"taxonomy":"product_cat","embeddable":true,"href":"https:\/\/roveyayinevi.com.tr\/index.php\/wp-json\/wp\/v2\/product_cat?post=697137"},{"taxonomy":"product_tag","embeddable":true,"href":"https:\/\/roveyayinevi.com.tr\/index.php\/wp-json\/wp\/v2\/product_tag?post=697137"}],"curies":[{"name":"wp","href":"https:\/\/api.w.org\/{rel}","templated":true}]}}