{"id":697135,"date":"2025-08-27T14:38:21","date_gmt":"2025-08-27T11:38:21","guid":{"rendered":"https:\/\/roveyayinevi.com.tr\/index.php\/urun\/cumhuriyet-doneminden-bugune-orneklerle-siir-cozumlemeleri\/"},"modified":"2026-04-16T02:06:52","modified_gmt":"2026-04-15T23:06:52","slug":"cumhuriyet-doneminden-bugune-orneklerle-siir-cozumlemeleri","status":"publish","type":"product","link":"https:\/\/roveyayinevi.com.tr\/index.php\/urun\/cumhuriyet-doneminden-bugune-orneklerle-siir-cozumlemeleri\/","title":{"rendered":"Cumhuriyet D\u00f6neminden Bug\u00fcne \u00d6rneklerle \u015eiir \u00c7\u00f6z\u00fcmlemeleri"},"content":{"rendered":"<p>Cumhuriyet D\u00f6neminden Bug\u00fcne \u00d6rneklerle \u015eiir \u00c7\u00f6z\u00fcmlemeleri nde, Ahmet Ha\u015fim, N\u00e2z\u0131m Hikmet, Ahmed \u00c2rif, Attil\u00e2 \u0130lhan, Can Y\u00fccel, Ece Ayhan gibi T\u00fcrk \u015fiirinde s\u00f6z sahibi pek \u00e7ok \u015fairimizin \u015fiirlerinden al\u0131nan \u00f6rneklerin \u00e7\u00f6z\u00fcmlemeleri yer almaktad\u0131r. Bununla ama\u00e7lanan, \u015fiirlerin ilk bak\u0131\u015fta fark\u0131na var\u0131lmayan duygu-d\u00fc\u015f\u00fcnce-co\u015fku \u00f6\u011felerini olu\u015fturan ve anlam olay\u0131 say\u0131lan s\u00f6z sanatlar\u0131n\u0131, dil kullan\u0131m\u0131ndaki ustal\u0131klar\u0131 ayd\u0131nlatmakt\u0131r. Profes\u00f6r Do\u011fan Aksan, yaz\u0131n\u0131m\u0131za T\u00fcrk\u00e7enin G\u00fcc\u00fc , Halk \u015eiirimizin G\u00fcc\u00fc , T\u00fcrkiye T\u00fcrk\u00e7esinin D\u00fcn\u00fc, Bug\u00fcn\u00fc, Yar\u0131n\u0131 gibi de\u011ferli eserler kazand\u0131ran ve eserleri ders kitab\u0131 olarak da okutulan, en \u00f6nemli dilbilimcilerimizdendir. Aksan bu kitapla, \u015fiir inceleme ve \u00e7\u00f6z\u00fcmlemeleri alan\u0131nda \u00e7al\u0131\u015fanlara, \u015fairlere, \u015fiirden ho\u015flananlara ve filoloji \u00f6\u011frencilerine yeni bir bak\u0131\u015f a\u00e7\u0131s\u0131, yeni bir soluk getirebilmeyi ummaktad\u0131r. \ufffc<\/p>\n","protected":false},"excerpt":{"rendered":"<p>Cumhuriyet D\u00f6neminden Bug\u00fcne \u00d6rneklerle \u015eiir \u00c7\u00f6z\u00fcmlemeleri nde, Ahmet Ha\u015fim, N\u00e2z\u0131m Hikmet, Ahmed \u00c2rif, Attil\u00e2 \u0130lhan, Can Y\u00fccel, Ece Ayhan gibi T\u00fcrk \u015fiirinde s\u00f6z sahibi pek \u00e7ok<span class=\"excerpt-hellip\"> [\u2026]<\/span><\/p>\n","protected":false},"featured_media":0,"template":"","meta":{"_monsterinsights_skip_tracking":false,"_monsterinsights_sitenote_active":false,"_monsterinsights_sitenote_note":"","_monsterinsights_sitenote_category":0},"product_brand":[],"product_cat":[12291,12292],"product_tag":[],"class_list":{"0":"post-697135","1":"product","2":"type-product","3":"status-publish","5":"product_cat-edebiyat","6":"product_cat-turk-edebiyati","7":"pa_cilt-ciltsiz","8":"pa_tur-kitap","9":"pa_yayinevi-bilgi-yayinevi","10":"pa_yazar-dogan-aksan","12":"first","13":"instock","14":"sale","15":"shipping-taxable","16":"purchasable","17":"product-type-simple"},"_links":{"self":[{"href":"https:\/\/roveyayinevi.com.tr\/index.php\/wp-json\/wp\/v2\/product\/697135","targetHints":{"allow":["GET"]}}],"collection":[{"href":"https:\/\/roveyayinevi.com.tr\/index.php\/wp-json\/wp\/v2\/product"}],"about":[{"href":"https:\/\/roveyayinevi.com.tr\/index.php\/wp-json\/wp\/v2\/types\/product"}],"wp:attachment":[{"href":"https:\/\/roveyayinevi.com.tr\/index.php\/wp-json\/wp\/v2\/media?parent=697135"}],"wp:term":[{"taxonomy":"product_brand","embeddable":true,"href":"https:\/\/roveyayinevi.com.tr\/index.php\/wp-json\/wp\/v2\/product_brand?post=697135"},{"taxonomy":"product_cat","embeddable":true,"href":"https:\/\/roveyayinevi.com.tr\/index.php\/wp-json\/wp\/v2\/product_cat?post=697135"},{"taxonomy":"product_tag","embeddable":true,"href":"https:\/\/roveyayinevi.com.tr\/index.php\/wp-json\/wp\/v2\/product_tag?post=697135"}],"curies":[{"name":"wp","href":"https:\/\/api.w.org\/{rel}","templated":true}]}}