{"id":697130,"date":"2025-08-27T14:38:19","date_gmt":"2025-08-27T11:38:19","guid":{"rendered":"https:\/\/roveyayinevi.com.tr\/index.php\/urun\/ruj-lekesi\/"},"modified":"2026-04-16T02:06:52","modified_gmt":"2026-04-15T23:06:52","slug":"ruj-lekesi","status":"publish","type":"product","link":"https:\/\/roveyayinevi.com.tr\/index.php\/urun\/ruj-lekesi\/","title":{"rendered":"Ruj Lekesi"},"content":{"rendered":"<p>Sa\u00e7mal\u0131k bu!   Bilgi dedi\u011finiz, y\u00fckseklerden bakan d\u00fczenbaz miyoplar\u0131n   sorumsuzca \u00e7\u00f6plenelim, yedik\u00e7e \u015fi\u015finelim ve sonu\u00e7ta kar\u015f\u0131m\u0131za \u00e7\u0131kan bilgi heveslisi gen\u00e7ler \u00fczerinden ego\u2019lar\u0131m\u0131z\u0131 tatmin edelim   diye \u00f6n\u00fcm\u00fcze s\u00fcrd\u00fckleri leziz tatlarla dolu bir m\u00f6n\u00fcden ba\u015fka nedir ki? Dadac\u0131lar avangart sanat tarihinden, Sex Pistols rock tarihinden, Paris Kom\u00fcn\u00fc ise sosyalist m\u00fccadeleler tarihinden izler ta\u015f\u0131yan birer ak\u0131m; Sit\u00fcasyonist Enternasyonal hareket de kolej mezunu radikallerimizin kendi imgelerini d\u00fc\u015f\u00fcrerek avunduklar\u0131 yal\u0131n bir ayna de\u011fil midir? Karl Marx\u2019\u0131n Katharistlerle, Hasan Sabbah\u2019\u0131n Slits\u2019le, kendini i\u015f\u00e7i s\u0131n\u0131f\u0131n\u0131n davas\u0131na adayan sevgili Rosa L\u00fcxemburg\u2019un a\u015fkla, Adorno\u2019nun Lettrist Enternasyonal\u2019le ne gibi bir alakas\u0131 olabilir? \u00c7a\u011flar   gerisinde, \u00fcst\u00fcnde, alt\u0131nda, yan\u0131nda kalmak i\u00e7in   de\u011fil midir?   Zamans\u0131z bir alemde devinip duran \u00e7a\u011flar\u0131 \u00f6n\u00fcne ve i\u00e7ine alman\u0131n   ne gere\u011fi var? Bilgi diye sunulagelmi\u015f \u00e7\u00f6pl\u00fc\u011f\u00fcn i\u00e7inde ziyafete dalan domuzcuklar gibi haz duyarak gev\u015femek varken bu zevzeklik de ne oluyor? Tarih kelam\u0131n \u2018ol!\u2019 buyru\u011fuyla gelen \u015fiddetle mi ba\u015flar, yoksa Slits\u2019in bir konser esnas\u0131nda kanl\u0131 adet bezlerini hayranlar\u0131n\u0131n surat\u0131na f\u0131rlatmas\u0131yla m\u0131? 12. y\u00fczy\u0131lda Balkanlar\u2019da do\u011fan bir sapk\u0131nl\u0131\u011f\u0131n Alman \u0130\u015f\u00e7i Konseylerini kucaklay\u0131p Strasbourg\u2019u dola\u015ft\u0131ktan sonra Das Kapital\u2019den ald\u0131\u011f\u0131 feyzle Johny Rotten\u2019\u0131n g\u0131rtla\u011f\u0131nda patlamas\u0131 nas\u0131l bir tarih ola ki? Nas\u0131l olur da Kronstadt direni\u015f\u00e7ilerinin nefesi Lora Logic\u2019in dudaklar\u0131nda ahenkle \u00e7\u0131nlamaya ba\u015flar? <\/p>\n","protected":false},"excerpt":{"rendered":"<p>Sa\u00e7mal\u0131k bu! Bilgi dedi\u011finiz, y\u00fckseklerden bakan d\u00fczenbaz miyoplar\u0131n sorumsuzca \u00e7\u00f6plenelim, yedik\u00e7e \u015fi\u015finelim ve sonu\u00e7ta kar\u015f\u0131m\u0131za \u00e7\u0131kan bilgi heveslisi gen\u00e7ler \u00fczerinden ego\u2019lar\u0131m\u0131z\u0131 tatmin edelim diye \u00f6n\u00fcm\u00fcze s\u00fcrd\u00fckleri<span class=\"excerpt-hellip\"> [\u2026]<\/span><\/p>\n","protected":false},"featured_media":0,"template":"","meta":{"_monsterinsights_skip_tracking":false,"_monsterinsights_sitenote_active":false,"_monsterinsights_sitenote_note":"","_monsterinsights_sitenote_category":0},"product_brand":[],"product_cat":[12305,12304],"product_tag":[],"class_list":{"0":"post-697130","1":"product","2":"type-product","3":"status-publish","5":"product_cat-dunya-tarihi","6":"product_cat-tarih","7":"pa_cilt-ciltsiz","8":"pa_tur-kitap","9":"pa_yayinevi-ayrinti-yayinlari","10":"pa_yazar-greil-marcus","12":"first","13":"instock","14":"sale","15":"shipping-taxable","16":"purchasable","17":"product-type-simple"},"_links":{"self":[{"href":"https:\/\/roveyayinevi.com.tr\/index.php\/wp-json\/wp\/v2\/product\/697130","targetHints":{"allow":["GET"]}}],"collection":[{"href":"https:\/\/roveyayinevi.com.tr\/index.php\/wp-json\/wp\/v2\/product"}],"about":[{"href":"https:\/\/roveyayinevi.com.tr\/index.php\/wp-json\/wp\/v2\/types\/product"}],"wp:attachment":[{"href":"https:\/\/roveyayinevi.com.tr\/index.php\/wp-json\/wp\/v2\/media?parent=697130"}],"wp:term":[{"taxonomy":"product_brand","embeddable":true,"href":"https:\/\/roveyayinevi.com.tr\/index.php\/wp-json\/wp\/v2\/product_brand?post=697130"},{"taxonomy":"product_cat","embeddable":true,"href":"https:\/\/roveyayinevi.com.tr\/index.php\/wp-json\/wp\/v2\/product_cat?post=697130"},{"taxonomy":"product_tag","embeddable":true,"href":"https:\/\/roveyayinevi.com.tr\/index.php\/wp-json\/wp\/v2\/product_tag?post=697130"}],"curies":[{"name":"wp","href":"https:\/\/api.w.org\/{rel}","templated":true}]}}