{"id":697129,"date":"2025-08-27T14:38:19","date_gmt":"2025-08-27T11:38:19","guid":{"rendered":"https:\/\/roveyayinevi.com.tr\/index.php\/urun\/sikigozetim\/"},"modified":"2026-04-16T02:06:52","modified_gmt":"2026-04-15T23:06:52","slug":"sikigozetim","status":"publish","type":"product","link":"https:\/\/roveyayinevi.com.tr\/index.php\/urun\/sikigozetim\/","title":{"rendered":"S\u0131k\u0131g\u00f6zetim"},"content":{"rendered":"<p>Bir hapishane h\u00fccresinde \u00fc\u00e7 gen\u00e7 mahk\u00fbm&#8230; \u0130\u015fledi\u011fi cinayet nedeniyle \u00f6l\u00fcm cezas\u0131na \u00e7arpt\u0131r\u0131lm\u0131\u015f Ye\u015fil G\u00f6zl\u00fc ile ufak tefek su\u00e7lardan tutuklu bulunan Lefranc ve Maurice. Aralar\u0131nda k\u0131yas\u0131ya bir \u00e7eki\u015fme var. Lefranc, Ye\u015fil G\u00f6zl\u00fc\u2019n\u00fcn hapishanenin kat\u0131 hiyerar\u015fisi i\u00e7inde sahip oldu\u011fu g\u00fcce g\u0131pta ediyor. Mademki cinayet b\u00f6ylesi bir n\u00fcfuza kap\u0131y\u0131 a\u00e7\u0131yor, o halde neden o da bir cinayet i\u015flemesin? Gerek\u00e7esi farkl\u0131 da olsa Raskolnikov\u2019un hatas\u0131na d\u00fc\u015fmesi an meselesi. Gardiyanlar\u0131n mahk\u00fbmlar\u0131, mahk\u00fbmlar\u0131n da birbirlerini s\u0131k\u0131 bir g\u00f6zetim alt\u0131nda tuttuklar\u0131 bu gerilimi y\u00fcksek ortamda, h\u00fccrenin en zay\u0131f halkas\u0131, alayc\u0131 ve kad\u0131ns\u0131 Maurice, ya\u015fanan g\u00fc\u00e7 m\u00fccadelesinin kaybedeni olmak \u00fczere.   JEAN GENET (D. 19 Aral\u0131k 1910- \u00d6. 15 Nisan 1986) Paris\u2019te do\u011fdu. Evlilikd\u0131\u015f\u0131 bir \u00e7ocuk oldu\u011fu i\u00e7in annesi taraf\u0131ndan terk edildi, on ya\u015f\u0131na de\u011fin bir yetimhanede ve Morvan\u2019da bir \u00e7ift\u00e7i ailesinin yan\u0131nda kald\u0131. On ya\u015f\u0131ndayken girdi\u011fi \u0131slahevinden 1926\u2019da ka\u00e7arak Frans\u0131z s\u00f6m\u00fcrge birliklerine kat\u0131ld\u0131. K\u0131sa bir s\u00fcre sonra oradan da ka\u00e7t\u0131 ve Avrupa\u2019n\u0131n \u00e7e\u015fitli \u00fclkelerinde h\u0131rs\u0131zl\u0131k, ka\u00e7ak\u00e7\u0131l\u0131k olaylar\u0131na kar\u0131\u015farak tam bir serseri gibi ya\u015fad\u0131. \u0130\u015fledi\u011fi su\u00e7lar y\u00fcz\u00fcnden s\u0131k s\u0131k hapse girdi. 1948\u2019de Fransa\u2019da h\u0131rs\u0131zl\u0131k y\u00fcz\u00fcnden onuncu kez yarg\u0131land\u0131 ve \u00f6m\u00fcr boyu hapis cezas\u0131na \u00e7arpt\u0131r\u0131ld\u0131. Bu arada, 1942\u2019de hapiste yazm\u0131\u015f oldu\u011fu Notre-Dame des fleurs (\u00c7i\u00e7eklerin Meryem Anas\u0131) adl\u0131 ilk roman\u0131 Andr\u00e9 Gide, Jean Cocteau ve Jean-Paul Sartre gibi \u00fcnl\u00fc yazarlar\u0131n dikkatini \u00e7ekti. Bu yazarlar\u0131n cumhurba\u015fkan\u0131na verdikleri bir dilek\u00e7e \u00fczerine ba\u011f\u0131\u015fland\u0131. Romanlar\u0131nda olduk\u00e7a \u015fiirsel bir dil kullanan Genet, kendi \u00f6zya\u015fam\u0131ndan yola \u00e7\u0131karak, yak\u0131ndan tan\u0131d\u0131\u011f\u0131 yeralt\u0131 d\u00fcnyas\u0131n\u0131 korkusuzca betimler. H\u0131rs\u0131zlar, katiller, ka\u00e7ak\u00e7\u0131lar, fahi\u015feler, e\u015fcinsellerle dolu olan bu d\u00fcnyan\u0131n pisli\u011fi ve \u015fiddeti, Genet\u2019nin g\u00fc\u00e7l\u00fc anlat\u0131m\u0131yla \u015fa\u015f\u0131rt\u0131c\u0131 bir g\u00fczellik kazan\u0131r. Oyunlar\u0131nda ise bu \u00f6zya\u015famsal y\u00f6ntemi bir yana b\u0131rakt\u0131\u011f\u0131 g\u00f6r\u00fcl\u00fcr. Oyun kahramanlar\u0131n\u0131n da romanlardaki insanlar gibi toplumd\u0131\u015f\u0131na itilmi\u015f kimseler olmalar\u0131na kar\u015f\u0131n, onun bu oyunlarda ya\u015famla ilgili d\u00fc\u015f\u00fcncelerinin \u00f6z\u00fcn\u00fc dile getirmeye \u00e7al\u0131\u015ft\u0131\u011f\u0131 s\u00f6ylenebilir. Genet bu yap\u0131tlar\u0131nda ya\u015fam\u0131n bir tan\u0131m\u0131n\u0131 vermeye \u00e7al\u0131\u015f\u0131r. Ancak ona g\u00f6re, ya\u015fam ya\u015fanarak kavransa bile, tam anlam\u0131yla a\u00e7\u0131klanamayaca\u011f\u0131 i\u00e7in b\u00f6yle bir tan\u0131m olanaks\u0131zd\u0131r. Her insan\u0131n bir kimli\u011fi vard\u0131r ama insan kendi kimli\u011fini alg\u0131layamaz; kendisinin d\u00fc\u015fsel bir yans\u0131s\u0131n\u0131 ba\u015fka bir insan\u0131n g\u00f6z\u00fcnde g\u00f6rebilir. Genet\u2019ye g\u00f6re, insan bu belirsizlikten ve bo\u015fluktan kurtulmak i\u00e7in rol yapmaya ba\u015flar. Her rol de belli bir i\u015fleve verilen bir addan ba\u015fka bir \u015fey de\u011fildir. B\u00f6ylece eylemlerin yerini i\u015flevler al\u0131r, dolay\u0131s\u0131yla da ger\u00e7ek davran\u0131\u015flar t\u00f6rensi davran\u0131\u015flara d\u00f6n\u00fc\u015f\u00fcr. <\/p>\n","protected":false},"excerpt":{"rendered":"<p>Bir hapishane h\u00fccresinde \u00fc\u00e7 gen\u00e7 mahk\u00fbm&#8230; \u0130\u015fledi\u011fi cinayet nedeniyle \u00f6l\u00fcm cezas\u0131na \u00e7arpt\u0131r\u0131lm\u0131\u015f Ye\u015fil G\u00f6zl\u00fc ile ufak tefek su\u00e7lardan tutuklu bulunan Lefranc ve Maurice. Aralar\u0131nda k\u0131yas\u0131ya bir<span class=\"excerpt-hellip\"> [\u2026]<\/span><\/p>\n","protected":false},"featured_media":0,"template":"","meta":{"_monsterinsights_skip_tracking":false,"_monsterinsights_sitenote_active":false,"_monsterinsights_sitenote_note":"","_monsterinsights_sitenote_category":0},"product_brand":[],"product_cat":[12291,13376],"product_tag":[],"class_list":{"0":"post-697129","1":"product","2":"type-product","3":"status-publish","5":"product_cat-edebiyat","6":"product_cat-fransiz-edebiyati","7":"pa_tur-kitap","8":"pa_yayinevi-ayrinti-yayinlari","9":"pa_yazar-jean-genet","11":"first","12":"instock","13":"sale","14":"shipping-taxable","15":"purchasable","16":"product-type-simple"},"_links":{"self":[{"href":"https:\/\/roveyayinevi.com.tr\/index.php\/wp-json\/wp\/v2\/product\/697129","targetHints":{"allow":["GET"]}}],"collection":[{"href":"https:\/\/roveyayinevi.com.tr\/index.php\/wp-json\/wp\/v2\/product"}],"about":[{"href":"https:\/\/roveyayinevi.com.tr\/index.php\/wp-json\/wp\/v2\/types\/product"}],"wp:attachment":[{"href":"https:\/\/roveyayinevi.com.tr\/index.php\/wp-json\/wp\/v2\/media?parent=697129"}],"wp:term":[{"taxonomy":"product_brand","embeddable":true,"href":"https:\/\/roveyayinevi.com.tr\/index.php\/wp-json\/wp\/v2\/product_brand?post=697129"},{"taxonomy":"product_cat","embeddable":true,"href":"https:\/\/roveyayinevi.com.tr\/index.php\/wp-json\/wp\/v2\/product_cat?post=697129"},{"taxonomy":"product_tag","embeddable":true,"href":"https:\/\/roveyayinevi.com.tr\/index.php\/wp-json\/wp\/v2\/product_tag?post=697129"}],"curies":[{"name":"wp","href":"https:\/\/api.w.org\/{rel}","templated":true}]}}