{"id":697128,"date":"2025-08-27T14:38:19","date_gmt":"2025-08-27T11:38:19","guid":{"rendered":"https:\/\/roveyayinevi.com.tr\/index.php\/urun\/seks-isyanlari-toplumsal-cinsiyet-baskaldiri-ve-rocknroll\/"},"modified":"2026-04-16T02:06:52","modified_gmt":"2026-04-15T23:06:52","slug":"seks-isyanlari-toplumsal-cinsiyet-baskaldiri-ve-rocknroll","status":"publish","type":"product","link":"https:\/\/roveyayinevi.com.tr\/index.php\/urun\/seks-isyanlari-toplumsal-cinsiyet-baskaldiri-ve-rocknroll\/","title":{"rendered":"Seks \u0130syanlar\u0131 &#8211; Toplumsal Cinsiyet, Ba\u015fkald\u0131r\u0131 ve Rock\u2019n\u2019Roll"},"content":{"rendered":"<p>Rock konserlerinin sponsorlarca desteklenmesine evet mi, hay\u0131r m\u0131? Dev bir Amerikan \u015firketinin bir rock festivaline ad\u0131n\u0131 vermesi kabul edilebilir bir \u015fey mi? O festivale kat\u0131lmal\u0131 m\u0131 yoksa protesto mu etmeli? B\u00fct\u00fcn bunlar tart\u0131\u015f\u0131l\u0131rken, genel kabul g\u00f6ren, tart\u0131\u015f\u0131lmayan bir \u015fey var: Rock\u2019\u0131n d\u00fczen d\u0131\u015f\u0131l\u0131\u011f\u0131. Seks \u0130syanlar\u0131\u2019n\u0131n derdi de tam bu noktada ba\u015fl\u0131yor. \u00c7\u00fcnk\u00fc kitab\u0131n yazarlar\u0131na g\u00f6re rock, asi olmas\u0131na asi ama devrimci bir m\u00fczik de\u011fil! Kapitalizmle, d\u00fczenle uyum g\u00f6steren yanlar\u0131 var; elbette isyank\u00e2r ama bu rock\u2019\u00e7\u0131lar\u0131n her s\u0131n\u0131r\u0131 zorlad\u0131klar\u0131 anlam\u0131na gelmiyor. \u00d6zellikle bu s\u0131n\u0131rlar ataerkil d\u00fczenin toplumsal cinsiyet politikalar\u0131ysa&#8230; Kad\u0131n-erkek ili\u015fkileri s\u00f6z konusu oldu\u011funda rock\u2019\u0131n hesap vermesi gereken \u00e7ok \u015fey var. Zira \u00e7ok uzun bir s\u00fcredir, rock\u2019\u0131 feminen olana kar\u015f\u0131 duyulan korku ve nefret ate\u015fliyor; genellikle kad\u0131n d\u00fc\u015fmanl\u0131\u011f\u0131 ve ma\u00e7olukta had safhaya vard\u0131\u011f\u0131 zaman ritim en heyecan verici haline b\u00fcr\u00fcn\u00fcyor. M\u00fczikteki isyana toplumsal cinsiyet merce\u011finden bakan ilk kitap olan Seks \u0130syanlar\u0131 rock\u2019\u0131n karanl\u0131k y\u00fcre\u011findeki bu paradoksu incelerken bir rock severin heyecan\u0131yla, bir ele\u015ftirmenin m\u00fczi\u011fin kirli alt ak\u0131nt\u0131lar\u0131n\u0131 saptamas\u0131 aras\u0131ndaki keskin \u00e7izgide ilerliyor. Bu y\u00fczden Seks \u0130syanlar\u0131\u2019n\u0131 bir yarg\u0131lama de\u011fil, daha \u00e7ok bir fark\u0131na varma olarak almal\u0131. \u00c7\u00fcnk\u00fc Reynolds ve Press, rock\u2019a d\u0131\u015fardan bakan entelekt\u00fceller de\u011fil, y\u0131llardan beri rock\u2019\u0131n i\u00e7inde olan, en \u00e7ok ele\u015ftirdikleri Rolling Stones, Iggy Pop ve Nick Cave\u2019e \u00e2\u015f\u0131k olan yazarlar.<\/p>\n","protected":false},"excerpt":{"rendered":"<p>Rock konserlerinin sponsorlarca desteklenmesine evet mi, hay\u0131r m\u0131? Dev bir Amerikan \u015firketinin bir rock festivaline ad\u0131n\u0131 vermesi kabul edilebilir bir \u015fey mi? O festivale kat\u0131lmal\u0131 m\u0131<span class=\"excerpt-hellip\"> [\u2026]<\/span><\/p>\n","protected":false},"featured_media":0,"template":"","meta":{"_monsterinsights_skip_tracking":false,"_monsterinsights_sitenote_active":false,"_monsterinsights_sitenote_note":"","_monsterinsights_sitenote_category":0},"product_brand":[],"product_cat":[12835,12324],"product_tag":[],"class_list":{"0":"post-697128","1":"product","2":"type-product","3":"status-publish","5":"product_cat-genel-sosyoloji","6":"product_cat-sosyoloji","7":"pa_cilt-ciltsiz","8":"pa_tur-kitap","9":"pa_yayinevi-ayrinti-yayinlari","10":"pa_yazar-simon-reynolds","12":"first","13":"instock","14":"sale","15":"shipping-taxable","16":"purchasable","17":"product-type-simple"},"_links":{"self":[{"href":"https:\/\/roveyayinevi.com.tr\/index.php\/wp-json\/wp\/v2\/product\/697128","targetHints":{"allow":["GET"]}}],"collection":[{"href":"https:\/\/roveyayinevi.com.tr\/index.php\/wp-json\/wp\/v2\/product"}],"about":[{"href":"https:\/\/roveyayinevi.com.tr\/index.php\/wp-json\/wp\/v2\/types\/product"}],"wp:attachment":[{"href":"https:\/\/roveyayinevi.com.tr\/index.php\/wp-json\/wp\/v2\/media?parent=697128"}],"wp:term":[{"taxonomy":"product_brand","embeddable":true,"href":"https:\/\/roveyayinevi.com.tr\/index.php\/wp-json\/wp\/v2\/product_brand?post=697128"},{"taxonomy":"product_cat","embeddable":true,"href":"https:\/\/roveyayinevi.com.tr\/index.php\/wp-json\/wp\/v2\/product_cat?post=697128"},{"taxonomy":"product_tag","embeddable":true,"href":"https:\/\/roveyayinevi.com.tr\/index.php\/wp-json\/wp\/v2\/product_tag?post=697128"}],"curies":[{"name":"wp","href":"https:\/\/api.w.org\/{rel}","templated":true}]}}