{"id":697126,"date":"2025-08-27T14:38:18","date_gmt":"2025-08-27T11:38:18","guid":{"rendered":"https:\/\/roveyayinevi.com.tr\/index.php\/urun\/canlar-kimin-icin-caliyor\/"},"modified":"2026-04-16T02:06:52","modified_gmt":"2026-04-15T23:06:52","slug":"canlar-kimin-icin-caliyor","status":"publish","type":"product","link":"https:\/\/roveyayinevi.com.tr\/index.php\/urun\/canlar-kimin-icin-caliyor\/","title":{"rendered":"\u00c7anlar Kimin \u0130\u00e7in \u00c7al\u0131yor"},"content":{"rendered":"<p>Ormanda, \u00e7amlar\u0131n i\u011fne yapraklar\u0131yla kaplanm\u0131\u015f kahverengi topra\u011fa y\u00fcz\u00fckoyun uzanm\u0131\u015f; \u00e7enesini, kavu\u015fturdu\u011fu kollar\u0131na dayam\u0131\u015ft\u0131. \u00c7am a\u011fa\u00e7lar\u0131n\u0131n tepelerinde, y\u00fckseklerde bir yel estirip duruyordu. Uzand\u0131\u011f\u0131 yerden hafif bir e\u011fimle inen da\u011f\u0131n yamac\u0131, a\u015fa\u011f\u0131larda alabildi\u011fine dikle\u015fiyordu. Ge\u00e7it boyunca dolana dolana giden yolun ya\u011fl\u0131 karas\u0131n\u0131 bile g\u00f6rebiliyordu yatt\u0131\u011f\u0131 yerden. Yolun k\u0131y\u0131s\u0131nda bir \u0131rmak vard\u0131; ge\u00e7idin a\u015fa\u011f\u0131s\u0131nda, akarsuyun yan\u0131 ba\u015f\u0131ndaki h\u0131zar\u0131; b\u00fc\u011fetten, yaz g\u00fcne\u015fi alt\u0131nda d\u00f6k\u00fclen apak sular\u0131 da g\u00f6rebiliyordu.<\/p>\n","protected":false},"excerpt":{"rendered":"<p>Ormanda, \u00e7amlar\u0131n i\u011fne yapraklar\u0131yla kaplanm\u0131\u015f kahverengi topra\u011fa y\u00fcz\u00fckoyun uzanm\u0131\u015f; \u00e7enesini, kavu\u015fturdu\u011fu kollar\u0131na dayam\u0131\u015ft\u0131. \u00c7am a\u011fa\u00e7lar\u0131n\u0131n tepelerinde, y\u00fckseklerde bir yel estirip duruyordu. Uzand\u0131\u011f\u0131 yerden hafif bir e\u011fimle<span class=\"excerpt-hellip\"> [\u2026]<\/span><\/p>\n","protected":false},"featured_media":0,"template":"","meta":{"_monsterinsights_skip_tracking":false,"_monsterinsights_sitenote_active":false,"_monsterinsights_sitenote_note":"","_monsterinsights_sitenote_category":0},"product_brand":[],"product_cat":[12891,12291],"product_tag":[],"class_list":{"0":"post-697126","1":"product","2":"type-product","3":"status-publish","5":"product_cat-amerikan-edebiyati","6":"product_cat-edebiyat","7":"pa_cilt-ciltsiz","8":"pa_tur-kitap","9":"pa_yayinevi-bilgi-yayinevi","10":"pa_yazar-ernest-hemingway","12":"first","13":"instock","14":"sale","15":"shipping-taxable","16":"purchasable","17":"product-type-simple"},"_links":{"self":[{"href":"https:\/\/roveyayinevi.com.tr\/index.php\/wp-json\/wp\/v2\/product\/697126","targetHints":{"allow":["GET"]}}],"collection":[{"href":"https:\/\/roveyayinevi.com.tr\/index.php\/wp-json\/wp\/v2\/product"}],"about":[{"href":"https:\/\/roveyayinevi.com.tr\/index.php\/wp-json\/wp\/v2\/types\/product"}],"wp:attachment":[{"href":"https:\/\/roveyayinevi.com.tr\/index.php\/wp-json\/wp\/v2\/media?parent=697126"}],"wp:term":[{"taxonomy":"product_brand","embeddable":true,"href":"https:\/\/roveyayinevi.com.tr\/index.php\/wp-json\/wp\/v2\/product_brand?post=697126"},{"taxonomy":"product_cat","embeddable":true,"href":"https:\/\/roveyayinevi.com.tr\/index.php\/wp-json\/wp\/v2\/product_cat?post=697126"},{"taxonomy":"product_tag","embeddable":true,"href":"https:\/\/roveyayinevi.com.tr\/index.php\/wp-json\/wp\/v2\/product_tag?post=697126"}],"curies":[{"name":"wp","href":"https:\/\/api.w.org\/{rel}","templated":true}]}}