{"id":697125,"date":"2025-08-27T14:38:18","date_gmt":"2025-08-27T11:38:18","guid":{"rendered":"https:\/\/roveyayinevi.com.tr\/index.php\/urun\/cumhuriyet-turk-mucizesi-ikinci-kitap\/"},"modified":"2026-04-16T02:06:52","modified_gmt":"2026-04-15T23:06:52","slug":"cumhuriyet-turk-mucizesi-ikinci-kitap","status":"publish","type":"product","link":"https:\/\/roveyayinevi.com.tr\/index.php\/urun\/cumhuriyet-turk-mucizesi-ikinci-kitap\/","title":{"rendered":"Cumhuriyet T\u00fcrk Mucizesi \u0130kinci Kitap"},"content":{"rendered":"<p>1923-1938 Cumhuriyet d\u00f6nemini anlatan Cumhuriyet &#8211; T\u00fcrk Mucizesi\u2019nin bu ikinci kitab\u0131yla T\u00fcrkiye \u00dc\u00e7lemesi son buluyor. Bu kitabi da okuman\u0131zi diliyoruz. \u00c7\u00fcnk\u00fc: \u00c7anakkale, Milli M\u00fccadele ve Cumhuriyet bir but\u00fcnd\u00fcr. Yak\u0131n tarihimizi olu\u015fturan bu \u00fc\u00e7 a\u015famali d\u00f6nemin tarihini iyi bilmek zorunday\u0131z. Yoksa bug\u00fcnu anlayamaz, yar\u0131n\u0131 kestiremeyiz.\u00c7anakkale ve Milli M\u00fccadele ruhu, ba\u011f\u0131ms\u0131zl\u0131k sevdasi, yurt sevgisi, azim, sab\u0131r ve ak\u0131l Cumhuriyette kucakla\u015f\u0131p birle\u015fti, T\u00fcrk Mucizesi olu\u015ftu. Baz\u0131 Bat\u0131l\u0131 g\u00f6zlemciler neden bu d\u00f6nemi T\u00fcrk Mucizesi diye nitelediler? Millet M. Kemal Pa\u015fa\u2019nin a\u00e7t\u0131\u011f\u0131 istiklal, milli irade ve uygarl\u0131k bayra\u011f\u0131 alt\u0131nda topland\u0131. D\u00fcnyaya egemen galiplere ve onlar\u0131n yardak\u00e7lar\u0131na kar\u015f\u0131, yar\u0131 \u00e7\u0131plak d\u00f6rt yil daha d\u00f6v\u00fc\u015ft\u00fc.Vatan d\u00fc\u015fmandan kurtar\u0131ld\u0131. Ama 1923\u2019te T\u00fcrkiye 12 milyon n\u00fcfuslu, Anadolu\u2019da tek fabrikan\u0131n bulunmad\u0131\u011f\u0131, geri, ilkel, yoksul, b\u00fct\u00fcn n\u00fcfusunun sadece % 7\u2019si okur-yazar olan bir k\u00f6yl\u00fc toplumuydu. Kad\u0131n-erkek e\u015fitli\u011fi s\u00f6z konusu bile de\u011fildi. S\u0131ra milleti kurtarmaya gelmi\u015fti. Gazi M. Kemal Atat\u00fcrk ve ideal arkada\u015flar\u0131 orta\u00e7a\u011f\u0131 yenmek, \u00e7a\u011fda\u015fl\u0131\u011f\u0131 ger\u00e7ekle\u015ftirmek i\u00e7in bir avu\u00e7 b\u00fct\u00e7e, halk\u0131n deste\u011fi ve uygarl\u0131k \u00f6nc\u00fclerinin \u00f6zverileri ile bir\u00e7ok siyasi, sosyal, k\u00fclt\u00fcrel, ekonomik devrimler, olaganust\u00fc at\u0131l\u0131mlar yapt\u0131lar. On be\u015f y\u0131la destanlar, efsaneler, harikal\u0131klar s\u0131\u011fd\u0131rd\u0131lar. Okuduk\u00e7a \u015fa\u015facak, hayran kalacaks\u0131n\u0131z.Bu tarihi do\u011fru bilirsek aram\u0131zdaki bir\u00e7ok anla\u015fmazl\u0131k sona erer. Bir\u00e7ok sorunun kayna\u011f\u0131 do\u011fru tarihi kirleten yalanlard\u0131r. Do\u011fru tarih kutup y\u0131ld\u0131z\u0131 gibi do\u011fru, kurtar\u0131c\u0131 yolu g\u00f6sterir. Her alanda \u00e7a\u011fda\u015f uygarl\u0131\u011fa ula\u015fmak, bunun gereklerini yerine getirmek zorunday\u0131z. Geri kalan dona kal\u0131r. S\u00f6z\u00fcn \u00f6z\u00fc, Atat\u00fcrk\u2019e y\u00fcr\u00fcyelim!<\/p>\n","protected":false},"excerpt":{"rendered":"<p>1923-1938 Cumhuriyet d\u00f6nemini anlatan Cumhuriyet &#8211; T\u00fcrk Mucizesi\u2019nin bu ikinci kitab\u0131yla T\u00fcrkiye \u00dc\u00e7lemesi son buluyor. Bu kitabi da okuman\u0131zi diliyoruz. \u00c7\u00fcnk\u00fc: \u00c7anakkale, Milli M\u00fccadele ve Cumhuriyet<span class=\"excerpt-hellip\"> [\u2026]<\/span><\/p>\n","protected":false},"featured_media":0,"template":"","meta":{"_monsterinsights_skip_tracking":false,"_monsterinsights_sitenote_active":false,"_monsterinsights_sitenote_note":"","_monsterinsights_sitenote_category":0},"product_brand":[],"product_cat":[12291,12745],"product_tag":[],"class_list":{"0":"post-697125","1":"product","2":"type-product","3":"status-publish","5":"product_cat-edebiyat","6":"product_cat-tarihi-roman","7":"pa_cilt-ciltsiz","8":"pa_tur-kitap","9":"pa_yayinevi-bilgi-yayinevi","10":"pa_yazar-turgut-ozakman","12":"first","13":"instock","14":"sale","15":"shipping-taxable","16":"purchasable","17":"product-type-simple"},"_links":{"self":[{"href":"https:\/\/roveyayinevi.com.tr\/index.php\/wp-json\/wp\/v2\/product\/697125","targetHints":{"allow":["GET"]}}],"collection":[{"href":"https:\/\/roveyayinevi.com.tr\/index.php\/wp-json\/wp\/v2\/product"}],"about":[{"href":"https:\/\/roveyayinevi.com.tr\/index.php\/wp-json\/wp\/v2\/types\/product"}],"wp:attachment":[{"href":"https:\/\/roveyayinevi.com.tr\/index.php\/wp-json\/wp\/v2\/media?parent=697125"}],"wp:term":[{"taxonomy":"product_brand","embeddable":true,"href":"https:\/\/roveyayinevi.com.tr\/index.php\/wp-json\/wp\/v2\/product_brand?post=697125"},{"taxonomy":"product_cat","embeddable":true,"href":"https:\/\/roveyayinevi.com.tr\/index.php\/wp-json\/wp\/v2\/product_cat?post=697125"},{"taxonomy":"product_tag","embeddable":true,"href":"https:\/\/roveyayinevi.com.tr\/index.php\/wp-json\/wp\/v2\/product_tag?post=697125"}],"curies":[{"name":"wp","href":"https:\/\/api.w.org\/{rel}","templated":true}]}}