{"id":697124,"date":"2025-08-27T14:38:18","date_gmt":"2025-08-27T11:38:18","guid":{"rendered":"https:\/\/roveyayinevi.com.tr\/index.php\/urun\/cumhuriyet-turk-mucizesi-birinci-kitap\/"},"modified":"2026-04-16T02:06:52","modified_gmt":"2026-04-15T23:06:52","slug":"cumhuriyet-turk-mucizesi-birinci-kitap","status":"publish","type":"product","link":"https:\/\/roveyayinevi.com.tr\/index.php\/urun\/cumhuriyet-turk-mucizesi-birinci-kitap\/","title":{"rendered":"Cumhuriyet T\u00fcrk Mucizesi Birinci Kitap"},"content":{"rendered":"<p>T\u00fcrkiye \u00dc\u00e7lemesi1. Dirili\u015f2. \u015eu \u00c7\u0131lg\u0131n T\u00fcrkler3. Cumhuriyet &#8211; T\u00fcrk Mucizesi (iki kitap)Sevgili Gen\u00e7ler!Cumhuriyetin ne kadar b\u00fcy\u00fck bir nimet oldu\u011funu anlamak i\u00e7in Afganistan&#8217;\u0131, Irak&#8217;\u0131, \u0130ran&#8217;\u0131, Pakistan&#8217;\u0131, Emirlikleri, Suudi Arabistan&#8217;\u0131 Suriye&#8217;yi M\u0131s\u0131r&#8217;\u0131 Libya&#8217;y\u0131 Tunus&#8217;u, Cezayir&#8217;i Fas&#8217;\u0131, M\u00fcsl\u00fcman Afrika&#8217;y\u0131 d\u00fc\u015f\u00fcn\u00fcn.Cumhuriyetin \u00f6n\u00fcnde haz\u0131r bir model yoktu. Yolunu d\u00fc\u015f\u00fcnerek, arayarak, deneyerek a\u00e7t\u0131. \u015eartlardan, ihtiya\u00e7lardan, imkanlardan, tarihten yararlan\u0131rd\u0131. Para yok, kredi yok, yeti\u015fmi\u015f yeterli say\u0131da eleman, uzman yok, ara\u00e7, gere\u00e7 yok. Osmanl\u0131dan borca bat\u0131k bir miras kalm\u0131\u015f.O alt\u0131n ku\u015fa\u011f\u0131n iki g\u00fcc\u00fc vard\u0131 sadece: Ak\u0131l ve yurtseverlik. Bu iki g\u00fc\u00e7le yola \u00e7\u0131kt\u0131lar.<\/p>\n","protected":false},"excerpt":{"rendered":"<p>T\u00fcrkiye \u00dc\u00e7lemesi1. Dirili\u015f2. \u015eu \u00c7\u0131lg\u0131n T\u00fcrkler3. Cumhuriyet &#8211; T\u00fcrk Mucizesi (iki kitap)Sevgili Gen\u00e7ler!Cumhuriyetin ne kadar b\u00fcy\u00fck bir nimet oldu\u011funu anlamak i\u00e7in Afganistan&#8217;\u0131, Irak&#8217;\u0131, \u0130ran&#8217;\u0131, Pakistan&#8217;\u0131, Emirlikleri,<span class=\"excerpt-hellip\"> [\u2026]<\/span><\/p>\n","protected":false},"featured_media":0,"template":"","meta":{"_monsterinsights_skip_tracking":false,"_monsterinsights_sitenote_active":false,"_monsterinsights_sitenote_note":"","_monsterinsights_sitenote_category":0},"product_brand":[],"product_cat":[12291,12745],"product_tag":[],"class_list":{"0":"post-697124","1":"product","2":"type-product","3":"status-publish","5":"product_cat-edebiyat","6":"product_cat-tarihi-roman","7":"pa_cilt-ciltsiz","8":"pa_tur-kitap","9":"pa_yayinevi-bilgi-yayinevi","10":"pa_yazar-turgut-ozakman","12":"first","13":"instock","14":"sale","15":"shipping-taxable","16":"purchasable","17":"product-type-simple"},"_links":{"self":[{"href":"https:\/\/roveyayinevi.com.tr\/index.php\/wp-json\/wp\/v2\/product\/697124","targetHints":{"allow":["GET"]}}],"collection":[{"href":"https:\/\/roveyayinevi.com.tr\/index.php\/wp-json\/wp\/v2\/product"}],"about":[{"href":"https:\/\/roveyayinevi.com.tr\/index.php\/wp-json\/wp\/v2\/types\/product"}],"wp:attachment":[{"href":"https:\/\/roveyayinevi.com.tr\/index.php\/wp-json\/wp\/v2\/media?parent=697124"}],"wp:term":[{"taxonomy":"product_brand","embeddable":true,"href":"https:\/\/roveyayinevi.com.tr\/index.php\/wp-json\/wp\/v2\/product_brand?post=697124"},{"taxonomy":"product_cat","embeddable":true,"href":"https:\/\/roveyayinevi.com.tr\/index.php\/wp-json\/wp\/v2\/product_cat?post=697124"},{"taxonomy":"product_tag","embeddable":true,"href":"https:\/\/roveyayinevi.com.tr\/index.php\/wp-json\/wp\/v2\/product_tag?post=697124"}],"curies":[{"name":"wp","href":"https:\/\/api.w.org\/{rel}","templated":true}]}}