{"id":697122,"date":"2025-08-27T14:38:17","date_gmt":"2025-08-27T11:38:17","guid":{"rendered":"https:\/\/roveyayinevi.com.tr\/index.php\/urun\/saygi-2\/"},"modified":"2026-04-16T02:06:52","modified_gmt":"2026-04-15T23:06:52","slug":"saygi-2","status":"publish","type":"product","link":"https:\/\/roveyayinevi.com.tr\/index.php\/urun\/saygi-2\/","title":{"rendered":"Sayg\u0131"},"content":{"rendered":"<p>Sennett, toplumsal ili\u015fkilerimizde ve benli\u011fimizde temel bir unsur olan sayg\u0131 \u00fczerine kaleme ald\u0131\u011f\u0131 bu kitab\u0131nda esas olarak \u015fu meselelere yo\u011funla\u015f\u0131r: Bir yeti\u015fkinin ba\u011f\u0131ml\u0131 olmas\u0131n\u0131n k\u00fc\u00e7\u00fck d\u00fc\u015f\u00fcr\u00fcc\u00fc etkileri, kendine duyulan sayg\u0131 ile di\u011ferleri taraf\u0131ndan tan\u0131nma aras\u0131ndaki fark, e\u015fitsizli\u011fin iki taraf\u0131nda kar\u015f\u0131l\u0131kl\u0131 sayg\u0131 g\u00f6stermenin zorlu\u011fu. Yazar, bu meseleleri kendi tecr\u00fcbelerinden yola \u00e7\u0131karak a\u00e7\u0131klamaya giri\u015fir. Ancak bunu, \u00e7a\u011f\u0131m\u0131z\u0131n bir hastal\u0131\u011f\u0131 olan s\u00fcrekli kendine referans vererek baz\u0131 \u015feyleri a\u00e7\u0131klama hatas\u0131na d\u00fc\u015fmeden, belirli bir mesafelilik i\u00e7inde yapar. Richard Sennett kimi sosyal bilimcilerin yapt\u0131\u011f\u0131 gibi kendini anlamak i\u00e7in di\u011ferlerini kullanmaz; tam tersine kendi tecr\u00fcbelerinden yola \u00e7\u0131karak di\u011ferlerini anlamaya \u00e7al\u0131\u015f\u0131r. Yazar\u0131n ba\u015fvurdu\u011fu ba\u015fka bir tecr\u00fcbesi de Chicago\u2019daki alt orta s\u0131n\u0131flar\u0131n ya\u015famas\u0131 i\u00e7in planlanm\u0131\u015f bir toplu konut projesi olan Cabrini\u2019de ge\u00e7irdi\u011fi \u00e7ocuklu\u011fudur. \u0130yi niyetli planlamac\u0131lar\u0131n ba\u015fta etnik ve s\u0131n\u0131fsal bir kar\u0131\u015f\u0131m laboratuvar\u0131 gibi d\u00fc\u015f\u00fcnd\u00fckleri Cabrini\u2019yi daha sonra y\u0131k\u0131ma ta\u015f\u0131yan toplumsal s\u00fcre\u00e7leri inceler. Bu s\u0131n\u0131flara lay\u0131k g\u00f6r\u00fclen, sosyal hizmet uzmanlar\u0131 ve planlamac\u0131lar\u0131n kontrol\u00fcndeki \u201ctasarlanm\u0131\u015f hayat\u201dtan yola \u00e7\u0131karak ba\u015fka birine sayg\u0131 duyma u\u011fruna kendini geri \u00e7ekme ihtiyac\u0131; kendine sayg\u0131 ile grup sayg\u0131s\u0131 aras\u0131ndaki ayr\u0131m; kendine g\u00fcven ile ba\u015fkalar\u0131na h\u00fcrmet aras\u0131ndaki uyumsuzluk; ba\u015fkalar\u0131n\u0131n size benzer oldu\u011funu hayal etme \u201chatas\u0131\u201dndan do\u011fan ili\u015fki gibi meseleri ortaya atar. Bu meseleleri, kimi zaman ki\u015fiye \u00f6zel, kimi zaman yard\u0131m kurumlar\u0131, i\u015f d\u00fcnyas\u0131, tarih sahnesi, m\u00fczik \u00e7evreleri, Amerikan Solu gibi genel ba\u011flamlarda oya gibi i\u015fler. Schubert\u2019ten \u00f6rnek vererek, oda m\u00fczi\u011fi icrac\u0131lar\u0131n\u0131n beraber \u00e7alma ve ortaya b\u00fcy\u00fcleyici ve ahenkli bir m\u00fczik \u00e7\u0131karma tecr\u00fcbelerinden hareketle, toplum i\u00e7inde ba\u015fkalar\u0131na ve kendine sayg\u0131, mesafelilik, hem bireyselli\u011fini ortaya koyup hem de birileriyle beraber bir \u015fey yapma denklemi i\u00e7in g\u00fczel bir \u00e7\u00f6z\u00fcm \u00f6nerir. Herkesi, bireylerinin kendilerine ve ba\u015fkalar\u0131na sayg\u0131 duymay\u0131 ba\u015farabildi\u011fi, ahenkli sesler \u00e7\u0131karabilen bir toplumun hayalini kurmaya davet eder. <\/p>\n","protected":false},"excerpt":{"rendered":"<p>Sennett, toplumsal ili\u015fkilerimizde ve benli\u011fimizde temel bir unsur olan sayg\u0131 \u00fczerine kaleme ald\u0131\u011f\u0131 bu kitab\u0131nda esas olarak \u015fu meselelere yo\u011funla\u015f\u0131r: Bir yeti\u015fkinin ba\u011f\u0131ml\u0131 olmas\u0131n\u0131n k\u00fc\u00e7\u00fck d\u00fc\u015f\u00fcr\u00fcc\u00fc<span class=\"excerpt-hellip\"> [\u2026]<\/span><\/p>\n","protected":false},"featured_media":0,"template":"","meta":{"_monsterinsights_skip_tracking":false,"_monsterinsights_sitenote_active":false,"_monsterinsights_sitenote_note":"","_monsterinsights_sitenote_category":0},"product_brand":[],"product_cat":[12835,12324],"product_tag":[],"class_list":{"0":"post-697122","1":"product","2":"type-product","3":"status-publish","5":"product_cat-genel-sosyoloji","6":"product_cat-sosyoloji","7":"pa_cilt-ciltsiz","8":"pa_tur-kitap","9":"pa_yayinevi-ayrinti-yayinlari","10":"pa_yazar-richard-sennett","12":"first","13":"instock","14":"sale","15":"shipping-taxable","16":"purchasable","17":"product-type-simple"},"_links":{"self":[{"href":"https:\/\/roveyayinevi.com.tr\/index.php\/wp-json\/wp\/v2\/product\/697122","targetHints":{"allow":["GET"]}}],"collection":[{"href":"https:\/\/roveyayinevi.com.tr\/index.php\/wp-json\/wp\/v2\/product"}],"about":[{"href":"https:\/\/roveyayinevi.com.tr\/index.php\/wp-json\/wp\/v2\/types\/product"}],"wp:attachment":[{"href":"https:\/\/roveyayinevi.com.tr\/index.php\/wp-json\/wp\/v2\/media?parent=697122"}],"wp:term":[{"taxonomy":"product_brand","embeddable":true,"href":"https:\/\/roveyayinevi.com.tr\/index.php\/wp-json\/wp\/v2\/product_brand?post=697122"},{"taxonomy":"product_cat","embeddable":true,"href":"https:\/\/roveyayinevi.com.tr\/index.php\/wp-json\/wp\/v2\/product_cat?post=697122"},{"taxonomy":"product_tag","embeddable":true,"href":"https:\/\/roveyayinevi.com.tr\/index.php\/wp-json\/wp\/v2\/product_tag?post=697122"}],"curies":[{"name":"wp","href":"https:\/\/api.w.org\/{rel}","templated":true}]}}