{"id":697121,"date":"2025-08-27T14:38:17","date_gmt":"2025-08-27T11:38:17","guid":{"rendered":"https:\/\/roveyayinevi.com.tr\/index.php\/urun\/sanatin-icadi\/"},"modified":"2026-04-16T02:06:52","modified_gmt":"2026-04-15T23:06:52","slug":"sanatin-icadi","status":"publish","type":"product","link":"https:\/\/roveyayinevi.com.tr\/index.php\/urun\/sanatin-icadi\/","title":{"rendered":"Sanat\u0131n \u0130cad\u0131"},"content":{"rendered":"<p>Sanat\u0131n \u0130cad\u0131, modernli\u011fin yerle\u015fik kurumlar\u0131ndan biri olan sanat\u0131n soyk\u00fct\u00fc\u011f\u00fcn\u00fc \u00e7\u0131karan, sanat ve etraf\u0131nda kurulu t\u00fcm kavramlar sistemini yap\u0131s\u00f6k\u00fcme u\u011fratan bir kitap. Son y\u0131llarda teori ve felsefede ya\u015fanan d\u00f6n\u00fc\u015f\u00fcmler, ya\u015fad\u0131\u011f\u0131m\u0131z top-lumun hi\u00e7bir kurumunun kendinden menkul yap\u0131lar olmad\u0131\u011f\u0131n\u0131 bize g\u00f6steriyor. \u0130\u00e7inde ya\u015fad\u0131\u011f\u0131m\u0131z k\u00fclt\u00fcr\u00fcn t\u00fcm unsurlar\u0131n\u0131n bir tarihsel matris i\u00e7inde ger\u00e7ek-le\u015fti\u011fini \u00f6\u011frenmek kimsede \u015fa\u015fk\u0131nl\u0131k uyand\u0131rm\u0131yor. Eski tarih yaz\u0131m\u0131 y\u00f6ntemlerinin bir kenara b\u0131rak\u0131lmas\u0131 ve tarihin yeniden yaz\u0131lmas\u0131 gere\u011finden daha s\u0131k s\u00f6z edi-liyor. Sanat tarihini sanat yap\u0131tlar\u0131n\u0131n tarihi olarak ele alan, Bat\u0131 d\u0131\u015f\u0131 k\u00fclt\u00fcrleri Bat\u0131l\u0131 kategorilere sokan yakla\u015f\u0131m da bu sorgulamadan daha fazla ka\u00e7amayacak hale geldi. Larry Shiner, \u00f6ncelikle, Bat\u0131\u2019n\u0131n di\u011fer toplumlara ve hatta kendi ge\u00e7mi\u015fine ba-k\u0131\u015f\u0131n\u0131n, son iki y\u00fczy\u0131l i\u00e7inde kurumsalla\u015fm\u0131\u015f olan sanat ve zanaat ayr\u0131m\u0131na g\u00f6re bi\u00e7imlendi\u011fini g\u00f6steriyor. \u0130lk bak\u0131\u015fta toplumsal alan\u0131n \u00e7at\u0131\u015fmalar\u0131n\u0131 i\u00e7ermedi\u011fi d\u00fc\u015f\u00fcn\u00fclen sanat kavramlar\u0131n\u0131n \u00e7o\u011funun, ba\u015ftan a\u015fa\u011f\u0131 \u0131rk\u00e7\u0131l\u0131k, cinsiyet\u00e7ilik, Avru-pamerkezcilik, s\u00f6m\u00fcrgecilik ve s\u0131n\u0131fsal ayr\u0131mc\u0131l\u0131ktan beslendi\u011fini a\u00e7\u0131kl\u0131yor. Daha sonra, el eme\u011fi \u00fczerinden kurulan &#8220;usta ve ustal\u0131k&#8221; kavram\u0131n\u0131n gittik\u00e7e g\u00f6zden d\u00fc\u015f\u00fcr\u00fclerek; yerine eserinin ba\u011f\u0131ms\u0131zl\u0131k halesini korumak ad\u0131na hayattan kopmu\u015f &#8220;sanat\u00e7\u0131 ve sanat&#8221; kavram\u0131n\u0131n y\u00fcceltilmesinin ve estetik de\u011ferin her \u015feyin \u00f6n\u00fcne ge\u00e7mesinin hik\u00e2yesini anlat\u0131yor. Ge\u00e7mi\u015fin sanat ve zanaat, sanat ve hayat ayr\u0131m-lar\u0131n\u0131 i\u00e7ermeyen sisteminden modern g\u00fczel sanatlar sistemine ge\u00e7i\u015f s\u00fcrecinde ya\u015fanan b\u00f6l\u00fcnmeleri a\u015fma y\u00f6n\u00fcndeki kuramsal ve sanatsal deneyimleri \u00f6rnek-leyerek g\u00fcn\u00fcm\u00fcz sanat\u0131ndaki alternatif aray\u0131\u015flara ba\u011fl\u0131yor hik\u00e2yesini. Sanat\u0131n \u0130cad\u0131\u2019n\u0131 kaleme al\u0131rken \u00e7a\u011fda\u015f Frans\u0131z d\u00fc\u015f\u00fcncesinden, \u00f6zellikle Michel Foucault ve Paul Ricoeur\u2019dan etkilenen Shiner, her t\u00fcr okurun zevkle okuyaca\u011f\u0131, al\u0131\u015f\u0131lmad\u0131k bir sanat kitab\u0131 yazm\u0131\u015f. Yaln\u0131zca sanatseverlere de\u011fil, modern toplu-mun kurulma s\u00fcre\u00e7lerini ve \u00e7a\u011fda\u015f d\u00fc\u015f\u00fcncenin hayat\u0131 yorumlama g\u00fcc\u00fcn\u00fcn kat-etti\u011fi mesafeyi merak edenlere g\u00f6re bir kitap. &#8220;Bu kitap sanata dair kavramsal anlay\u0131\u015f\u0131m\u0131za ola\u011fan\u00fcst\u00fc bir katk\u0131da bulunuyor&#8230; Bilge, sab\u0131rl\u0131 ve konusuna h\u00e2kim bir yazar\u0131n elinden \u00e7\u0131kan bu kitab\u0131n gelecekteki t\u00fcm tart\u0131\u015fmalarda vazge\u00e7ilmez olaca\u011f\u0131 kesin.&#8221;<\/p>\n","protected":false},"excerpt":{"rendered":"<p>Sanat\u0131n \u0130cad\u0131, modernli\u011fin yerle\u015fik kurumlar\u0131ndan biri olan sanat\u0131n soyk\u00fct\u00fc\u011f\u00fcn\u00fc \u00e7\u0131karan, sanat ve etraf\u0131nda kurulu t\u00fcm kavramlar sistemini yap\u0131s\u00f6k\u00fcme u\u011fratan bir kitap. Son y\u0131llarda teori ve felsefede<span class=\"excerpt-hellip\"> [\u2026]<\/span><\/p>\n","protected":false},"featured_media":0,"template":"","meta":{"_monsterinsights_skip_tracking":false,"_monsterinsights_sitenote_active":false,"_monsterinsights_sitenote_note":"","_monsterinsights_sitenote_category":0},"product_brand":[],"product_cat":[12312,12304],"product_tag":[],"class_list":{"0":"post-697121","1":"product","2":"type-product","3":"status-publish","5":"product_cat-diger","6":"product_cat-tarih","7":"pa_cilt-ciltsiz","8":"pa_tur-kitap","9":"pa_yayinevi-ayrinti-yayinlari","10":"pa_yazar-larry-shiner","12":"first","13":"instock","14":"sale","15":"shipping-taxable","16":"purchasable","17":"product-type-simple"},"_links":{"self":[{"href":"https:\/\/roveyayinevi.com.tr\/index.php\/wp-json\/wp\/v2\/product\/697121","targetHints":{"allow":["GET"]}}],"collection":[{"href":"https:\/\/roveyayinevi.com.tr\/index.php\/wp-json\/wp\/v2\/product"}],"about":[{"href":"https:\/\/roveyayinevi.com.tr\/index.php\/wp-json\/wp\/v2\/types\/product"}],"wp:attachment":[{"href":"https:\/\/roveyayinevi.com.tr\/index.php\/wp-json\/wp\/v2\/media?parent=697121"}],"wp:term":[{"taxonomy":"product_brand","embeddable":true,"href":"https:\/\/roveyayinevi.com.tr\/index.php\/wp-json\/wp\/v2\/product_brand?post=697121"},{"taxonomy":"product_cat","embeddable":true,"href":"https:\/\/roveyayinevi.com.tr\/index.php\/wp-json\/wp\/v2\/product_cat?post=697121"},{"taxonomy":"product_tag","embeddable":true,"href":"https:\/\/roveyayinevi.com.tr\/index.php\/wp-json\/wp\/v2\/product_tag?post=697121"}],"curies":[{"name":"wp","href":"https:\/\/api.w.org\/{rel}","templated":true}]}}