{"id":697120,"date":"2025-08-27T14:38:17","date_gmt":"2025-08-27T11:38:17","guid":{"rendered":"https:\/\/roveyayinevi.com.tr\/index.php\/urun\/postmodern-teori\/"},"modified":"2026-04-16T02:06:52","modified_gmt":"2026-04-15T23:06:52","slug":"postmodern-teori","status":"publish","type":"product","link":"https:\/\/roveyayinevi.com.tr\/index.php\/urun\/postmodern-teori\/","title":{"rendered":"Postmodern Teori"},"content":{"rendered":"<p>Postmodern Teori&#8217;de ele\u015ftirel bir toplum teorisinin yeniden in\u015fas\u0131n\u0131 hedefleyen Best ve Kellner, 1870&#8217;lerden itibaren dola\u015f\u0131ma giren terimin bir arkeolojisini sunuyor bize. Bu arkeolojinin \u0131\u015f\u0131\u011f\u0131nda, Foucault, Deleuze, Guattari, Baudrillard, Lyotard, Jameson, Laclau, Mouffe gibi isimleri &#8220;postmodernist&#8221; kavram\u0131 alt\u0131nda toplama gerek\u00e7elerini belirtip, bu simalar\u0131n \u00e7al\u0131\u015fmalar\u0131n\u0131 ele\u015ftirel bir s\u00fczge\u00e7ten ge\u00e7iriyorlar. Bu tart\u0131\u015fma esnas\u0131nda yapt\u0131klar\u0131 serimleme sayesinde, postmodernist oldu\u011fu s\u00f6ylenebilecek bir dizi kavram a\u00e7\u0131kl\u0131\u011fa kavu\u015fturuluyor: B\u00fcy\u00fck anlat\u0131, temsil, hakikat, \u00f6zne, ger\u00e7ek, ilerleme, devrim nosyonlar\u0131n\u0131n reddi ve bunlar\u0131n yerine sunulan arzu, yersiz yurtsuzla\u015fma, k\u00f6ksap, \u00e7okkatl\u0131l\u0131k, dil oyunlar\u0131, fark, \u00f6zne konumlar\u0131, bilgi\/iktidar, soy k\u00fct\u00fc\u011f\u00fc, sim\u00fclasyon, hiper-ger\u00e7ek, radikal demokrasi, hegemonya nosyonlar\u0131. Radikal bir tarihsel kopu\u015fun ya\u015fand\u0131\u011f\u0131 fikrine kat\u0131lmamakla birlikte toplumsal ve k\u00fclt\u00fcrel boyutlarda \u00f6nemli de\u011fi\u015fimlerin oldu\u011funu kabul eden Best ve Kellner, bu de\u011fi\u015fimlerin toplum ve k\u00fclt\u00fcr teorisinin yeniden in\u015fa edilmesini gerektirdi\u011fini savunarak, postmodernist olarak s\u0131n\u0131fland\u0131rd\u0131klar\u0131 teorileri toptan karalay\u0131p yads\u0131mak yerine, bunlar\u0131n &#8220;rasyonel \u00e7ekirdek&#8221;lerini ara\u015ft\u0131rmay\u0131 tercih ediyorlar. Buna kar\u015f\u0131l\u0131k, postmodern teorinin dald\u0131\u011f\u0131 \u00e7\u0131kmaz sokaklar\u0131 da analiz etmekten geri kalm\u0131yorlar. Rasyonelli\u011fin rasyonel ele\u015ftirisi, totalitenin totalle\u015ftirici reddi, \u00f6znellik kategorisinin \u00f6znel bir kibirle bir k\u00f6\u015feye f\u0131rlat\u0131lmas\u0131, a\u015f\u0131r\u0131 mekanistik tek-nedenli teorilerin ele\u015ftirilmesine kar\u015f\u0131l\u0131k nedenselli\u011fin toptan reddi, ak\u0131l ele\u015ftirisinde n\u00fcanslar\u0131n g\u00f6zden ka\u00e7\u0131r\u0131lmas\u0131 bunlardan yaln\u0131zca birka\u00e7\u0131. Sonu\u00e7 olarak bu kitapta, ya\u015fad\u0131\u011f\u0131m\u0131z \u00e7a\u011f\u0131n sorunlar\u0131n\u0131 \u00e7ok-boyutlu bir ele\u015ftirel teorinin in\u015fas\u0131yla analiz etmeye ve kapitalizmin k\u00fcresel evresini t\u00fcm karma\u015f\u0131kl\u0131\u011f\u0131yla kavrayarak bir sonraki y\u00fczy\u0131lda ya\u015fan\u0131las\u0131 bir d\u00fcnyan\u0131n kurulmas\u0131na katk\u0131 yapmaya y\u00f6nelik bir \u00e7aba var. Bir de Best ve Kellner&#8217;\u0131n kitaplar\u0131n\u0131 ithaf ettikleri okurlar\u0131: &#8220;&#8230;i\u00e7inde bulundu\u011fumuz y\u0131llar\u0131n ve gelecek y\u00fczy\u0131l\u0131n meydan okumalar\u0131yla hesapla\u015fmak \u00fczere yeni teoriler ve politikalar geli\u015ftirmek i\u00e7in postmodern teorinin ve \u00f6b\u00fcr ele\u015ftirel s\u00f6ylemlerin i\u00e7g\u00f6r\u00fclerini kullanacaklar\u0131n\u0131 umdu\u011fumuz bizden sonraki radikal entelekt\u00fceller ve eylemciler ku\u015fa\u011f\u0131&#8230;&#8221;<\/p>\n","protected":false},"excerpt":{"rendered":"<p>Postmodern Teori&#8217;de ele\u015ftirel bir toplum teorisinin yeniden in\u015fas\u0131n\u0131 hedefleyen Best ve Kellner, 1870&#8217;lerden itibaren dola\u015f\u0131ma giren terimin bir arkeolojisini sunuyor bize. Bu arkeolojinin \u0131\u015f\u0131\u011f\u0131nda, Foucault, Deleuze,<span class=\"excerpt-hellip\"> [\u2026]<\/span><\/p>\n","protected":false},"featured_media":0,"template":"","meta":{"_monsterinsights_skip_tracking":false,"_monsterinsights_sitenote_active":false,"_monsterinsights_sitenote_note":"","_monsterinsights_sitenote_category":0},"product_brand":[],"product_cat":[12388,15309],"product_tag":[],"class_list":{"0":"post-697120","1":"product","2":"type-product","3":"status-publish","5":"product_cat-felsefe","6":"product_cat-felsefi-akimlar","7":"pa_cilt-ciltsiz","8":"pa_tur-kitap","9":"pa_yayinevi-ayrinti-yayinlari","10":"pa_yazar-douglas-kellner","12":"first","13":"instock","14":"sale","15":"shipping-taxable","16":"purchasable","17":"product-type-simple"},"_links":{"self":[{"href":"https:\/\/roveyayinevi.com.tr\/index.php\/wp-json\/wp\/v2\/product\/697120","targetHints":{"allow":["GET"]}}],"collection":[{"href":"https:\/\/roveyayinevi.com.tr\/index.php\/wp-json\/wp\/v2\/product"}],"about":[{"href":"https:\/\/roveyayinevi.com.tr\/index.php\/wp-json\/wp\/v2\/types\/product"}],"wp:attachment":[{"href":"https:\/\/roveyayinevi.com.tr\/index.php\/wp-json\/wp\/v2\/media?parent=697120"}],"wp:term":[{"taxonomy":"product_brand","embeddable":true,"href":"https:\/\/roveyayinevi.com.tr\/index.php\/wp-json\/wp\/v2\/product_brand?post=697120"},{"taxonomy":"product_cat","embeddable":true,"href":"https:\/\/roveyayinevi.com.tr\/index.php\/wp-json\/wp\/v2\/product_cat?post=697120"},{"taxonomy":"product_tag","embeddable":true,"href":"https:\/\/roveyayinevi.com.tr\/index.php\/wp-json\/wp\/v2\/product_tag?post=697120"}],"curies":[{"name":"wp","href":"https:\/\/api.w.org\/{rel}","templated":true}]}}