{"id":697116,"date":"2025-08-27T14:38:16","date_gmt":"2025-08-27T11:38:16","guid":{"rendered":"https:\/\/roveyayinevi.com.tr\/index.php\/urun\/kucuk-futbolcu\/"},"modified":"2026-04-16T02:06:52","modified_gmt":"2026-04-15T23:06:52","slug":"kucuk-futbolcu","status":"publish","type":"product","link":"https:\/\/roveyayinevi.com.tr\/index.php\/urun\/kucuk-futbolcu\/","title":{"rendered":"K\u00fc\u00e7\u00fck Futbolcu"},"content":{"rendered":"<p>Cavit Yaren&#8217;in, birbirinden g\u00fczel resimlerle s\u00fcsledi\u011fi K\u00fc\u00e7\u00fck Futbolcu bir Muzaffer \u0130zg\u00fc kitab\u0131. \u0130\u00e7inde \u00fc\u00e7 \u00f6yk\u00fc var. Tamam\u0131 beyaz k\u00e2\u011f\u0131da bas\u0131l\u0131, \u00e7ocuklar\u0131m\u0131z\u0131n zevkle okuyacaklar\u0131 bir kitap.<\/p>\n","protected":false},"excerpt":{"rendered":"<p>Cavit Yaren&#8217;in, birbirinden g\u00fczel resimlerle s\u00fcsledi\u011fi K\u00fc\u00e7\u00fck Futbolcu bir Muzaffer \u0130zg\u00fc kitab\u0131. \u0130\u00e7inde \u00fc\u00e7 \u00f6yk\u00fc var. Tamam\u0131 beyaz k\u00e2\u011f\u0131da bas\u0131l\u0131, \u00e7ocuklar\u0131m\u0131z\u0131n zevkle okuyacaklar\u0131 bir kitap.<\/p>\n","protected":false},"featured_media":0,"template":"","meta":{"_monsterinsights_skip_tracking":false,"_monsterinsights_sitenote_active":false,"_monsterinsights_sitenote_note":"","_monsterinsights_sitenote_category":0},"product_brand":[],"product_cat":[12275,12274],"product_tag":[],"class_list":{"0":"post-697116","1":"product","2":"type-product","3":"status-publish","5":"product_cat-6-12-yas-kitaplari","6":"product_cat-cocuk-ve-genclik-kitaplari","7":"pa_cilt-ciltsiz","8":"pa_tur-kitap","9":"pa_yayinevi-bilgi-yayinevi-cocuk","10":"pa_yazar-muzaffer-izgu","12":"first","13":"instock","14":"sale","15":"shipping-taxable","16":"purchasable","17":"product-type-simple"},"_links":{"self":[{"href":"https:\/\/roveyayinevi.com.tr\/index.php\/wp-json\/wp\/v2\/product\/697116","targetHints":{"allow":["GET"]}}],"collection":[{"href":"https:\/\/roveyayinevi.com.tr\/index.php\/wp-json\/wp\/v2\/product"}],"about":[{"href":"https:\/\/roveyayinevi.com.tr\/index.php\/wp-json\/wp\/v2\/types\/product"}],"wp:attachment":[{"href":"https:\/\/roveyayinevi.com.tr\/index.php\/wp-json\/wp\/v2\/media?parent=697116"}],"wp:term":[{"taxonomy":"product_brand","embeddable":true,"href":"https:\/\/roveyayinevi.com.tr\/index.php\/wp-json\/wp\/v2\/product_brand?post=697116"},{"taxonomy":"product_cat","embeddable":true,"href":"https:\/\/roveyayinevi.com.tr\/index.php\/wp-json\/wp\/v2\/product_cat?post=697116"},{"taxonomy":"product_tag","embeddable":true,"href":"https:\/\/roveyayinevi.com.tr\/index.php\/wp-json\/wp\/v2\/product_tag?post=697116"}],"curies":[{"name":"wp","href":"https:\/\/api.w.org\/{rel}","templated":true}]}}