{"id":697109,"date":"2025-08-27T14:38:14","date_gmt":"2025-08-27T11:38:14","guid":{"rendered":"https:\/\/roveyayinevi.com.tr\/index.php\/urun\/sehir-mektuplari-2\/"},"modified":"2026-04-16T02:06:52","modified_gmt":"2026-04-15T23:06:52","slug":"sehir-mektuplari-2","status":"publish","type":"product","link":"https:\/\/roveyayinevi.com.tr\/index.php\/urun\/sehir-mektuplari-2\/","title":{"rendered":"\u015eehir Mektuplar\u0131"},"content":{"rendered":"<p>\u0130stanbul hayat\u0131n\u0131n bir gazeteci g\u00f6z\u00fcyle tasviri&#8230; Sokaklar, b\u00fcy\u00fck ma\u011fazalar, kahvehaneler, tekkeler, sat\u0131c\u0131lar, dilenciler, mesire yerleri, k\u00f6\u015fkler, deniz hamamlar\u0131, Direkleraras\u0131 e\u011flenceleri, tiyatrolar, bayramlar, Bo\u011faz vapurlar\u0131, atl\u0131 tramvaylar, bisikletler ve akla gelebilecek y\u00fczlerce konunun anlat\u0131m\u0131&#8230; Her s\u0131n\u0131ftan, her t\u00fcrl\u00fc insan\u0131n boy g\u00f6sterdi\u011fi bir \u0130stanbul&#8230; Sosyologlara malzeme olabilecek bir hayli bilgi&#8230; Ahmet Rasim\u2019in ho\u015f sohbet, kendine \u00f6zg\u00fc biri oldu\u011funu her sat\u0131r\u0131nda hissettiren bir eser&#8230; \ufffcTan\u0131t\u0131m Metni<\/p>\n","protected":false},"excerpt":{"rendered":"<p>\u0130stanbul hayat\u0131n\u0131n bir gazeteci g\u00f6z\u00fcyle tasviri&#8230; Sokaklar, b\u00fcy\u00fck ma\u011fazalar, kahvehaneler, tekkeler, sat\u0131c\u0131lar, dilenciler, mesire yerleri, k\u00f6\u015fkler, deniz hamamlar\u0131, Direkleraras\u0131 e\u011flenceleri, tiyatrolar, bayramlar, Bo\u011faz vapurlar\u0131, atl\u0131 tramvaylar,<span class=\"excerpt-hellip\"> [\u2026]<\/span><\/p>\n","protected":false},"featured_media":0,"template":"","meta":{"_monsterinsights_skip_tracking":false,"_monsterinsights_sitenote_active":false,"_monsterinsights_sitenote_note":"","_monsterinsights_sitenote_category":0},"product_brand":[],"product_cat":[13054,20153],"product_tag":[],"class_list":{"0":"post-697109","1":"product","2":"type-product","3":"status-publish","5":"product_cat-gezi-ve-rehber-kitaplari","6":"product_cat-istanbul-rehberi","7":"pa_tur-kitap","8":"pa_yayinevi-bilge-kultur-sanat","9":"pa_yazar-ahmet-rasim","11":"first","12":"instock","13":"sale","14":"shipping-taxable","15":"purchasable","16":"product-type-simple"},"_links":{"self":[{"href":"https:\/\/roveyayinevi.com.tr\/index.php\/wp-json\/wp\/v2\/product\/697109","targetHints":{"allow":["GET"]}}],"collection":[{"href":"https:\/\/roveyayinevi.com.tr\/index.php\/wp-json\/wp\/v2\/product"}],"about":[{"href":"https:\/\/roveyayinevi.com.tr\/index.php\/wp-json\/wp\/v2\/types\/product"}],"wp:attachment":[{"href":"https:\/\/roveyayinevi.com.tr\/index.php\/wp-json\/wp\/v2\/media?parent=697109"}],"wp:term":[{"taxonomy":"product_brand","embeddable":true,"href":"https:\/\/roveyayinevi.com.tr\/index.php\/wp-json\/wp\/v2\/product_brand?post=697109"},{"taxonomy":"product_cat","embeddable":true,"href":"https:\/\/roveyayinevi.com.tr\/index.php\/wp-json\/wp\/v2\/product_cat?post=697109"},{"taxonomy":"product_tag","embeddable":true,"href":"https:\/\/roveyayinevi.com.tr\/index.php\/wp-json\/wp\/v2\/product_tag?post=697109"}],"curies":[{"name":"wp","href":"https:\/\/api.w.org\/{rel}","templated":true}]}}