{"id":697107,"date":"2025-08-27T14:38:13","date_gmt":"2025-08-27T11:38:13","guid":{"rendered":"https:\/\/roveyayinevi.com.tr\/index.php\/urun\/sihirli-matematikte-80-kucuk-deneme\/"},"modified":"2026-04-16T02:06:52","modified_gmt":"2026-04-15T23:06:52","slug":"sihirli-matematikte-80-kucuk-deneme","status":"publish","type":"product","link":"https:\/\/roveyayinevi.com.tr\/index.php\/urun\/sihirli-matematikte-80-kucuk-deneme\/","title":{"rendered":"Sihirli Matematikte 80 K\u00fc\u00e7\u00fck Deneme"},"content":{"rendered":"<p>Bu kitapta, herkes taraf\u0131ndan ba\u015far\u0131yla sergilenebilecek 80\u2019den fazla sihirbazl\u0131k numaras\u0131n\u0131 a\u00e7\u0131klamalar\u0131yla birlikte bulacak ve ayn\u0131 zamanda da kendi oyunlar\u0131n\u0131z\u0131 geli\u015ftirme yollar\u0131n\u0131 g\u00f6receksiniz. <\/p>\n","protected":false},"excerpt":{"rendered":"<p>Bu kitapta, herkes taraf\u0131ndan ba\u015far\u0131yla sergilenebilecek 80\u2019den fazla sihirbazl\u0131k numaras\u0131n\u0131 a\u00e7\u0131klamalar\u0131yla birlikte bulacak ve ayn\u0131 zamanda da kendi oyunlar\u0131n\u0131z\u0131 geli\u015ftirme yollar\u0131n\u0131 g\u00f6receksiniz.<\/p>\n","protected":false},"featured_media":0,"template":"","meta":{"_monsterinsights_skip_tracking":false,"_monsterinsights_sitenote_active":false,"_monsterinsights_sitenote_note":"","_monsterinsights_sitenote_category":0},"product_brand":[],"product_cat":[12492,12274],"product_tag":[],"class_list":{"0":"post-697107","1":"product","2":"type-product","3":"status-publish","5":"product_cat-bilmece-bulmaca","6":"product_cat-cocuk-ve-genclik-kitaplari","7":"pa_tur-kitap","8":"pa_yayinevi-bilge-kultur-sanat","9":"pa_yazar-dominique-souder","11":"first","12":"instock","13":"sale","14":"shipping-taxable","15":"purchasable","16":"product-type-simple"},"_links":{"self":[{"href":"https:\/\/roveyayinevi.com.tr\/index.php\/wp-json\/wp\/v2\/product\/697107","targetHints":{"allow":["GET"]}}],"collection":[{"href":"https:\/\/roveyayinevi.com.tr\/index.php\/wp-json\/wp\/v2\/product"}],"about":[{"href":"https:\/\/roveyayinevi.com.tr\/index.php\/wp-json\/wp\/v2\/types\/product"}],"wp:attachment":[{"href":"https:\/\/roveyayinevi.com.tr\/index.php\/wp-json\/wp\/v2\/media?parent=697107"}],"wp:term":[{"taxonomy":"product_brand","embeddable":true,"href":"https:\/\/roveyayinevi.com.tr\/index.php\/wp-json\/wp\/v2\/product_brand?post=697107"},{"taxonomy":"product_cat","embeddable":true,"href":"https:\/\/roveyayinevi.com.tr\/index.php\/wp-json\/wp\/v2\/product_cat?post=697107"},{"taxonomy":"product_tag","embeddable":true,"href":"https:\/\/roveyayinevi.com.tr\/index.php\/wp-json\/wp\/v2\/product_tag?post=697107"}],"curies":[{"name":"wp","href":"https:\/\/api.w.org\/{rel}","templated":true}]}}