{"id":697100,"date":"2025-08-27T14:38:11","date_gmt":"2025-08-27T11:38:11","guid":{"rendered":"https:\/\/roveyayinevi.com.tr\/index.php\/urun\/pigme\/"},"modified":"2026-03-23T02:07:38","modified_gmt":"2026-03-22T23:07:38","slug":"pigme","status":"publish","type":"product","link":"https:\/\/roveyayinevi.com.tr\/index.php\/urun\/pigme\/","title":{"rendered":"Pigme"},"content":{"rendered":"<p>Eleman ben, ajan 67 numaran\u0131n XXX anlat\u0131s\u0131 burada, bu kitapta ba\u015fl\u0131yor. Amerika Birle\u015fik Devletleri\u2019nin XXX kentine XXX \u00fclkesinden gelen nam\u0131 di\u011fer Pigme\u2019nin. \ufffcTan\u0131t\u0131m Metni<\/p>\n","protected":false},"excerpt":{"rendered":"<p>Eleman ben, ajan 67 numaran\u0131n XXX anlat\u0131s\u0131 burada, bu kitapta ba\u015fl\u0131yor. Amerika Birle\u015fik Devletleri\u2019nin XXX kentine XXX \u00fclkesinden gelen nam\u0131 di\u011fer Pigme\u2019nin. \ufffcTan\u0131t\u0131m Metni<\/p>\n","protected":false},"featured_media":0,"template":"","meta":{"_monsterinsights_skip_tracking":false,"_monsterinsights_sitenote_active":false,"_monsterinsights_sitenote_note":"","_monsterinsights_sitenote_category":0},"product_brand":[],"product_cat":[12891,12291],"product_tag":[],"class_list":{"0":"post-697100","1":"product","2":"type-product","3":"status-publish","5":"product_cat-amerikan-edebiyati","6":"product_cat-edebiyat","7":"pa_cilt-ciltsiz","8":"pa_tur-kitap","9":"pa_yayinevi-ayrinti-yayinlari","10":"pa_yazar-chuck-palahniuk","12":"first","13":"instock","14":"sale","15":"shipping-taxable","16":"purchasable","17":"product-type-simple"},"_links":{"self":[{"href":"https:\/\/roveyayinevi.com.tr\/index.php\/wp-json\/wp\/v2\/product\/697100","targetHints":{"allow":["GET"]}}],"collection":[{"href":"https:\/\/roveyayinevi.com.tr\/index.php\/wp-json\/wp\/v2\/product"}],"about":[{"href":"https:\/\/roveyayinevi.com.tr\/index.php\/wp-json\/wp\/v2\/types\/product"}],"wp:attachment":[{"href":"https:\/\/roveyayinevi.com.tr\/index.php\/wp-json\/wp\/v2\/media?parent=697100"}],"wp:term":[{"taxonomy":"product_brand","embeddable":true,"href":"https:\/\/roveyayinevi.com.tr\/index.php\/wp-json\/wp\/v2\/product_brand?post=697100"},{"taxonomy":"product_cat","embeddable":true,"href":"https:\/\/roveyayinevi.com.tr\/index.php\/wp-json\/wp\/v2\/product_cat?post=697100"},{"taxonomy":"product_tag","embeddable":true,"href":"https:\/\/roveyayinevi.com.tr\/index.php\/wp-json\/wp\/v2\/product_tag?post=697100"}],"curies":[{"name":"wp","href":"https:\/\/api.w.org\/{rel}","templated":true}]}}