{"id":697099,"date":"2025-08-27T14:38:11","date_gmt":"2025-08-27T11:38:11","guid":{"rendered":"https:\/\/roveyayinevi.com.tr\/index.php\/urun\/yasamak\/"},"modified":"2025-12-30T09:46:36","modified_gmt":"2025-12-30T06:46:36","slug":"yasamak","status":"publish","type":"product","link":"https:\/\/roveyayinevi.com.tr\/index.php\/urun\/yasamak\/","title":{"rendered":"Ya\u015famak"},"content":{"rendered":"<p>Yeni T\u00fcrk\u00e7e\u2019de ki hat\u0131ra t\u00fcr\u00fcn\u00fcn en yetkin \u00f6rneklerinden biri olan Ya\u015famak, toplumsal olarak bir \u0131\u015f\u0131\u011fa d\u00f6n\u00fc\u015ft\u00fcrmek istedi\u011fimiz ac\u0131ya, bireysel bir d\u00fcnyada ayd\u0131nl\u0131k sa\u011flamaktad\u0131r. \ufffc<\/p>\n","protected":false},"excerpt":{"rendered":"<p>Yeni T\u00fcrk\u00e7e\u2019de ki hat\u0131ra t\u00fcr\u00fcn\u00fcn en yetkin \u00f6rneklerinden biri olan Ya\u015famak, toplumsal olarak bir \u0131\u015f\u0131\u011fa d\u00f6n\u00fc\u015ft\u00fcrmek istedi\u011fimiz ac\u0131ya, bireysel bir d\u00fcnyada ayd\u0131nl\u0131k sa\u011flamaktad\u0131r. \ufffc<\/p>\n","protected":false},"featured_media":0,"template":"","meta":{"_monsterinsights_skip_tracking":false,"_monsterinsights_sitenote_active":false,"_monsterinsights_sitenote_note":"","_monsterinsights_sitenote_category":0},"product_brand":[],"product_cat":[12291,12509],"product_tag":[],"class_list":{"0":"post-697099","1":"product","2":"type-product","3":"status-publish","5":"product_cat-edebiyat","6":"product_cat-siir","7":"pa_cilt-ciltsiz","8":"pa_tur-kitap","9":"pa_yayinevi-beyan-yayinlari","10":"pa_yazar-cahit-zarifoglu","12":"first","13":"instock","14":"sale","15":"shipping-taxable","16":"purchasable","17":"product-type-simple"},"_links":{"self":[{"href":"https:\/\/roveyayinevi.com.tr\/index.php\/wp-json\/wp\/v2\/product\/697099","targetHints":{"allow":["GET"]}}],"collection":[{"href":"https:\/\/roveyayinevi.com.tr\/index.php\/wp-json\/wp\/v2\/product"}],"about":[{"href":"https:\/\/roveyayinevi.com.tr\/index.php\/wp-json\/wp\/v2\/types\/product"}],"wp:attachment":[{"href":"https:\/\/roveyayinevi.com.tr\/index.php\/wp-json\/wp\/v2\/media?parent=697099"}],"wp:term":[{"taxonomy":"product_brand","embeddable":true,"href":"https:\/\/roveyayinevi.com.tr\/index.php\/wp-json\/wp\/v2\/product_brand?post=697099"},{"taxonomy":"product_cat","embeddable":true,"href":"https:\/\/roveyayinevi.com.tr\/index.php\/wp-json\/wp\/v2\/product_cat?post=697099"},{"taxonomy":"product_tag","embeddable":true,"href":"https:\/\/roveyayinevi.com.tr\/index.php\/wp-json\/wp\/v2\/product_tag?post=697099"}],"curies":[{"name":"wp","href":"https:\/\/api.w.org\/{rel}","templated":true}]}}