{"id":697098,"date":"2025-08-27T14:38:10","date_gmt":"2025-08-27T11:38:10","guid":{"rendered":"https:\/\/roveyayinevi.com.tr\/index.php\/urun\/sutcu-imam-2\/"},"modified":"2026-04-16T02:06:51","modified_gmt":"2026-04-15T23:06:51","slug":"sutcu-imam-2","status":"publish","type":"product","link":"https:\/\/roveyayinevi.com.tr\/index.php\/urun\/sutcu-imam-2\/","title":{"rendered":"S\u00fct\u00e7\u00fc \u0130mam"},"content":{"rendered":"<p>Nas\u0131lsa kendini kaybetmeyen birinin sesini duymaya ba\u015fl\u0131yorum. Belki de insan de\u011fil. Belki de o \u015fehirde olup bitenleri, gelecek ku\u015faklar\u0131n iyi anlamalar\u0131 i\u00e7in, yava\u015f yava\u015f ve buland\u0131rmadan anlatan biri. Belki bir mant\u0131k, bir ak\u0131l. Ama hi\u00e7bir zaman tarih de\u011fil. Belki onunkine benzer bir dille, dinlememiz i\u00e7in pe\u015fine tak\u0131lm\u0131\u015f biri. Onunla istedi\u011fimiz an dar sokaklarda, meydanlarda, bulvarlarda kar\u015f\u0131la\u015fabiliriz. Bize Mara\u015f\u2019\u0131n ilkin \u0130ngilizler, daha sonra da Frans\u0131zlar taraf\u0131ndan i\u015fgal edildi\u011fini, \u015fehir halk\u0131n\u0131n nas\u0131l tecav\u00fcze u\u011frad\u0131\u011f\u0131n\u0131, bunlardan en \u00f6nemlisi olarak, ermeni devriyelerinin kad\u0131nlara nas\u0131l ve ni\u00e7in sata\u015ft\u0131\u011f\u0131n\u0131 ve S\u00fct\u00e7\u00fc \u0130mam\u2019\u0131n bunlar\u0131 nas\u0131l tabancas\u0131yla susturdu\u011funu anlatacakt\u0131r. <\/p>\n","protected":false},"excerpt":{"rendered":"<p>Nas\u0131lsa kendini kaybetmeyen birinin sesini duymaya ba\u015fl\u0131yorum. Belki de insan de\u011fil. Belki de o \u015fehirde olup bitenleri, gelecek ku\u015faklar\u0131n iyi anlamalar\u0131 i\u00e7in, yava\u015f yava\u015f ve buland\u0131rmadan<span class=\"excerpt-hellip\"> [\u2026]<\/span><\/p>\n","protected":false},"featured_media":0,"template":"","meta":{"_monsterinsights_skip_tracking":false,"_monsterinsights_sitenote_active":false,"_monsterinsights_sitenote_note":"","_monsterinsights_sitenote_category":0},"product_brand":[],"product_cat":[12364],"product_tag":[],"class_list":{"0":"post-697098","1":"product","2":"type-product","3":"status-publish","5":"product_cat-genel-konular","6":"pa_tur-kitap","7":"pa_yayinevi-beyan-yayinlari","8":"pa_yazar-cahit-zarifoglu","10":"first","11":"instock","12":"sale","13":"shipping-taxable","14":"purchasable","15":"product-type-simple"},"_links":{"self":[{"href":"https:\/\/roveyayinevi.com.tr\/index.php\/wp-json\/wp\/v2\/product\/697098","targetHints":{"allow":["GET"]}}],"collection":[{"href":"https:\/\/roveyayinevi.com.tr\/index.php\/wp-json\/wp\/v2\/product"}],"about":[{"href":"https:\/\/roveyayinevi.com.tr\/index.php\/wp-json\/wp\/v2\/types\/product"}],"wp:attachment":[{"href":"https:\/\/roveyayinevi.com.tr\/index.php\/wp-json\/wp\/v2\/media?parent=697098"}],"wp:term":[{"taxonomy":"product_brand","embeddable":true,"href":"https:\/\/roveyayinevi.com.tr\/index.php\/wp-json\/wp\/v2\/product_brand?post=697098"},{"taxonomy":"product_cat","embeddable":true,"href":"https:\/\/roveyayinevi.com.tr\/index.php\/wp-json\/wp\/v2\/product_cat?post=697098"},{"taxonomy":"product_tag","embeddable":true,"href":"https:\/\/roveyayinevi.com.tr\/index.php\/wp-json\/wp\/v2\/product_tag?post=697098"}],"curies":[{"name":"wp","href":"https:\/\/api.w.org\/{rel}","templated":true}]}}