{"id":697091,"date":"2025-08-27T14:38:09","date_gmt":"2025-08-27T11:38:09","guid":{"rendered":"https:\/\/roveyayinevi.com.tr\/index.php\/urun\/ingilizce-bilmeden-hepinizi-i-love-you\/"},"modified":"2026-04-16T02:06:51","modified_gmt":"2026-04-15T23:06:51","slug":"ingilizce-bilmeden-hepinizi-i-love-you","status":"publish","type":"product","link":"https:\/\/roveyayinevi.com.tr\/index.php\/urun\/ingilizce-bilmeden-hepinizi-i-love-you\/","title":{"rendered":"\u0130ngilizce Bilmeden Hepinizi I Love You"},"content":{"rendered":"<p>Garip bir yer Amerika. Sand\u0131\u011f\u0131mdan da kelek. Kuzeyi daha ba\u015fkad\u0131r mutlaka. Benim gitti\u011fim \u00e7ok \u00f6zg\u00fcn bir yer, ama Amerikal\u0131l\u0131k ayn\u0131. Amerikal\u0131l\u0131k diye bir \u015fey var. Bunun ulusla, dinle, \u0131rkla ilgisi yok. Dolarla ilgililer. Ortak dil, ye\u015fil dolar. Her \u015fey bir para getirmesi amac\u0131yla yap\u0131l\u0131yor, para getirmeyecek \u015fey yap\u0131lm\u0131yor. Niye yap\u0131ls\u0131n? Neye yarar\u0131 var? Ya\u015fam ticaretten ibaret. B\u00fct\u00fcn d\u00fcnya b\u00fcy\u00fck bir pazar, hatta art\u0131k onlara k\u00fc\u00e7\u00fck geliyor, onlar yeni pazarlar ar\u0131yorlar. Onlar bunu kendi adlar\u0131na oldu\u011fu kadar, torunlar\u0131 i\u00e7in, \u00e7ok kutsal olan aileleri i\u00e7in de yap\u0131yorlar; yani bir devlet ad\u0131na ko\u015fturuyorlar hepsi, onlar\u0131n ailelerinden olu\u015fan devlet Amerika Birle\u015fik Devletleri!   Bir g\u00fcn tiyatroyu b\u0131rakabilirim ama \u00f6l\u00fcnceye kadar yazaca\u011f\u0131m  diyen Ferhan \u015eensoy\u2019u okumak ruhsal terapidir. <\/p>\n","protected":false},"excerpt":{"rendered":"<p>Garip bir yer Amerika. Sand\u0131\u011f\u0131mdan da kelek. Kuzeyi daha ba\u015fkad\u0131r mutlaka. Benim gitti\u011fim \u00e7ok \u00f6zg\u00fcn bir yer, ama Amerikal\u0131l\u0131k ayn\u0131. Amerikal\u0131l\u0131k diye bir \u015fey var. Bunun<span class=\"excerpt-hellip\"> [\u2026]<\/span><\/p>\n","protected":false},"featured_media":0,"template":"","meta":{"_monsterinsights_skip_tracking":false,"_monsterinsights_sitenote_active":false,"_monsterinsights_sitenote_note":"","_monsterinsights_sitenote_category":0},"product_brand":[],"product_cat":[12477,12364],"product_tag":[],"class_list":{"0":"post-697091","1":"product","2":"type-product","3":"status-publish","5":"product_cat-eglence-mizah","6":"product_cat-genel-konular","7":"pa_cilt-ciltsiz","8":"pa_tur-kitap","9":"pa_yayinevi-bilgi-yayinevi","10":"pa_yazar-ferhan-sensoy","12":"first","13":"instock","14":"sale","15":"shipping-taxable","16":"purchasable","17":"product-type-simple"},"_links":{"self":[{"href":"https:\/\/roveyayinevi.com.tr\/index.php\/wp-json\/wp\/v2\/product\/697091","targetHints":{"allow":["GET"]}}],"collection":[{"href":"https:\/\/roveyayinevi.com.tr\/index.php\/wp-json\/wp\/v2\/product"}],"about":[{"href":"https:\/\/roveyayinevi.com.tr\/index.php\/wp-json\/wp\/v2\/types\/product"}],"wp:attachment":[{"href":"https:\/\/roveyayinevi.com.tr\/index.php\/wp-json\/wp\/v2\/media?parent=697091"}],"wp:term":[{"taxonomy":"product_brand","embeddable":true,"href":"https:\/\/roveyayinevi.com.tr\/index.php\/wp-json\/wp\/v2\/product_brand?post=697091"},{"taxonomy":"product_cat","embeddable":true,"href":"https:\/\/roveyayinevi.com.tr\/index.php\/wp-json\/wp\/v2\/product_cat?post=697091"},{"taxonomy":"product_tag","embeddable":true,"href":"https:\/\/roveyayinevi.com.tr\/index.php\/wp-json\/wp\/v2\/product_tag?post=697091"}],"curies":[{"name":"wp","href":"https:\/\/api.w.org\/{rel}","templated":true}]}}