{"id":697079,"date":"2025-08-27T14:38:05","date_gmt":"2025-08-27T11:38:05","guid":{"rendered":"https:\/\/roveyayinevi.com.tr\/index.php\/urun\/zavalli-cocuk-2\/"},"modified":"2026-04-16T02:06:51","modified_gmt":"2026-04-15T23:06:51","slug":"zavalli-cocuk-2","status":"publish","type":"product","link":"https:\/\/roveyayinevi.com.tr\/index.php\/urun\/zavalli-cocuk-2\/","title":{"rendered":"Zavall\u0131 \u00c7ocuk"},"content":{"rendered":"<p>At\u00e2 amcas\u0131n\u0131n yan\u0131na s\u0131\u011f\u0131nm\u0131\u015f t\u0131p tahsili yapan bir gen\u00e7tir. Amcas\u0131 Halil Bey\u2019in k\u0131z\u0131 \u015eefika\u2019y\u0131 sevmektedir. \u015eefika da At\u00e2\u2019ya kar\u015f\u0131 muhabbet beslemektedir. At\u00e2\u2019y\u0131 seven \u015eefika istemedi\u011fi pa\u015fayla evlenmek zorunda kal\u0131nca vereme yakalan\u0131r. \u015eefika\u2019y\u0131 hasta yata\u011f\u0131nda bulan At\u00e2 bu duruma dayanamaz ve zehir i\u00e7erek intihar eder. Nam\u0131k Kemal Zavall\u0131 \u00c7ocuk\u2019ta ailesinin b\u00fct\u00fcn y\u00fck\u00fcn\u00fc omuzlar\u0131nda hisseden bir gen\u00e7 k\u0131z\u0131n dram\u0131n\u0131 etkili bir \u015fekilde ortaya koyuyor. \ufffcTan\u0131t\u0131m Metni<\/p>\n","protected":false},"excerpt":{"rendered":"<p>At\u00e2 amcas\u0131n\u0131n yan\u0131na s\u0131\u011f\u0131nm\u0131\u015f t\u0131p tahsili yapan bir gen\u00e7tir. Amcas\u0131 Halil Bey\u2019in k\u0131z\u0131 \u015eefika\u2019y\u0131 sevmektedir. \u015eefika da At\u00e2\u2019ya kar\u015f\u0131 muhabbet beslemektedir. At\u00e2\u2019y\u0131 seven \u015eefika istemedi\u011fi pa\u015fayla<span class=\"excerpt-hellip\"> [\u2026]<\/span><\/p>\n","protected":false},"featured_media":0,"template":"","meta":{"_monsterinsights_skip_tracking":false,"_monsterinsights_sitenote_active":false,"_monsterinsights_sitenote_note":"","_monsterinsights_sitenote_category":0},"product_brand":[],"product_cat":[12291,12332],"product_tag":[],"class_list":{"0":"post-697079","1":"product","2":"type-product","3":"status-publish","5":"product_cat-edebiyat","6":"product_cat-senaryo","7":"pa_cilt-ciltsiz","8":"pa_tur-kitap","9":"pa_yayinevi-bilge-kultur-sanat","10":"pa_yazar-namik-kemal","12":"first","13":"instock","14":"sale","15":"shipping-taxable","16":"purchasable","17":"product-type-simple"},"_links":{"self":[{"href":"https:\/\/roveyayinevi.com.tr\/index.php\/wp-json\/wp\/v2\/product\/697079","targetHints":{"allow":["GET"]}}],"collection":[{"href":"https:\/\/roveyayinevi.com.tr\/index.php\/wp-json\/wp\/v2\/product"}],"about":[{"href":"https:\/\/roveyayinevi.com.tr\/index.php\/wp-json\/wp\/v2\/types\/product"}],"wp:attachment":[{"href":"https:\/\/roveyayinevi.com.tr\/index.php\/wp-json\/wp\/v2\/media?parent=697079"}],"wp:term":[{"taxonomy":"product_brand","embeddable":true,"href":"https:\/\/roveyayinevi.com.tr\/index.php\/wp-json\/wp\/v2\/product_brand?post=697079"},{"taxonomy":"product_cat","embeddable":true,"href":"https:\/\/roveyayinevi.com.tr\/index.php\/wp-json\/wp\/v2\/product_cat?post=697079"},{"taxonomy":"product_tag","embeddable":true,"href":"https:\/\/roveyayinevi.com.tr\/index.php\/wp-json\/wp\/v2\/product_tag?post=697079"}],"curies":[{"name":"wp","href":"https:\/\/api.w.org\/{rel}","templated":true}]}}