{"id":697071,"date":"2025-08-27T14:38:03","date_gmt":"2025-08-27T11:38:03","guid":{"rendered":"https:\/\/roveyayinevi.com.tr\/index.php\/urun\/visne-bahcesi-2\/"},"modified":"2026-04-16T02:06:51","modified_gmt":"2026-04-15T23:06:51","slug":"visne-bahcesi-2","status":"publish","type":"product","link":"https:\/\/roveyayinevi.com.tr\/index.php\/urun\/visne-bahcesi-2\/","title":{"rendered":"Vi\u015fne Bah\u00e7esi"},"content":{"rendered":"<p>Madam Ranevskaya yurdundan ayr\u0131 ge\u00e7irdi\u011fi be\u015f senenin ard\u0131ndan k\u0131z\u0131yla birlikte evine, \u00fclkesine geri d\u00f6ner. Ama bu geri d\u00f6n\u00fc\u015f savurganl\u0131klar\u0131yla servetlerini son kuru\u015funa dek t\u00fcketen, bor\u00e7land\u0131k\u00e7a bor\u00e7lanan ailenin sonunun ba\u015flang\u0131c\u0131d\u0131r. \u00c7al\u0131\u015fanlar\u0131n\u0131n paralar\u0131n\u0131 bile \u00f6deyemezken sazl\u0131 s\u00f6zl\u00fc e\u011flencelerden geri kalmazlar; bor\u00e7land\u0131k\u00e7a harcarlar, harcad\u0131k\u00e7a bor\u00e7lan\u0131rlar. Bir tek vi\u015fne bah\u00e7esi kal\u0131r ellerinde ama onu bile koruyamazlar&#8230; <\/p>\n","protected":false},"excerpt":{"rendered":"<p>Madam Ranevskaya yurdundan ayr\u0131 ge\u00e7irdi\u011fi be\u015f senenin ard\u0131ndan k\u0131z\u0131yla birlikte evine, \u00fclkesine geri d\u00f6ner. Ama bu geri d\u00f6n\u00fc\u015f savurganl\u0131klar\u0131yla servetlerini son kuru\u015funa dek t\u00fcketen, bor\u00e7land\u0131k\u00e7a bor\u00e7lanan<span class=\"excerpt-hellip\"> [\u2026]<\/span><\/p>\n","protected":false},"featured_media":0,"template":"","meta":{"_monsterinsights_skip_tracking":false,"_monsterinsights_sitenote_active":false,"_monsterinsights_sitenote_note":"","_monsterinsights_sitenote_category":0},"product_brand":[],"product_cat":[12291,12332],"product_tag":[],"class_list":{"0":"post-697071","1":"product","2":"type-product","3":"status-publish","5":"product_cat-edebiyat","6":"product_cat-senaryo","7":"pa_tur-kitap","8":"pa_yayinevi-bilge-kultur-sanat","9":"pa_yazar-anton-pavlovic-cehov","11":"first","12":"instock","13":"sale","14":"shipping-taxable","15":"purchasable","16":"product-type-simple"},"_links":{"self":[{"href":"https:\/\/roveyayinevi.com.tr\/index.php\/wp-json\/wp\/v2\/product\/697071","targetHints":{"allow":["GET"]}}],"collection":[{"href":"https:\/\/roveyayinevi.com.tr\/index.php\/wp-json\/wp\/v2\/product"}],"about":[{"href":"https:\/\/roveyayinevi.com.tr\/index.php\/wp-json\/wp\/v2\/types\/product"}],"wp:attachment":[{"href":"https:\/\/roveyayinevi.com.tr\/index.php\/wp-json\/wp\/v2\/media?parent=697071"}],"wp:term":[{"taxonomy":"product_brand","embeddable":true,"href":"https:\/\/roveyayinevi.com.tr\/index.php\/wp-json\/wp\/v2\/product_brand?post=697071"},{"taxonomy":"product_cat","embeddable":true,"href":"https:\/\/roveyayinevi.com.tr\/index.php\/wp-json\/wp\/v2\/product_cat?post=697071"},{"taxonomy":"product_tag","embeddable":true,"href":"https:\/\/roveyayinevi.com.tr\/index.php\/wp-json\/wp\/v2\/product_tag?post=697071"}],"curies":[{"name":"wp","href":"https:\/\/api.w.org\/{rel}","templated":true}]}}