{"id":697070,"date":"2025-08-27T14:38:03","date_gmt":"2025-08-27T11:38:03","guid":{"rendered":"https:\/\/roveyayinevi.com.tr\/index.php\/urun\/ucmanin-hikayesi\/"},"modified":"2026-04-16T02:06:51","modified_gmt":"2026-04-15T23:06:51","slug":"ucmanin-hikayesi","status":"publish","type":"product","link":"https:\/\/roveyayinevi.com.tr\/index.php\/urun\/ucmanin-hikayesi\/","title":{"rendered":"U\u00e7man\u0131n Hikayesi"},"content":{"rendered":"<p>Leonardo da Vinci\u2019nin ta 1487\u2019de u\u00e7an bir makine tasarlad\u0131\u011f\u0131n\u0131 biliyor muydunuz? Peki ya d\u00fcnyan\u0131n en b\u00fcy\u00fck zeplini olan Graft Zeppelin\u2019in d\u00fcnyay\u0131 sadece \u00fc\u00e7 haftada dola\u015ft\u0131\u011f\u0131n\u0131? Bunun gibi daha pek \u00e7ok \u015fa\u015f\u0131rt\u0131c\u0131 bilgiyle dolu bu kitapla kanatl\u0131 bisikletlerden, plan\u00f6rlere; zeplinlerden, helikopterlere birbirinden ilgin\u00e7 onlarca ara\u00e7la bulutlar\u0131n \u00fcst\u00fcne \u00e7\u0131kmaya haz\u0131r. <\/p>\n","protected":false},"excerpt":{"rendered":"<p>Leonardo da Vinci\u2019nin ta 1487\u2019de u\u00e7an bir makine tasarlad\u0131\u011f\u0131n\u0131 biliyor muydunuz? Peki ya d\u00fcnyan\u0131n en b\u00fcy\u00fck zeplini olan Graft Zeppelin\u2019in d\u00fcnyay\u0131 sadece \u00fc\u00e7 haftada dola\u015ft\u0131\u011f\u0131n\u0131? Bunun<span class=\"excerpt-hellip\"> [\u2026]<\/span><\/p>\n","protected":false},"featured_media":0,"template":"","meta":{"_monsterinsights_skip_tracking":false,"_monsterinsights_sitenote_active":false,"_monsterinsights_sitenote_note":"","_monsterinsights_sitenote_category":0},"product_brand":[],"product_cat":[12312,12304],"product_tag":[],"class_list":{"0":"post-697070","1":"product","2":"type-product","3":"status-publish","5":"product_cat-diger","6":"product_cat-tarih","7":"pa_tur-kitap","8":"pa_yayinevi-bilge-kultur-sanat","9":"pa_yazar-lesley-sims","11":"first","12":"instock","13":"sale","14":"shipping-taxable","15":"purchasable","16":"product-type-simple"},"_links":{"self":[{"href":"https:\/\/roveyayinevi.com.tr\/index.php\/wp-json\/wp\/v2\/product\/697070","targetHints":{"allow":["GET"]}}],"collection":[{"href":"https:\/\/roveyayinevi.com.tr\/index.php\/wp-json\/wp\/v2\/product"}],"about":[{"href":"https:\/\/roveyayinevi.com.tr\/index.php\/wp-json\/wp\/v2\/types\/product"}],"wp:attachment":[{"href":"https:\/\/roveyayinevi.com.tr\/index.php\/wp-json\/wp\/v2\/media?parent=697070"}],"wp:term":[{"taxonomy":"product_brand","embeddable":true,"href":"https:\/\/roveyayinevi.com.tr\/index.php\/wp-json\/wp\/v2\/product_brand?post=697070"},{"taxonomy":"product_cat","embeddable":true,"href":"https:\/\/roveyayinevi.com.tr\/index.php\/wp-json\/wp\/v2\/product_cat?post=697070"},{"taxonomy":"product_tag","embeddable":true,"href":"https:\/\/roveyayinevi.com.tr\/index.php\/wp-json\/wp\/v2\/product_tag?post=697070"}],"curies":[{"name":"wp","href":"https:\/\/api.w.org\/{rel}","templated":true}]}}