{"id":697066,"date":"2025-08-27T14:38:02","date_gmt":"2025-08-27T11:38:02","guid":{"rendered":"https:\/\/roveyayinevi.com.tr\/index.php\/urun\/yalmavuz-celmoguz\/"},"modified":"2026-04-16T02:06:51","modified_gmt":"2026-04-15T23:06:51","slug":"yalmavuz-celmoguz","status":"publish","type":"product","link":"https:\/\/roveyayinevi.com.tr\/index.php\/urun\/yalmavuz-celmoguz\/","title":{"rendered":"Yalmavuz Celmo\u011fuz"},"content":{"rendered":"<p>T\u00fcrk efsane ve masallar\u0131nda de\u011fi\u015fik bi\u00e7imlerde kar\u015f\u0131la\u015ft\u0131\u011f\u0131m\u0131z \u00e7ok say\u0131da dev tipi vard\u0131r. Dev, albast\u0131, tepeg\u00f6z, ejderha, y\u0131lan, cad\u0131, kocakar\u0131 gibi \u00e7e\u015fitli adlarla tesmiye olunan bu devlerin b\u00fcy\u00fck bir k\u0131sm\u0131 sadece Anadolu sahas\u0131nda de\u011fil, T\u00fcrk d\u00fcnyas\u0131nda da g\u00f6r\u00fclmektedir. Ancak, T\u00fcrk d\u00fcnyas\u0131nda \u00e7ok yayg\u0131n olup da, Anadolu sahas\u0131nda g\u00f6r\u00fclmeyen bir dev tipi bulunmaktad\u0131r ki, o da yalmavuzdur. <\/p>\n","protected":false},"excerpt":{"rendered":"<p>T\u00fcrk efsane ve masallar\u0131nda de\u011fi\u015fik bi\u00e7imlerde kar\u015f\u0131la\u015ft\u0131\u011f\u0131m\u0131z \u00e7ok say\u0131da dev tipi vard\u0131r. Dev, albast\u0131, tepeg\u00f6z, ejderha, y\u0131lan, cad\u0131, kocakar\u0131 gibi \u00e7e\u015fitli adlarla tesmiye olunan bu devlerin<span class=\"excerpt-hellip\"> [\u2026]<\/span><\/p>\n","protected":false},"featured_media":0,"template":"","meta":{"_monsterinsights_skip_tracking":false,"_monsterinsights_sitenote_active":false,"_monsterinsights_sitenote_note":"","_monsterinsights_sitenote_category":0},"product_brand":[],"product_cat":[12777,12291],"product_tag":[],"class_list":{"0":"post-697066","1":"product","2":"type-product","3":"status-publish","5":"product_cat-deneme","6":"product_cat-edebiyat","7":"pa_tur-kitap","8":"pa_yayinevi-bilge-kultur-sanat","9":"pa_yazar-alimcan-inayet","11":"first","12":"instock","13":"sale","14":"shipping-taxable","15":"purchasable","16":"product-type-simple"},"_links":{"self":[{"href":"https:\/\/roveyayinevi.com.tr\/index.php\/wp-json\/wp\/v2\/product\/697066","targetHints":{"allow":["GET"]}}],"collection":[{"href":"https:\/\/roveyayinevi.com.tr\/index.php\/wp-json\/wp\/v2\/product"}],"about":[{"href":"https:\/\/roveyayinevi.com.tr\/index.php\/wp-json\/wp\/v2\/types\/product"}],"wp:attachment":[{"href":"https:\/\/roveyayinevi.com.tr\/index.php\/wp-json\/wp\/v2\/media?parent=697066"}],"wp:term":[{"taxonomy":"product_brand","embeddable":true,"href":"https:\/\/roveyayinevi.com.tr\/index.php\/wp-json\/wp\/v2\/product_brand?post=697066"},{"taxonomy":"product_cat","embeddable":true,"href":"https:\/\/roveyayinevi.com.tr\/index.php\/wp-json\/wp\/v2\/product_cat?post=697066"},{"taxonomy":"product_tag","embeddable":true,"href":"https:\/\/roveyayinevi.com.tr\/index.php\/wp-json\/wp\/v2\/product_tag?post=697066"}],"curies":[{"name":"wp","href":"https:\/\/api.w.org\/{rel}","templated":true}]}}