{"id":697063,"date":"2025-08-27T14:38:01","date_gmt":"2025-08-27T11:38:01","guid":{"rendered":"https:\/\/roveyayinevi.com.tr\/index.php\/urun\/turkce-deyimlerden-secmeler\/"},"modified":"2026-04-16T02:06:51","modified_gmt":"2026-04-15T23:06:51","slug":"turkce-deyimlerden-secmeler","status":"publish","type":"product","link":"https:\/\/roveyayinevi.com.tr\/index.php\/urun\/turkce-deyimlerden-secmeler\/","title":{"rendered":"T\u00fcrk\u00e7e Deyimlerden Se\u00e7meler"},"content":{"rendered":"<p>Deyimler dil a\u011fac\u0131n\u0131n en g\u00fczel \u00e7i\u00e7ekleridir. Genellikle mecazlarla y\u00fckl\u00fc oldu\u011fu i\u00e7in s\u00f6ylemek istediklerimizi, hatta a\u00e7\u0131k\u00e7a s\u00f6yleyemediklerimizi k\u0131sa ve \u00f6zl\u00fc bi\u00e7imde anlat\u0131verir. \u00c7o\u011fu deyimin ard\u0131nda bir \u00f6yk\u00fc, bir efsane gizlidir. Dil, deyimlerinin zenginli\u011fi ile g\u00fc\u00e7lenir ve renklenir. \u0130fademizi zenginle\u015ftirmek ve derinle\u015ftirmek, deyimlere ve anlamlar\u0131na hakim olmak ve onlar\u0131 s\u0131k\u00e7a kullanmakla olur. Unutulmamal\u0131d\u0131r ki, dilimiz k\u00fclt\u00fcr\u00fcm\u00fcz\u00fc zenginle\u015ftirir. Zengin ve k\u00f6kl\u00fc k\u00fclt\u00fcr\u00fc olan, buna sahip \u00e7\u0131kmay\u0131 bilen nesiller gelece\u011fe daha g\u00fcvenle bakar. <\/p>\n","protected":false},"excerpt":{"rendered":"<p>Deyimler dil a\u011fac\u0131n\u0131n en g\u00fczel \u00e7i\u00e7ekleridir. Genellikle mecazlarla y\u00fckl\u00fc oldu\u011fu i\u00e7in s\u00f6ylemek istediklerimizi, hatta a\u00e7\u0131k\u00e7a s\u00f6yleyemediklerimizi k\u0131sa ve \u00f6zl\u00fc bi\u00e7imde anlat\u0131verir. \u00c7o\u011fu deyimin ard\u0131nda bir \u00f6yk\u00fc,<span class=\"excerpt-hellip\"> [\u2026]<\/span><\/p>\n","protected":false},"featured_media":0,"template":"","meta":{"_monsterinsights_skip_tracking":false,"_monsterinsights_sitenote_active":false,"_monsterinsights_sitenote_note":"","_monsterinsights_sitenote_category":0},"product_brand":[],"product_cat":[12365,12364],"product_tag":[],"class_list":{"0":"post-697063","1":"product","2":"type-product","3":"status-publish","5":"product_cat-diger-genel-konular","6":"product_cat-genel-konular","7":"pa_tur-kitap","8":"pa_yayinevi-bilge-kultur-sanat","9":"pa_yazar-senay-akpinar","11":"first","12":"instock","13":"sale","14":"shipping-taxable","15":"purchasable","16":"product-type-simple"},"_links":{"self":[{"href":"https:\/\/roveyayinevi.com.tr\/index.php\/wp-json\/wp\/v2\/product\/697063","targetHints":{"allow":["GET"]}}],"collection":[{"href":"https:\/\/roveyayinevi.com.tr\/index.php\/wp-json\/wp\/v2\/product"}],"about":[{"href":"https:\/\/roveyayinevi.com.tr\/index.php\/wp-json\/wp\/v2\/types\/product"}],"wp:attachment":[{"href":"https:\/\/roveyayinevi.com.tr\/index.php\/wp-json\/wp\/v2\/media?parent=697063"}],"wp:term":[{"taxonomy":"product_brand","embeddable":true,"href":"https:\/\/roveyayinevi.com.tr\/index.php\/wp-json\/wp\/v2\/product_brand?post=697063"},{"taxonomy":"product_cat","embeddable":true,"href":"https:\/\/roveyayinevi.com.tr\/index.php\/wp-json\/wp\/v2\/product_cat?post=697063"},{"taxonomy":"product_tag","embeddable":true,"href":"https:\/\/roveyayinevi.com.tr\/index.php\/wp-json\/wp\/v2\/product_tag?post=697063"}],"curies":[{"name":"wp","href":"https:\/\/api.w.org\/{rel}","templated":true}]}}