{"id":697062,"date":"2025-08-27T14:38:01","date_gmt":"2025-08-27T11:38:01","guid":{"rendered":"https:\/\/roveyayinevi.com.tr\/index.php\/urun\/turk-edebiyatinda-postmodernist-surec-ve-latife-tekin\/"},"modified":"2026-04-16T02:06:51","modified_gmt":"2026-04-15T23:06:51","slug":"turk-edebiyatinda-postmodernist-surec-ve-latife-tekin","status":"publish","type":"product","link":"https:\/\/roveyayinevi.com.tr\/index.php\/urun\/turk-edebiyatinda-postmodernist-surec-ve-latife-tekin\/","title":{"rendered":"T\u00fcrk Edebiyat\u0131nda Postmodernist S\u00fcre\u00e7 ve Latife Tekin"},"content":{"rendered":"<p>Kim, roman\u0131 nas\u0131l tan\u0131mlarsa tan\u0131mlas\u0131n, sonu\u00e7ta ben ne anlat\u0131rsam anlatay\u0131m, s\u00f6zc\u00fcklerim sussun, yazd\u0131\u011f\u0131m kitap sessizli\u011fe kat\u0131ls\u0131n isterim, iyi roman, iyi \u015fiir, iyi resim insan kalabal\u0131\u011f\u0131n\u0131n elinden kurtar\u0131lm\u0131\u015f, evrenin sonsuzlu\u011funa eklenebilecek; da\u011flar\u0131n, ku\u015flar\u0131n, masum insanlar\u0131n d\u00fcnyas\u0131na kat\u0131labilecek bir \u015feydir, \u00f6yle olmal\u0131d\u0131r. (&#8230;) Romanlar\u0131 insanlar yaz\u0131yor ve insanlar okuyor diye, yarat\u0131lm\u0131\u015f olan o bi\u00e7imin insan d\u00fcnyas\u0131na ait oldu\u011funu d\u00fc\u015f\u00fcn\u00fcyoruz do\u011fal olarak, ama en g\u00fczel bi\u00e7imde sonu\u00e7lanm\u0131\u015f bir sanat eseri, insanlar\u0131n kendilerinden kurtar\u0131p do\u011faya ekledikleri bir \u015feydir.   -Latife Tekin- <\/p>\n","protected":false},"excerpt":{"rendered":"<p>Kim, roman\u0131 nas\u0131l tan\u0131mlarsa tan\u0131mlas\u0131n, sonu\u00e7ta ben ne anlat\u0131rsam anlatay\u0131m, s\u00f6zc\u00fcklerim sussun, yazd\u0131\u011f\u0131m kitap sessizli\u011fe kat\u0131ls\u0131n isterim, iyi roman, iyi \u015fiir, iyi resim insan kalabal\u0131\u011f\u0131n\u0131n elinden<span class=\"excerpt-hellip\"> [\u2026]<\/span><\/p>\n","protected":false},"featured_media":0,"template":"","meta":{"_monsterinsights_skip_tracking":false,"_monsterinsights_sitenote_active":false,"_monsterinsights_sitenote_note":"","_monsterinsights_sitenote_category":0},"product_brand":[],"product_cat":[12777,12291],"product_tag":[],"class_list":{"0":"post-697062","1":"product","2":"type-product","3":"status-publish","5":"product_cat-deneme","6":"product_cat-edebiyat","7":"pa_tur-kitap","8":"pa_yayinevi-bilge-kultur-sanat","9":"pa_yazar-serefnur-atik","11":"first","12":"instock","13":"sale","14":"shipping-taxable","15":"purchasable","16":"product-type-simple"},"_links":{"self":[{"href":"https:\/\/roveyayinevi.com.tr\/index.php\/wp-json\/wp\/v2\/product\/697062","targetHints":{"allow":["GET"]}}],"collection":[{"href":"https:\/\/roveyayinevi.com.tr\/index.php\/wp-json\/wp\/v2\/product"}],"about":[{"href":"https:\/\/roveyayinevi.com.tr\/index.php\/wp-json\/wp\/v2\/types\/product"}],"wp:attachment":[{"href":"https:\/\/roveyayinevi.com.tr\/index.php\/wp-json\/wp\/v2\/media?parent=697062"}],"wp:term":[{"taxonomy":"product_brand","embeddable":true,"href":"https:\/\/roveyayinevi.com.tr\/index.php\/wp-json\/wp\/v2\/product_brand?post=697062"},{"taxonomy":"product_cat","embeddable":true,"href":"https:\/\/roveyayinevi.com.tr\/index.php\/wp-json\/wp\/v2\/product_cat?post=697062"},{"taxonomy":"product_tag","embeddable":true,"href":"https:\/\/roveyayinevi.com.tr\/index.php\/wp-json\/wp\/v2\/product_tag?post=697062"}],"curies":[{"name":"wp","href":"https:\/\/api.w.org\/{rel}","templated":true}]}}